{"id":27795,"date":"2022-05-12T19:29:21","date_gmt":"2022-05-12T17:29:21","guid":{"rendered":"https:\/\/www.brickcontrol.com\/einloggen\/"},"modified":"2025-01-21T13:35:02","modified_gmt":"2025-01-21T12:35:02","slug":"anmeldung","status":"publish","type":"page","link":"https:\/\/www.brickcontrol.com\/de\/anmeldung\/","title":{"rendered":"Einloggen. Anmeldung in Ihrem Benutzerkonto"},"content":{"rendered":"<div class=\"gb-container gb-container-17f29096 gb-container-contenedor-mediano\"><div class=\"gb-inside-container\">\n\n<h1 class=\"wp-block-heading has-text-align-center\">Einloggen<\/h1>\n\n\n\n<p class=\"gb-headline gb-headline-3ecbc4b7 gb-headline-text\">W\u00e4hlen Sie die Schnittstelle<\/p>\n\n\n<div class=\"gb-grid-wrapper gb-grid-wrapper-98d651d2\">\n<div class=\"gb-grid-column gb-grid-column-6e774562\"><div class=\"gb-container gb-container-6e774562\"><div class=\"gb-inside-container\">\n\n<h2 class=\"gb-headline gb-headline-20f21341 gb-headline-text\"><strong>F\u00dcR WINDOWS\/MAC<\/strong><\/h2>\n\n\n<div class=\"wp-block-image\">\n<figure class=\"aligncenter size-full\"><a href=\"https:\/\/www.brickcontrol.com\/download\/SetupBrickControl.exe\"><img loading=\"lazy\" decoding=\"async\" width=\"550\" height=\"320\" src=\"https:\/\/www.brickcontrol.com\/wp-content\/uploads\/2022\/08\/brickcontrol-interfaz-actual.png\" alt=\"Aktuelle Schnittstelle\" class=\"wp-image-24014\" srcset=\"https:\/\/www.brickcontrol.com\/wp-content\/uploads\/2022\/08\/brickcontrol-interfaz-actual.png 550w, https:\/\/www.brickcontrol.com\/wp-content\/uploads\/2022\/08\/brickcontrol-interfaz-actual-300x175.png 300w\" sizes=\"auto, (max-width: 550px) 100vw, 550px\" \/><\/a><\/figure><\/div>\n\n<div class=\"gb-button-wrapper gb-button-wrapper-8f3b6b22\">\n\n<a class=\"gb-button gb-button-59b3a54b gb-button-boton-principal\" href=\"https:\/\/www.brickcontrol.com\/download\/SetupBrickControl.exe\" aria-label=\"Bot\u00f3n descargar Windows\"><span class=\"gb-icon\"><svg xmlns=\"http:\/\/www.w3.org\/2000\/svg\" xml:space=\"preserve\" viewbox=\"0 0 305 305\" version=\"1.1\"> \t<path d=\"m140 25.775v116.72c0 1.381 1.119 2.5 2.5 2.5h159.96c1.381 0 2.5-1.119 2.5-2.5v-140c0-0.726-0.315-1.416-0.864-1.891-0.548-0.475-1.275-0.687-1.996-0.583l-159.96 23.275c-1.229 0.179-2.14 1.233-2.14 2.474z\"><\/path> \t<path d=\"m122.5 279.95c0.601 0 1.186-0.216 1.644-0.616 0.544-0.475 0.856-1.162 0.856-1.884v-114.95c0-1.381-1.119-2.5-2.5-2.5h-119.91c-0.663 0-1.299 0.263-1.768 0.732s-0.732 1.105-0.732 1.768l6e-3 98.515c0 1.25 0.923 2.307 2.16 2.477l119.9 16.434c0.113 0.014 0.227 0.022 0.34 0.022z\"><\/path> \t<path d=\"m2.609 145h119.89c1.381 0 2.5-1.119 2.5-2.5v-113.82c0-0.722-0.312-1.408-0.855-1.883s-1.261-0.693-1.981-0.594l-120 16.296c-1.241 0.169-2.165 1.228-2.164 2.48l0.109 97.521c2e-3 1.38 1.121 2.498 2.5 2.498z\"><\/path> \t<path d=\"m302.46 305c0.599 0 1.182-0.215 1.64-0.613 0.546-0.475 0.86-1.163 0.86-1.887l0.04-140c0-0.663-0.263-1.299-0.732-1.768s-1.105-0.732-1.768-0.732h-160c-1.381 0-2.5 1.119-2.5 2.5v117.5c0 1.246 0.918 2.302 2.151 2.476l159.96 22.504c0.117 0.016 0.233 0.024 0.349 0.024z\"><\/path> <\/svg><\/span><span class=\"gb-button-text\">APP herunterladen<\/span><\/a>\n\n\n\n<a class=\"gb-button gb-button-ecf68add gb-button-boton-secundario\" href=\"https:\/\/www.brickcontrol.com\/es\/blog\/configurar-acceso-a-brickcontrol-desde-mac-catalina\/\" aria-label=\"Bot\u00f3n APP MAC\"><span class=\"gb-icon\"><svg xmlns=\"http:\/\/www.w3.org\/2000\/svg\" xml:space=\"preserve\" viewbox=\"0 0 22.773 22.773\" version=\"1.1\"> \t\t<path d=\"m15.769 0h0.162c0.13 1.606-0.483 2.806-1.228 3.675-0.731 0.863-1.732 1.7-3.351 1.573-0.108-1.583 0.506-2.694 1.25-3.561 0.69-0.808 1.955-1.527 3.167-1.687z\"><\/path> \t\t<path d=\"m20.67 16.716v0.045c-0.455 1.378-1.104 2.559-1.896 3.655-0.723 0.995-1.609 2.334-3.191 2.334-1.367 0-2.275-0.879-3.676-0.903-1.482-0.024-2.297 0.735-3.652 0.926h-0.462c-0.995-0.144-1.798-0.932-2.383-1.642-1.725-2.098-3.058-4.808-3.306-8.276v-1.019c0.105-2.482 1.311-4.5 2.914-5.478 0.846-0.52 2.009-0.963 3.304-0.765 0.555 0.086 1.122 0.276 1.619 0.464 0.471 0.181 1.06 0.502 1.618 0.485 0.378-0.011 0.754-0.208 1.135-0.347 1.116-0.403 2.21-0.865 3.652-0.648 1.733 0.262 2.963 1.032 3.723 2.22-1.466 0.933-2.625 2.339-2.427 4.74 0.176 2.181 1.444 3.457 3.028 4.209z\"><\/path> <\/svg><\/span><span class=\"gb-button-text\">Anwendung Mac<\/span><\/a>\n\n<\/div>\n\n<div class=\"gb-container gb-container-2e031628\"><div class=\"gb-inside-container\">\n\n<h2 class=\"gb-headline gb-headline-7e74bc7a gb-headline-text\">Aktuelle Oberfl\u00e4che (f\u00fcr Windows\/Mac)<\/h2>\n\n\n\n<p class=\"gb-headline gb-headline-db23e09c gb-headline-text\">Alle Bildschirme sind auf der aktuellen Oberfl\u00e4che verf\u00fcgbar.<\/p>\n\n\n\n<h3 class=\"gb-headline gb-headline-ad376af6 gb-headline-text\">Kein Bedarf an Browsern<\/h3>\n\n\n\n<p class=\"gb-headline gb-headline-55d587a9 gb-headline-text\">Installieren Sie die App und greifen Sie auf Ihre Daten in der Cloud zu<\/p>\n\n\n\n<h3 class=\"gb-headline gb-headline-ee75952e gb-headline-text\">Kompatible Ger\u00e4te<\/h3>\n\n\n\n<p class=\"gb-headline gb-headline-8e93ec94 gb-headline-text\">Windows und Mac<\/p>\n\n<\/div><\/div>\n<\/div><\/div><\/div>\n\n<div class=\"gb-grid-column gb-grid-column-fb6eedef\"><div class=\"gb-container gb-container-fb6eedef\"><div class=\"gb-inside-container\">\n\n<h2 class=\"gb-headline gb-headline-2cf75f0e gb-headline-text\"><strong>F\u00dcR MOBILGER\u00c4TE UND TABLETS<\/strong><\/h2>\n\n\n<div class=\"wp-block-image\">\n<figure class=\"aligncenter size-full\"><a href=\"https:\/\/app.brickcontrol.com\/\"><img loading=\"lazy\" decoding=\"async\" width=\"550\" height=\"320\" src=\"https:\/\/www.brickcontrol.com\/wp-content\/uploads\/2022\/08\/brickcontrol-interfaz-nueva.png\" alt=\"Neue Schnittstelle\" class=\"wp-image-24020\" srcset=\"https:\/\/www.brickcontrol.com\/wp-content\/uploads\/2022\/08\/brickcontrol-interfaz-nueva.png 550w, https:\/\/www.brickcontrol.com\/wp-content\/uploads\/2022\/08\/brickcontrol-interfaz-nueva-300x175.png 300w\" sizes=\"auto, (max-width: 550px) 100vw, 550px\" \/><\/a><\/figure><\/div>\n\n<div class=\"gb-button-wrapper gb-button-wrapper-34d5b0df\">\n\n<a class=\"gb-button gb-button-908ad7e1 gb-button-boton-principal\" href=\"https:\/\/app.brickcontrol.com\/\" aria-label=\"Bot\u00f3n iniciar sesi\u00f3n\"><span class=\"gb-icon\"><svg xmlns=\"http:\/\/www.w3.org\/2000\/svg\" xml:space=\"preserve\" viewbox=\"0 0 499.1 499.1\" version=\"1.1\">  \t \t\t \t\t\t<path d=\"m0 249.6c0 9.5 7.7 17.2 17.2 17.2h327.6l-63.9 63.8c-6.7 6.7-6.7 17.6 0 24.3 3.3 3.3 7.7 5 12.1 5s8.8-1.7 12.1-5l93.1-93.1c6.7-6.7 6.7-17.6 0-24.3l-93.1-93.1c-6.7-6.7-17.6-6.7-24.3 0s-6.7 17.6 0 24.3l63.8 63.8h-327.4c-9.5 0-17.2 7.6-17.2 17.1z\"><\/path> \t\t\t<path d=\"m396.4 494.2c56.7 0 102.7-46.1 102.7-102.8v-283.7c0-56.7-46.1-102.8-102.7-102.8h-283.7c-56.7 0-102.7 46.1-102.7 102.8v58.3c0 9.5 7.7 17.1 17.1 17.1 9.5 0 17.2-7.7 17.2-17.1v-58.3c0-37.7 30.7-68.5 68.4-68.5h283.7c37.7 0 68.4 30.7 68.4 68.5v283.7c0 37.7-30.7 68.5-68.4 68.5h-283.7c-37.7 0-68.4-30.7-68.4-68.5v-57.6c0-9.5-7.7-17.2-17.2-17.2s-17.1 7.7-17.1 17.2v57.6c0 56.7 46.1 102.8 102.7 102.8h283.7z\"><\/path> \t\t \t \t \t \t \t \t \t \t \t \t \t \t \t \t \t \t                 <\/svg><\/span><span class=\"gb-button-text\">Einloggen<\/span><\/a>\n\n<\/div>\n\n<div class=\"gb-container gb-container-9e1acbd1\"><div class=\"gb-inside-container\">\n\n<h2 class=\"gb-headline gb-headline-25d25d4e gb-headline-text\">Neue Oberfl\u00e4che (f\u00fcr Mobilger\u00e4te und Tablets)<\/h2>\n\n\n\n<p class=\"gb-headline gb-headline-0374ba5c gb-headline-text\">Einige Screenshots der neuen Schnittstelle sind jetzt verf\u00fcgbar, probieren Sie sie aus!<\/p>\n\n\n\n<h3 class=\"gb-headline gb-headline-cb010077 gb-headline-text\">Unterst\u00fctzte Browser<\/h3>\n\n\n\n<p class=\"gb-headline gb-headline-796677bf gb-headline-text\">Neueste Versionen der modernsten Browser (Google Chrome, Firefox, Safari, Opera, Edge&#8230;).<\/p>\n\n\n\n<h3 class=\"gb-headline gb-headline-1a4261a5 gb-headline-text\">Kompatible Ger\u00e4te<\/h3>\n\n\n\n<p class=\"gb-headline gb-headline-4ce74c8d gb-headline-text\">Windows, Mac, Linux, IOS (iPhone \/ iPad), Android (Telefone und Tablets) und jedes andere html5-kompatible Ger\u00e4t.<\/p>\n\n\n\n<h3 class=\"gb-headline gb-headline-546b0765 gb-headline-text\">Stra\u00dfenkarte<\/h3>\n\n\n\n<p class=\"gb-headline gb-headline-a80851fe gb-headline-text\">Wir arbeiten an den restlichen Bildschirmen, um sie in die neue Schnittstelle zu integrieren. Neue Versionen werden in den kommenden Monaten aktualisiert, bis die neue Schnittstelle vollst\u00e4ndig fertiggestellt ist. Wir hoffen, dass es Ihnen gef\u00e4llt!<\/p>\n\n<\/div><\/div>\n<\/div><\/div><\/div>\n<\/div>\n<\/div><\/div>","protected":false},"excerpt":{"rendered":"<p>Einloggen W\u00e4hlen Sie die Schnittstelle<\/p>\n","protected":false},"author":3,"featured_media":0,"parent":0,"menu_order":0,"comment_status":"closed","ping_status":"closed","template":"","meta":{"inline_featured_image":false,"_uag_custom_page_level_css":"","footnotes":""},"class_list":{"0":"post-27795","1":"page","2":"type-page","3":"status-publish","5":"infinite-scroll-item"},"yoast_head":"<!-- This site is optimized with the Yoast SEO plugin v24.3 - https:\/\/yoast.com\/wordpress\/plugins\/seo\/ -->\n<title>Einloggen. Anmeldung in Ihrem Benutzerkonto - BrickControl<\/title>\n<meta name=\"description\" content=\"Melden Sie sich hier bei Ihrem BrickControl-Konto an und verbinden Sie sich mit all Ihren Bauprojekten an einem Ort.\" \/>\n<meta name=\"robots\" content=\"index, follow, max-snippet:-1, max-image-preview:large, max-video-preview:-1\" \/>\n<link rel=\"canonical\" href=\"https:\/\/www.brickcontrol.com\/de\/anmeldung\/\" \/>\n<meta property=\"og:locale\" content=\"de_DE\" \/>\n<meta property=\"og:type\" content=\"article\" \/>\n<meta property=\"og:title\" content=\"Einloggen. Anmeldung in Ihrem Benutzerkonto - BrickControl\" \/>\n<meta property=\"og:description\" content=\"Melden Sie sich hier bei Ihrem BrickControl-Konto an und verbinden Sie sich mit all Ihren Bauprojekten an einem Ort.\" \/>\n<meta property=\"og:url\" content=\"https:\/\/www.brickcontrol.com\/de\/anmeldung\/\" \/>\n<meta property=\"og:site_name\" content=\"BrickControl\" \/>\n<meta property=\"article:modified_time\" content=\"2025-01-21T12:35:02+00:00\" \/>\n<meta property=\"og:image\" content=\"https:\/\/www.brickcontrol.com\/wp-content\/uploads\/2022\/08\/brickcontrol-interfaz-actual.png\" \/>\n<meta name=\"twitter:card\" content=\"summary_large_image\" \/>\n<meta name=\"twitter:label1\" content=\"Gesch\u00e4tzte Lesezeit\" \/>\n\t<meta name=\"twitter:data1\" content=\"1\u00a0Minute\" \/>\n<script type=\"application\/ld+json\" class=\"yoast-schema-graph\">{\"@context\":\"https:\/\/schema.org\",\"@graph\":[{\"@type\":\"WebPage\",\"@id\":\"https:\/\/www.brickcontrol.com\/de\/anmeldung\/\",\"url\":\"https:\/\/www.brickcontrol.com\/de\/anmeldung\/\",\"name\":\"Einloggen. Anmeldung in Ihrem Benutzerkonto - BrickControl\",\"isPartOf\":{\"@id\":\"https:\/\/www.brickcontrol.com\/de\/#website\"},\"primaryImageOfPage\":{\"@id\":\"https:\/\/www.brickcontrol.com\/de\/anmeldung\/#primaryimage\"},\"image\":{\"@id\":\"https:\/\/www.brickcontrol.com\/de\/anmeldung\/#primaryimage\"},\"thumbnailUrl\":\"https:\/\/www.brickcontrol.com\/wp-content\/uploads\/2022\/08\/brickcontrol-interfaz-actual.png\",\"datePublished\":\"2022-05-12T17:29:21+00:00\",\"dateModified\":\"2025-01-21T12:35:02+00:00\",\"description\":\"Melden Sie sich hier bei Ihrem BrickControl-Konto an und verbinden Sie sich mit all Ihren Bauprojekten an einem Ort.\",\"breadcrumb\":{\"@id\":\"https:\/\/www.brickcontrol.com\/de\/anmeldung\/#breadcrumb\"},\"inLanguage\":\"de\",\"potentialAction\":[{\"@type\":\"ReadAction\",\"target\":[\"https:\/\/www.brickcontrol.com\/de\/anmeldung\/\"]}]},{\"@type\":\"ImageObject\",\"inLanguage\":\"de\",\"@id\":\"https:\/\/www.brickcontrol.com\/de\/anmeldung\/#primaryimage\",\"url\":\"https:\/\/www.brickcontrol.com\/wp-content\/uploads\/2022\/08\/brickcontrol-interfaz-actual.png\",\"contentUrl\":\"https:\/\/www.brickcontrol.com\/wp-content\/uploads\/2022\/08\/brickcontrol-interfaz-actual.png\"},{\"@type\":\"BreadcrumbList\",\"@id\":\"https:\/\/www.brickcontrol.com\/de\/anmeldung\/#breadcrumb\",\"itemListElement\":[{\"@type\":\"ListItem\",\"position\":1,\"name\":\"Home\",\"item\":\"https:\/\/www.brickcontrol.com\/de\/\"},{\"@type\":\"ListItem\",\"position\":2,\"name\":\"Einloggen. Anmeldung in Ihrem Benutzerkonto\"}]},{\"@type\":\"WebSite\",\"@id\":\"https:\/\/www.brickcontrol.com\/de\/#website\",\"url\":\"https:\/\/www.brickcontrol.com\/de\/\",\"name\":\"BrickControl\",\"description\":\"BrickControl\",\"publisher\":{\"@id\":\"https:\/\/www.brickcontrol.com\/de\/#organization\"},\"potentialAction\":[{\"@type\":\"SearchAction\",\"target\":{\"@type\":\"EntryPoint\",\"urlTemplate\":\"https:\/\/www.brickcontrol.com\/de\/?s={search_term_string}\"},\"query-input\":{\"@type\":\"PropertyValueSpecification\",\"valueRequired\":true,\"valueName\":\"search_term_string\"}}],\"inLanguage\":\"de\"},{\"@type\":\"Organization\",\"@id\":\"https:\/\/www.brickcontrol.com\/de\/#organization\",\"name\":\"BrickControl\",\"url\":\"https:\/\/www.brickcontrol.com\/de\/\",\"logo\":{\"@type\":\"ImageObject\",\"inLanguage\":\"de\",\"@id\":\"https:\/\/www.brickcontrol.com\/de\/#\/schema\/logo\/image\/\",\"url\":\"https:\/\/www.brickcontrol.com\/wp-content\/uploads\/2024\/04\/logo_brickcontrol.webp\",\"contentUrl\":\"https:\/\/www.brickcontrol.com\/wp-content\/uploads\/2024\/04\/logo_brickcontrol.webp\",\"width\":823,\"height\":216,\"caption\":\"BrickControl\"},\"image\":{\"@id\":\"https:\/\/www.brickcontrol.com\/de\/#\/schema\/logo\/image\/\"}}]}<\/script>\n<!-- \/ Yoast SEO plugin. -->","yoast_head_json":{"title":"Einloggen. Anmeldung in Ihrem Benutzerkonto - BrickControl","description":"Melden Sie sich hier bei Ihrem BrickControl-Konto an und verbinden Sie sich mit all Ihren Bauprojekten an einem Ort.","robots":{"index":"index","follow":"follow","max-snippet":"max-snippet:-1","max-image-preview":"max-image-preview:large","max-video-preview":"max-video-preview:-1"},"canonical":"https:\/\/www.brickcontrol.com\/de\/anmeldung\/","og_locale":"de_DE","og_type":"article","og_title":"Einloggen. Anmeldung in Ihrem Benutzerkonto - BrickControl","og_description":"Melden Sie sich hier bei Ihrem BrickControl-Konto an und verbinden Sie sich mit all Ihren Bauprojekten an einem Ort.","og_url":"https:\/\/www.brickcontrol.com\/de\/anmeldung\/","og_site_name":"BrickControl","article_modified_time":"2025-01-21T12:35:02+00:00","og_image":[{"url":"https:\/\/www.brickcontrol.com\/wp-content\/uploads\/2022\/08\/brickcontrol-interfaz-actual.png","type":"","width":"","height":""}],"twitter_card":"summary_large_image","twitter_misc":{"Gesch\u00e4tzte Lesezeit":"1\u00a0Minute"},"schema":{"@context":"https:\/\/schema.org","@graph":[{"@type":"WebPage","@id":"https:\/\/www.brickcontrol.com\/de\/anmeldung\/","url":"https:\/\/www.brickcontrol.com\/de\/anmeldung\/","name":"Einloggen. Anmeldung in Ihrem Benutzerkonto - BrickControl","isPartOf":{"@id":"https:\/\/www.brickcontrol.com\/de\/#website"},"primaryImageOfPage":{"@id":"https:\/\/www.brickcontrol.com\/de\/anmeldung\/#primaryimage"},"image":{"@id":"https:\/\/www.brickcontrol.com\/de\/anmeldung\/#primaryimage"},"thumbnailUrl":"https:\/\/www.brickcontrol.com\/wp-content\/uploads\/2022\/08\/brickcontrol-interfaz-actual.png","datePublished":"2022-05-12T17:29:21+00:00","dateModified":"2025-01-21T12:35:02+00:00","description":"Melden Sie sich hier bei Ihrem BrickControl-Konto an und verbinden Sie sich mit all Ihren Bauprojekten an einem Ort.","breadcrumb":{"@id":"https:\/\/www.brickcontrol.com\/de\/anmeldung\/#breadcrumb"},"inLanguage":"de","potentialAction":[{"@type":"ReadAction","target":["https:\/\/www.brickcontrol.com\/de\/anmeldung\/"]}]},{"@type":"ImageObject","inLanguage":"de","@id":"https:\/\/www.brickcontrol.com\/de\/anmeldung\/#primaryimage","url":"https:\/\/www.brickcontrol.com\/wp-content\/uploads\/2022\/08\/brickcontrol-interfaz-actual.png","contentUrl":"https:\/\/www.brickcontrol.com\/wp-content\/uploads\/2022\/08\/brickcontrol-interfaz-actual.png"},{"@type":"BreadcrumbList","@id":"https:\/\/www.brickcontrol.com\/de\/anmeldung\/#breadcrumb","itemListElement":[{"@type":"ListItem","position":1,"name":"Home","item":"https:\/\/www.brickcontrol.com\/de\/"},{"@type":"ListItem","position":2,"name":"Einloggen. Anmeldung in Ihrem Benutzerkonto"}]},{"@type":"WebSite","@id":"https:\/\/www.brickcontrol.com\/de\/#website","url":"https:\/\/www.brickcontrol.com\/de\/","name":"BrickControl","description":"BrickControl","publisher":{"@id":"https:\/\/www.brickcontrol.com\/de\/#organization"},"potentialAction":[{"@type":"SearchAction","target":{"@type":"EntryPoint","urlTemplate":"https:\/\/www.brickcontrol.com\/de\/?s={search_term_string}"},"query-input":{"@type":"PropertyValueSpecification","valueRequired":true,"valueName":"search_term_string"}}],"inLanguage":"de"},{"@type":"Organization","@id":"https:\/\/www.brickcontrol.com\/de\/#organization","name":"BrickControl","url":"https:\/\/www.brickcontrol.com\/de\/","logo":{"@type":"ImageObject","inLanguage":"de","@id":"https:\/\/www.brickcontrol.com\/de\/#\/schema\/logo\/image\/","url":"https:\/\/www.brickcontrol.com\/wp-content\/uploads\/2024\/04\/logo_brickcontrol.webp","contentUrl":"https:\/\/www.brickcontrol.com\/wp-content\/uploads\/2024\/04\/logo_brickcontrol.webp","width":823,"height":216,"caption":"BrickControl"},"image":{"@id":"https:\/\/www.brickcontrol.com\/de\/#\/schema\/logo\/image\/"}}]}},"uagb_featured_image_src":{"full":false,"thumbnail":false,"medium":false,"medium_large":false,"large":false,"gs-tiny":false,"xl":false,"xxl":false,"xxxl":false,"xxxxl":false,"xxxxxl":false,"1536x1536":false,"2048x2048":false},"uagb_author_info":{"display_name":"sistemas","author_link":"https:\/\/www.brickcontrol.com\/de\/blog\/author\/sistemas\/"},"uagb_comment_info":0,"uagb_excerpt":"Einloggen W\u00e4hlen Sie die Schnittstelle","_links":{"self":[{"href":"https:\/\/www.brickcontrol.com\/de\/wp-json\/wp\/v2\/pages\/27795","targetHints":{"allow":["GET"]}}],"collection":[{"href":"https:\/\/www.brickcontrol.com\/de\/wp-json\/wp\/v2\/pages"}],"about":[{"href":"https:\/\/www.brickcontrol.com\/de\/wp-json\/wp\/v2\/types\/page"}],"author":[{"embeddable":true,"href":"https:\/\/www.brickcontrol.com\/de\/wp-json\/wp\/v2\/users\/3"}],"replies":[{"embeddable":true,"href":"https:\/\/www.brickcontrol.com\/de\/wp-json\/wp\/v2\/comments?post=27795"}],"version-history":[{"count":5,"href":"https:\/\/www.brickcontrol.com\/de\/wp-json\/wp\/v2\/pages\/27795\/revisions"}],"predecessor-version":[{"id":46820,"href":"https:\/\/www.brickcontrol.com\/de\/wp-json\/wp\/v2\/pages\/27795\/revisions\/46820"}],"wp:attachment":[{"href":"https:\/\/www.brickcontrol.com\/de\/wp-json\/wp\/v2\/media?parent=27795"}],"curies":[{"name":"wp","href":"https:\/\/api.w.org\/{rel}","templated":true}]}}