{"id":1151,"date":"2021-12-22T12:51:27","date_gmt":"2021-12-22T11:51:27","guid":{"rendered":"https:\/\/test8.brickcontrol.com\/?page_id=1151"},"modified":"2022-11-15T01:09:51","modified_gmt":"2022-11-15T00:09:51","slug":"api-rest","status":"publish","type":"page","link":"https:\/\/www.brickcontrol.com\/es\/integraciones\/api-rest\/","title":{"rendered":"API &#8211; Web Services REST"},"content":{"rendered":"<div class=\"gb-container gb-container-644a7259 gb-container-minimo\"><div class=\"gb-inside-container\">\n<div class=\"gb-container gb-container-ca89e122\"><div class=\"gb-inside-container\">\n<div class=\"yoast-breadcrumbs claro\"><span><span><a href=\"https:\/\/www.brickcontrol.com\/es\/\"><i class=\"fa fa-home\" aria-hidden=\"true\"><\/i> Home<\/a><\/span> &gt; <span><a href=\"https:\/\/www.brickcontrol.com\/es\/integraciones\/\">Integraciones<\/a><\/span> &gt; <span class=\"breadcrumb_last\" aria-current=\"page\"><strong>API &#8211; Web Services REST<\/strong><\/span><\/span><\/div>\n<\/div><\/div>\n\n<div class=\"gb-grid-wrapper gb-grid-wrapper-a216c480\">\n<div class=\"gb-grid-column gb-grid-column-7cacce46\"><div class=\"gb-container gb-container-7cacce46\"><div class=\"gb-inside-container\">\n\n<figure class=\"wp-block-image size-full\"><img loading=\"lazy\" decoding=\"async\" width=\"1156\" height=\"1080\" src=\"https:\/\/www.brickcontrol.com\/wp-content\/uploads\/2022\/05\/programar-api.png\" alt=\"Integraci\u00f3n mediante API Rest\" class=\"wp-image-19486\" srcset=\"https:\/\/www.brickcontrol.com\/wp-content\/uploads\/2022\/05\/programar-api.png 1156w, https:\/\/www.brickcontrol.com\/wp-content\/uploads\/2022\/05\/programar-api-300x280.png 300w, https:\/\/www.brickcontrol.com\/wp-content\/uploads\/2022\/05\/programar-api-1024x957.png 1024w, https:\/\/www.brickcontrol.com\/wp-content\/uploads\/2022\/05\/programar-api-768x718.png 768w\" sizes=\"auto, (max-width: 1156px) 100vw, 1156px\" \/><\/figure>\n\n<\/div><\/div><\/div>\n\n<div class=\"gb-grid-column gb-grid-column-ad639fb9\"><div class=\"gb-container gb-container-ad639fb9\"><div class=\"gb-inside-container\">\n\n<h1 class=\"gb-headline gb-headline-00a5c1e6 gb-headline-text\"><mark class=\"gb-highlight\">Integraci\u00f3n mediante API Rest<\/mark><\/h1>\n\n\n\n<h2 class=\"gb-headline gb-headline-950a8c17 gb-headline-text\">Primeros pasos con la API<\/h2>\n\n\n\n<p class=\"gb-headline gb-headline-715cbaa8 gb-headline-text\">La API de BrickControl permite leer, guardar y borrar cualquier objeto de BrickControl para que cualquier programador pueda desarrollar informes personalizados, realizar integraciones con otros productos y a\u00f1adir funcionalidad a BrickControl. <\/p>\n\n\n<div class=\"gb-button-wrapper gb-button-wrapper-d8ab9680 gb-button-wrapper-espacio-boton-enlace\">\n\n<a class=\"gb-button gb-button-28a6372a gb-button-text gb-button-boton-enlace\" href=\"https:\/\/www.brickcontrol.com\/es\/integraciones\/api-rest\/primeros-pasos\/\">M\u00e1s informaci\u00f3n<\/a>\n\n<\/div>\n<\/div><\/div><\/div>\n<\/div>\n<\/div><div class=\"gb-shapes\"><div class=\"gb-shape gb-shape-1\"><svg xmlns=\"http:\/\/www.w3.org\/2000\/svg\" viewBox=\"0 0 1200 360\" preserveAspectRatio=\"none\"><path d=\"M1200 360H0V0l1200 348z\"\/><\/svg><\/div><div class=\"gb-shape gb-shape-2\"><svg xmlns=\"http:\/\/www.w3.org\/2000\/svg\" viewBox=\"0 0 1200 360\" preserveAspectRatio=\"none\"><path d=\"M1200 360H0V0l1200 348z\"\/><\/svg><\/div><\/div><\/div>\n\n<div class=\"gb-container gb-container-b3c8c113 gb-container-minimo\"><div class=\"gb-inside-container\">\n<div class=\"gb-grid-wrapper gb-grid-wrapper-c469a86c animated fadeIn\">\n<div class=\"gb-grid-column gb-grid-column-85758818\"><div class=\"gb-container gb-container-85758818\"><div class=\"gb-inside-container\">\n\n<h2 class=\"gb-headline gb-headline-7af919be gb-headline-text\">WebHooks<\/h2>\n\n\n\n<p class=\"gb-headline gb-headline-35ec1f3c gb-headline-text\">Los webhooks son notificaciones que BrickControl env\u00eda a programas externos para avisarles de los eventos que ocurren en BrickControl (ejemplo: se ha guardado la factura x, se ha borrado el cliente x\u2026).<\/p>\n\n\n<div class=\"gb-button-wrapper gb-button-wrapper-28d582bb gb-button-wrapper-espacio-boton-enlace\">\n\n<a class=\"gb-button gb-button-ed95c372 gb-button-text gb-button-boton-enlace\" href=\"https:\/\/www.brickcontrol.com\/es\/integraciones\/api-rest\/webhooks\/\">M\u00e1s informaci\u00f3n<\/a>\n\n<\/div>\n<\/div><\/div><\/div>\n\n<div class=\"gb-grid-column gb-grid-column-649c8397\"><div class=\"gb-container gb-container-649c8397\"><div class=\"gb-inside-container\">\n<div class=\"wp-block-image\">\n<figure class=\"alignright size-medium\"><img loading=\"lazy\" decoding=\"async\" width=\"300\" height=\"300\" src=\"https:\/\/www.brickcontrol.com\/wp-content\/uploads\/2022\/05\/programadora-300x300.png\" alt=\"WebHooks\" class=\"wp-image-19519\" srcset=\"https:\/\/www.brickcontrol.com\/wp-content\/uploads\/2022\/05\/programadora-300x300.png 300w, https:\/\/www.brickcontrol.com\/wp-content\/uploads\/2022\/05\/programadora-1024x1024.png 1024w, https:\/\/www.brickcontrol.com\/wp-content\/uploads\/2022\/05\/programadora-150x150.png 150w, https:\/\/www.brickcontrol.com\/wp-content\/uploads\/2022\/05\/programadora-768x768.png 768w, https:\/\/www.brickcontrol.com\/wp-content\/uploads\/2022\/05\/programadora.png 1080w\" sizes=\"auto, (max-width: 300px) 100vw, 300px\" \/><\/figure><\/div>\n<\/div><\/div><\/div>\n<\/div>\n<\/div><div class=\"gb-shapes\"><div class=\"gb-shape gb-shape-1\"><svg xmlns=\"http:\/\/www.w3.org\/2000\/svg\" viewBox=\"0 0 1200 194.3\" preserveAspectRatio=\"none\"><path d=\"M1200 133.3l-50 8.9c-50 8.6-150 26.9-250 31.1-100 4.2-200-4.2-300-26.7S400 89.2 300 62.2C200 35.8 100 17.5 50 8.9L0 0v194.3h1200v-61z\"\/><\/svg><\/div><\/div><\/div>\n\n<div class=\"gb-container gb-container-ebdbc83b gb-container-minimo\"><div class=\"gb-inside-container\">\n<div class=\"gb-grid-wrapper gb-grid-wrapper-c1f88afc animated fadeIn\">\n<div class=\"gb-grid-column gb-grid-column-84e735f2\"><div class=\"gb-container gb-container-84e735f2\"><div class=\"gb-inside-container\">\n<div class=\"wp-block-image\">\n<figure class=\"alignleft size-medium\"><img loading=\"lazy\" decoding=\"async\" width=\"300\" height=\"300\" src=\"https:\/\/www.brickcontrol.com\/wp-content\/uploads\/2022\/04\/integracion-brickcontrol-300x300.png\" alt=\"Objetos disponible en la API\" class=\"wp-image-15559\" srcset=\"https:\/\/www.brickcontrol.com\/wp-content\/uploads\/2022\/04\/integracion-brickcontrol-300x300.png 300w, https:\/\/www.brickcontrol.com\/wp-content\/uploads\/2022\/04\/integracion-brickcontrol-1024x1024.png 1024w, https:\/\/www.brickcontrol.com\/wp-content\/uploads\/2022\/04\/integracion-brickcontrol-150x150.png 150w, https:\/\/www.brickcontrol.com\/wp-content\/uploads\/2022\/04\/integracion-brickcontrol-768x768.png 768w, https:\/\/www.brickcontrol.com\/wp-content\/uploads\/2022\/04\/integracion-brickcontrol.png 1080w\" sizes=\"auto, (max-width: 300px) 100vw, 300px\" \/><\/figure><\/div>\n<\/div><\/div><\/div>\n\n<div class=\"gb-grid-column gb-grid-column-217a1792\"><div class=\"gb-container gb-container-217a1792\"><div class=\"gb-inside-container\">\n\n<h2 class=\"gb-headline gb-headline-e31ab2ab gb-headline-text\">Objetos disponible en la API<\/h2>\n\n\n\n<p class=\"gb-headline gb-headline-7073319f gb-headline-text\">Descubre todos los objetos a los que puedes llamar a trav\u00e9s de la API.<\/p>\n\n\n<div class=\"gb-button-wrapper gb-button-wrapper-65cf97a1 gb-button-wrapper-espacio-boton-enlace\">\n\n<a class=\"gb-button gb-button-1eaea821 gb-button-text gb-button-boton-enlace\" href=\"https:\/\/brickcontrol.com\/api\/v5\/index.html\">M\u00e1s informaci\u00f3n<\/a>\n\n<\/div>\n<\/div><\/div><\/div>\n<\/div>\n<\/div><div class=\"gb-shapes\"><div class=\"gb-shape gb-shape-1\"><svg xmlns=\"http:\/\/www.w3.org\/2000\/svg\" viewBox=\"0 0 1200 194.3\" preserveAspectRatio=\"none\"><path d=\"M1200 133.3l-50 8.9c-50 8.6-150 26.9-250 31.1-100 4.2-200-4.2-300-26.7S400 89.2 300 62.2C200 35.8 100 17.5 50 8.9L0 0v194.3h1200v-61z\"\/><\/svg><\/div><\/div><\/div>\n\n<div class=\"gb-container gb-container-d075df29 gb-container-minimo\"><div class=\"gb-inside-container\">\n<div class=\"gb-grid-wrapper gb-grid-wrapper-e130d7fc animated fadeIn\">\n<div class=\"gb-grid-column gb-grid-column-d0a2c8d0\"><div class=\"gb-container gb-container-d0a2c8d0\"><div class=\"gb-inside-container\">\n\n<h2 class=\"gb-headline gb-headline-ec70d415 gb-headline-text\">\u00bfD\u00f3nde puedo usar la API?<\/h2>\n\n\n\n<h2 class=\"gb-headline gb-headline-9d0743e0\"><span class=\"gb-icon\"><svg aria-hidden=\"true\" role=\"img\" height=\"1em\" width=\"1em\" viewBox=\"0 0 256 512\" xmlns=\"http:\/\/www.w3.org\/2000\/svg\"><path fill=\"currentColor\" d=\"M224.3 273l-136 136c-9.4 9.4-24.6 9.4-33.9 0l-22.6-22.6c-9.4-9.4-9.4-24.6 0-33.9l96.4-96.4-96.4-96.4c-9.4-9.4-9.4-24.6 0-33.9L54.3 103c9.4-9.4 24.6-9.4 33.9 0l136 136c9.5 9.4 9.5 24.6.1 34z\"><\/path><\/svg><\/span><span class=\"gb-headline-text\">Lenguajes de programaci\u00f3n:<\/span><\/h2>\n\n\n\n<p class=\"gb-headline gb-headline-ddbaecf6 gb-headline-text\">Puedes usar la API de BrickControl desde cualquier lenguaje de programaci\u00f3n, como por ejemplo JavaScript, .NET, Java, Swift, PHP\u2026<\/p>\n\n\n\n<h2 class=\"gb-headline gb-headline-3ccd8ae8\"><span class=\"gb-icon\"><svg aria-hidden=\"true\" role=\"img\" height=\"1em\" width=\"1em\" viewBox=\"0 0 256 512\" xmlns=\"http:\/\/www.w3.org\/2000\/svg\"><path fill=\"currentColor\" d=\"M224.3 273l-136 136c-9.4 9.4-24.6 9.4-33.9 0l-22.6-22.6c-9.4-9.4-9.4-24.6 0-33.9l96.4-96.4-96.4-96.4c-9.4-9.4-9.4-24.6 0-33.9L54.3 103c9.4-9.4 24.6-9.4 33.9 0l136 136c9.5 9.4 9.5 24.6.1 34z\"><\/path><\/svg><\/span><span class=\"gb-headline-text\"><strong><a href=\"https:\/\/www.brickcontrol.com\/es\/integraciones\/api-rest\/api-desde-excel\/\">Uso de la API desde Excel<\/a><\/strong><\/span><\/h2>\n\n<\/div><\/div><\/div>\n\n<div class=\"gb-grid-column gb-grid-column-a724927e\"><div class=\"gb-container gb-container-a724927e\"><div class=\"gb-inside-container\">\n<div class=\"wp-block-image\">\n<figure class=\"alignright size-medium\"><img loading=\"lazy\" decoding=\"async\" width=\"274\" height=\"300\" src=\"https:\/\/www.brickcontrol.com\/wp-content\/uploads\/2022\/05\/webhooks-274x300.png\" alt=\"\u00bfD\u00f3nde puedo usar la API?\" class=\"wp-image-19498\" srcset=\"https:\/\/www.brickcontrol.com\/wp-content\/uploads\/2022\/05\/webhooks-274x300.png 274w, https:\/\/www.brickcontrol.com\/wp-content\/uploads\/2022\/05\/webhooks-936x1024.png 936w, https:\/\/www.brickcontrol.com\/wp-content\/uploads\/2022\/05\/webhooks-768x840.png 768w, https:\/\/www.brickcontrol.com\/wp-content\/uploads\/2022\/05\/webhooks.png 987w\" sizes=\"auto, (max-width: 274px) 100vw, 274px\" \/><\/figure><\/div>\n<\/div><\/div><\/div>\n<\/div>\n<\/div><div class=\"gb-shapes\"><div class=\"gb-shape gb-shape-1\"><svg xmlns=\"http:\/\/www.w3.org\/2000\/svg\" viewBox=\"0 0 1200 194.3\" preserveAspectRatio=\"none\"><path d=\"M1200 133.3l-50 8.9c-50 8.6-150 26.9-250 31.1-100 4.2-200-4.2-300-26.7S400 89.2 300 62.2C200 35.8 100 17.5 50 8.9L0 0v194.3h1200v-61z\"\/><\/svg><\/div><\/div><\/div>","protected":false},"excerpt":{"rendered":"","protected":false},"author":3,"featured_media":0,"parent":1156,"menu_order":0,"comment_status":"closed","ping_status":"closed","template":"","meta":{"inline_featured_image":false,"_uag_custom_page_level_css":"","footnotes":""},"class_list":{"0":"post-1151","1":"page","2":"type-page","3":"status-publish","5":"infinite-scroll-item"},"yoast_head":"<!-- This site is optimized with the Yoast SEO plugin v24.3 - https:\/\/yoast.com\/wordpress\/plugins\/seo\/ -->\n<title>Integraci\u00f3n mediante API Rest - BrickControl<\/title>\n<meta name=\"description\" content=\"A trav\u00e9s de nuestra API, desarrolla informes personalizados, a\u00f1ade funcionalidades e integra BrickControl con otros programas.\" \/>\n<meta name=\"robots\" content=\"index, follow, max-snippet:-1, max-image-preview:large, max-video-preview:-1\" \/>\n<link rel=\"canonical\" href=\"https:\/\/www.brickcontrol.com\/es\/integraciones\/api-rest\/\" \/>\n<meta property=\"og:locale\" content=\"es_ES\" \/>\n<meta property=\"og:type\" content=\"article\" \/>\n<meta property=\"og:title\" content=\"Integraci\u00f3n mediante API Rest - BrickControl\" \/>\n<meta property=\"og:description\" content=\"A trav\u00e9s de nuestra API, desarrolla informes personalizados, a\u00f1ade funcionalidades e integra BrickControl con otros programas.\" \/>\n<meta property=\"og:url\" content=\"https:\/\/www.brickcontrol.com\/es\/integraciones\/api-rest\/\" \/>\n<meta property=\"og:site_name\" content=\"BrickControl\" \/>\n<meta property=\"article:modified_time\" content=\"2022-11-15T00:09:51+00:00\" \/>\n<meta property=\"og:image\" content=\"https:\/\/www.brickcontrol.com\/wp-content\/uploads\/2022\/05\/programar-api.png\" \/>\n<meta name=\"twitter:card\" content=\"summary_large_image\" \/>\n<meta name=\"twitter:label1\" content=\"Tiempo de lectura\" \/>\n\t<meta name=\"twitter:data1\" content=\"2 minutos\" \/>\n<script type=\"application\/ld+json\" class=\"yoast-schema-graph\">{\"@context\":\"https:\/\/schema.org\",\"@graph\":[{\"@type\":\"WebPage\",\"@id\":\"https:\/\/www.brickcontrol.com\/es\/integraciones\/api-rest\/\",\"url\":\"https:\/\/www.brickcontrol.com\/es\/integraciones\/api-rest\/\",\"name\":\"Integraci\u00f3n mediante API Rest - BrickControl\",\"isPartOf\":{\"@id\":\"https:\/\/www.brickcontrol.com\/es\/#website\"},\"primaryImageOfPage\":{\"@id\":\"https:\/\/www.brickcontrol.com\/es\/integraciones\/api-rest\/#primaryimage\"},\"image\":{\"@id\":\"https:\/\/www.brickcontrol.com\/es\/integraciones\/api-rest\/#primaryimage\"},\"thumbnailUrl\":\"https:\/\/www.brickcontrol.com\/wp-content\/uploads\/2022\/05\/programar-api.png\",\"datePublished\":\"2021-12-22T11:51:27+00:00\",\"dateModified\":\"2022-11-15T00:09:51+00:00\",\"description\":\"A trav\u00e9s de nuestra API, desarrolla informes personalizados, a\u00f1ade funcionalidades e integra BrickControl con otros programas.\",\"breadcrumb\":{\"@id\":\"https:\/\/www.brickcontrol.com\/es\/integraciones\/api-rest\/#breadcrumb\"},\"inLanguage\":\"es\",\"potentialAction\":[{\"@type\":\"ReadAction\",\"target\":[\"https:\/\/www.brickcontrol.com\/es\/integraciones\/api-rest\/\"]}]},{\"@type\":\"ImageObject\",\"inLanguage\":\"es\",\"@id\":\"https:\/\/www.brickcontrol.com\/es\/integraciones\/api-rest\/#primaryimage\",\"url\":\"https:\/\/www.brickcontrol.com\/wp-content\/uploads\/2022\/05\/programar-api.png\",\"contentUrl\":\"https:\/\/www.brickcontrol.com\/wp-content\/uploads\/2022\/05\/programar-api.png\"},{\"@type\":\"BreadcrumbList\",\"@id\":\"https:\/\/www.brickcontrol.com\/es\/integraciones\/api-rest\/#breadcrumb\",\"itemListElement\":[{\"@type\":\"ListItem\",\"position\":1,\"name\":\"Home\",\"item\":\"https:\/\/www.brickcontrol.com\/es\/\"},{\"@type\":\"ListItem\",\"position\":2,\"name\":\"Integraciones\",\"item\":\"https:\/\/www.brickcontrol.com\/es\/integraciones\/\"},{\"@type\":\"ListItem\",\"position\":3,\"name\":\"API &#8211; Web Services REST\"}]},{\"@type\":\"WebSite\",\"@id\":\"https:\/\/www.brickcontrol.com\/es\/#website\",\"url\":\"https:\/\/www.brickcontrol.com\/es\/\",\"name\":\"BrickControl\",\"description\":\"BrickControl\",\"publisher\":{\"@id\":\"https:\/\/www.brickcontrol.com\/es\/#organization\"},\"potentialAction\":[{\"@type\":\"SearchAction\",\"target\":{\"@type\":\"EntryPoint\",\"urlTemplate\":\"https:\/\/www.brickcontrol.com\/es\/?s={search_term_string}\"},\"query-input\":{\"@type\":\"PropertyValueSpecification\",\"valueRequired\":true,\"valueName\":\"search_term_string\"}}],\"inLanguage\":\"es\"},{\"@type\":\"Organization\",\"@id\":\"https:\/\/www.brickcontrol.com\/es\/#organization\",\"name\":\"BrickControl\",\"url\":\"https:\/\/www.brickcontrol.com\/es\/\",\"logo\":{\"@type\":\"ImageObject\",\"inLanguage\":\"es\",\"@id\":\"https:\/\/www.brickcontrol.com\/es\/#\/schema\/logo\/image\/\",\"url\":\"https:\/\/www.brickcontrol.com\/wp-content\/uploads\/2024\/04\/logo_brickcontrol.webp\",\"contentUrl\":\"https:\/\/www.brickcontrol.com\/wp-content\/uploads\/2024\/04\/logo_brickcontrol.webp\",\"width\":823,\"height\":216,\"caption\":\"BrickControl\"},\"image\":{\"@id\":\"https:\/\/www.brickcontrol.com\/es\/#\/schema\/logo\/image\/\"}}]}<\/script>\n<!-- \/ Yoast SEO plugin. -->","yoast_head_json":{"title":"Integraci\u00f3n mediante API Rest - BrickControl","description":"A trav\u00e9s de nuestra API, desarrolla informes personalizados, a\u00f1ade funcionalidades e integra BrickControl con otros programas.","robots":{"index":"index","follow":"follow","max-snippet":"max-snippet:-1","max-image-preview":"max-image-preview:large","max-video-preview":"max-video-preview:-1"},"canonical":"https:\/\/www.brickcontrol.com\/es\/integraciones\/api-rest\/","og_locale":"es_ES","og_type":"article","og_title":"Integraci\u00f3n mediante API Rest - BrickControl","og_description":"A trav\u00e9s de nuestra API, desarrolla informes personalizados, a\u00f1ade funcionalidades e integra BrickControl con otros programas.","og_url":"https:\/\/www.brickcontrol.com\/es\/integraciones\/api-rest\/","og_site_name":"BrickControl","article_modified_time":"2022-11-15T00:09:51+00:00","og_image":[{"url":"https:\/\/www.brickcontrol.com\/wp-content\/uploads\/2022\/05\/programar-api.png","type":"","width":"","height":""}],"twitter_card":"summary_large_image","twitter_misc":{"Tiempo de lectura":"2 minutos"},"schema":{"@context":"https:\/\/schema.org","@graph":[{"@type":"WebPage","@id":"https:\/\/www.brickcontrol.com\/es\/integraciones\/api-rest\/","url":"https:\/\/www.brickcontrol.com\/es\/integraciones\/api-rest\/","name":"Integraci\u00f3n mediante API Rest - BrickControl","isPartOf":{"@id":"https:\/\/www.brickcontrol.com\/es\/#website"},"primaryImageOfPage":{"@id":"https:\/\/www.brickcontrol.com\/es\/integraciones\/api-rest\/#primaryimage"},"image":{"@id":"https:\/\/www.brickcontrol.com\/es\/integraciones\/api-rest\/#primaryimage"},"thumbnailUrl":"https:\/\/www.brickcontrol.com\/wp-content\/uploads\/2022\/05\/programar-api.png","datePublished":"2021-12-22T11:51:27+00:00","dateModified":"2022-11-15T00:09:51+00:00","description":"A trav\u00e9s de nuestra API, desarrolla informes personalizados, a\u00f1ade funcionalidades e integra BrickControl con otros programas.","breadcrumb":{"@id":"https:\/\/www.brickcontrol.com\/es\/integraciones\/api-rest\/#breadcrumb"},"inLanguage":"es","potentialAction":[{"@type":"ReadAction","target":["https:\/\/www.brickcontrol.com\/es\/integraciones\/api-rest\/"]}]},{"@type":"ImageObject","inLanguage":"es","@id":"https:\/\/www.brickcontrol.com\/es\/integraciones\/api-rest\/#primaryimage","url":"https:\/\/www.brickcontrol.com\/wp-content\/uploads\/2022\/05\/programar-api.png","contentUrl":"https:\/\/www.brickcontrol.com\/wp-content\/uploads\/2022\/05\/programar-api.png"},{"@type":"BreadcrumbList","@id":"https:\/\/www.brickcontrol.com\/es\/integraciones\/api-rest\/#breadcrumb","itemListElement":[{"@type":"ListItem","position":1,"name":"Home","item":"https:\/\/www.brickcontrol.com\/es\/"},{"@type":"ListItem","position":2,"name":"Integraciones","item":"https:\/\/www.brickcontrol.com\/es\/integraciones\/"},{"@type":"ListItem","position":3,"name":"API &#8211; Web Services REST"}]},{"@type":"WebSite","@id":"https:\/\/www.brickcontrol.com\/es\/#website","url":"https:\/\/www.brickcontrol.com\/es\/","name":"BrickControl","description":"BrickControl","publisher":{"@id":"https:\/\/www.brickcontrol.com\/es\/#organization"},"potentialAction":[{"@type":"SearchAction","target":{"@type":"EntryPoint","urlTemplate":"https:\/\/www.brickcontrol.com\/es\/?s={search_term_string}"},"query-input":{"@type":"PropertyValueSpecification","valueRequired":true,"valueName":"search_term_string"}}],"inLanguage":"es"},{"@type":"Organization","@id":"https:\/\/www.brickcontrol.com\/es\/#organization","name":"BrickControl","url":"https:\/\/www.brickcontrol.com\/es\/","logo":{"@type":"ImageObject","inLanguage":"es","@id":"https:\/\/www.brickcontrol.com\/es\/#\/schema\/logo\/image\/","url":"https:\/\/www.brickcontrol.com\/wp-content\/uploads\/2024\/04\/logo_brickcontrol.webp","contentUrl":"https:\/\/www.brickcontrol.com\/wp-content\/uploads\/2024\/04\/logo_brickcontrol.webp","width":823,"height":216,"caption":"BrickControl"},"image":{"@id":"https:\/\/www.brickcontrol.com\/es\/#\/schema\/logo\/image\/"}}]}},"uagb_featured_image_src":{"full":false,"thumbnail":false,"medium":false,"medium_large":false,"large":false,"gs-tiny":false,"xl":false,"xxl":false,"xxxl":false,"xxxxl":false,"xxxxxl":false,"1536x1536":false,"2048x2048":false},"uagb_author_info":{"display_name":"sistemas","author_link":"https:\/\/www.brickcontrol.com\/es\/blog\/author\/sistemas\/"},"uagb_comment_info":0,"uagb_excerpt":null,"_links":{"self":[{"href":"https:\/\/www.brickcontrol.com\/es\/wp-json\/wp\/v2\/pages\/1151","targetHints":{"allow":["GET"]}}],"collection":[{"href":"https:\/\/www.brickcontrol.com\/es\/wp-json\/wp\/v2\/pages"}],"about":[{"href":"https:\/\/www.brickcontrol.com\/es\/wp-json\/wp\/v2\/types\/page"}],"author":[{"embeddable":true,"href":"https:\/\/www.brickcontrol.com\/es\/wp-json\/wp\/v2\/users\/3"}],"replies":[{"embeddable":true,"href":"https:\/\/www.brickcontrol.com\/es\/wp-json\/wp\/v2\/comments?post=1151"}],"version-history":[{"count":2,"href":"https:\/\/www.brickcontrol.com\/es\/wp-json\/wp\/v2\/pages\/1151\/revisions"}],"predecessor-version":[{"id":36490,"href":"https:\/\/www.brickcontrol.com\/es\/wp-json\/wp\/v2\/pages\/1151\/revisions\/36490"}],"up":[{"embeddable":true,"href":"https:\/\/www.brickcontrol.com\/es\/wp-json\/wp\/v2\/pages\/1156"}],"wp:attachment":[{"href":"https:\/\/www.brickcontrol.com\/es\/wp-json\/wp\/v2\/media?parent=1151"}],"curies":[{"name":"wp","href":"https:\/\/api.w.org\/{rel}","templated":true}]}}