{"id":1161,"date":"2021-12-22T12:51:27","date_gmt":"2021-12-22T11:51:27","guid":{"rendered":"https:\/\/test8.brickcontrol.com\/?page_id=1161"},"modified":"2022-11-15T14:38:29","modified_gmt":"2022-11-15T13:38:29","slug":"webinars","status":"publish","type":"page","link":"https:\/\/www.brickcontrol.com\/es\/recursos\/webinars\/","title":{"rendered":"Webinars gratuitos"},"content":{"rendered":"<div class=\"gb-container gb-container-541a62e0 gb-container-contenedor-bajo\"><div class=\"gb-inside-container\">\n<div class=\"gb-container gb-container-ca89e122\"><div class=\"gb-inside-container\">\n<div class=\"yoast-breadcrumbs claro\"><span><span><a href=\"https:\/\/www.brickcontrol.com\/es\/\"><i class=\"fa fa-home\" aria-hidden=\"true\"><\/i> Home<\/a><\/span> &gt; <span><a href=\"https:\/\/www.brickcontrol.com\/es\/resources\/\">Recursos<\/a><\/span> &gt; <span class=\"breadcrumb_last\" aria-current=\"page\"><strong>Webinars gratuitos<\/strong><\/span><\/span><\/div>\n<\/div><\/div>\n\n<div class=\"gb-grid-wrapper gb-grid-wrapper-6c31496c animated fadeIn\">\n<div class=\"gb-grid-column gb-grid-column-d6d94586\"><div class=\"gb-container gb-container-d6d94586\"><div class=\"gb-inside-container\">\n\n<figure class=\"wp-block-image size-full\"><img loading=\"lazy\" decoding=\"async\" width=\"1080\" height=\"1080\" src=\"https:\/\/www.brickcontrol.com\/wp-content\/uploads\/2022\/07\/webinar-gratuito.png\" alt=\"Inscr\u00edbete a nuestros webinars gratuitos\" class=\"wp-image-23741\" srcset=\"https:\/\/www.brickcontrol.com\/wp-content\/uploads\/2022\/07\/webinar-gratuito.png 1080w, https:\/\/www.brickcontrol.com\/wp-content\/uploads\/2022\/07\/webinar-gratuito-300x300.png 300w, https:\/\/www.brickcontrol.com\/wp-content\/uploads\/2022\/07\/webinar-gratuito-1024x1024.png 1024w, https:\/\/www.brickcontrol.com\/wp-content\/uploads\/2022\/07\/webinar-gratuito-150x150.png 150w, https:\/\/www.brickcontrol.com\/wp-content\/uploads\/2022\/07\/webinar-gratuito-768x768.png 768w\" sizes=\"auto, (max-width: 1080px) 100vw, 1080px\" \/><\/figure>\n\n<\/div><\/div><\/div>\n\n<div class=\"gb-grid-column gb-grid-column-44ab0141\"><div class=\"gb-container gb-container-44ab0141\"><div class=\"gb-inside-container\">\n\n<h1 class=\"gb-headline gb-headline-b54d18d0 gb-headline-text\">Inscr\u00edbete a nuestros webinars gratuito<strong>s<\/strong><\/h1>\n\n\n\n<h2 class=\"gb-headline gb-headline-fdb43735 gb-headline-text\"><strong>Ap\u00fantate ahora al webinar ofrecido por expertos en BrickControl<\/strong><\/h2>\n\n\n\n<p class=\"gb-headline gb-headline-a71bba56 gb-headline-text\">En este webinar aprender\u00e1s a usar el software BrickControl para gestionar tus proyectos de construcci\u00f3n<\/p>\n\n\n<div class=\"gb-container gb-container-3394aeea\"><div class=\"gb-inside-container\">\n<div class=\"gb-button-wrapper gb-button-wrapper-5ed39673\">\n\n<a class=\"gb-button gb-button-afd2f638 gb-button-text gb-button-boton-principal\" href=\"https:\/\/www.brickcontrol.com\/es\/recursos\/webinars\/agendar-webinar\/\">VER FECHAS DISPONIBLES<\/a>\n\n<\/div>\n<\/div><\/div>\n<\/div><\/div><\/div>\n<\/div>\n<\/div><div class=\"gb-shapes\"><div class=\"gb-shape gb-shape-1\"><svg xmlns=\"http:\/\/www.w3.org\/2000\/svg\" viewBox=\"0 0 1200 360\" preserveAspectRatio=\"none\"><path d=\"M1200 360H0V0l1200 348z\"\/><\/svg><\/div><\/div><\/div>\n\n<div class=\"gb-container gb-container-70f863bc gb-container-contenedor-bajo\"><div class=\"gb-inside-container\">\n<div class=\"gb-grid-wrapper gb-grid-wrapper-388a43c6 animated fadeIn\">\n<div class=\"gb-grid-column gb-grid-column-f3f92129\"><div class=\"gb-container gb-container-f3f92129\"><div class=\"gb-inside-container\"><\/div><\/div><\/div>\n\n<div class=\"gb-grid-column gb-grid-column-07b3732b\"><div class=\"gb-container gb-container-07b3732b\"><div class=\"gb-inside-container\">\n\n<h2 class=\"gb-headline gb-headline-9fd5731d gb-headline-text\">Exprime al m\u00e1ximo Brickcontrol asistiendo a nuestros webinars gratuitos<\/h2>\n\n<\/div><\/div><\/div>\n\n<div class=\"gb-grid-column gb-grid-column-c16f9a6b\"><div class=\"gb-container gb-container-c16f9a6b\"><div class=\"gb-inside-container\"><\/div><\/div><\/div>\n<\/div>\n<\/div><div class=\"gb-shapes\"><div class=\"gb-shape gb-shape-1\"><svg xmlns=\"http:\/\/www.w3.org\/2000\/svg\" viewBox=\"0 0 1200 360\" preserveAspectRatio=\"none\"><path d=\"M1200 360H0V0l1200 348z\"\/><\/svg><\/div><\/div><\/div>\n\n<div class=\"gb-container gb-container-b1534869 animated fadeIn gb-container-minimo\"><div class=\"gb-inside-container\">\n<div class=\"gb-grid-wrapper gb-grid-wrapper-98e8e37c animated fadeIn\">\n<div class=\"gb-grid-column gb-grid-column-7daad888\"><div class=\"gb-container gb-container-7daad888\"><div class=\"gb-inside-container\">\n\n<h2 class=\"gb-headline gb-headline-ce01ce2f gb-headline-text\">Convi\u00e9rtete en experto en BrickControl<\/h2>\n\n\n\n<p class=\"gb-headline gb-headline-3ed48c61 gb-headline-text\">Con nuestros webinars aprender\u00e1s diferentes funciones del programa en cada sesi\u00f3n, haci\u00e9ndote un experto del mismo en muy poco tiempo<\/p>\n\n<\/div><\/div><\/div>\n\n<div class=\"gb-grid-column gb-grid-column-41714d24\"><div class=\"gb-container gb-container-41714d24\"><div class=\"gb-inside-container\">\n<div class=\"wp-block-image is-style-default\">\n<figure class=\"alignright size-full is-resized\"><img loading=\"lazy\" decoding=\"async\" src=\"https:\/\/www.brickcontrol.com\/wp-content\/uploads\/2022\/07\/despega-con-nosotros.png\" alt=\"Convi\u00e9rtete en experto en BrickControl\" class=\"wp-image-23514\" width=\"329\" height=\"365\" srcset=\"https:\/\/www.brickcontrol.com\/wp-content\/uploads\/2022\/07\/despega-con-nosotros.png 1112w, https:\/\/www.brickcontrol.com\/wp-content\/uploads\/2022\/07\/despega-con-nosotros-271x300.png 271w, https:\/\/www.brickcontrol.com\/wp-content\/uploads\/2022\/07\/despega-con-nosotros-924x1024.png 924w, https:\/\/www.brickcontrol.com\/wp-content\/uploads\/2022\/07\/despega-con-nosotros-768x851.png 768w\" sizes=\"auto, (max-width: 329px) 100vw, 329px\" \/><\/figure><\/div>\n<\/div><\/div><\/div>\n<\/div>\n<\/div><div class=\"gb-shapes\"><div class=\"gb-shape gb-shape-1\"><svg xmlns=\"http:\/\/www.w3.org\/2000\/svg\" viewBox=\"0 0 1200 194.3\" preserveAspectRatio=\"none\"><path d=\"M1200 133.3l-50 8.9c-50 8.6-150 26.9-250 31.1-100 4.2-200-4.2-300-26.7S400 89.2 300 62.2C200 35.8 100 17.5 50 8.9L0 0v194.3h1200v-61z\"\/><\/svg><\/div><\/div><\/div>\n\n<div class=\"gb-container gb-container-4b6e4685 gb-container-minimo\"><div class=\"gb-inside-container\">\n<div class=\"gb-grid-wrapper gb-grid-wrapper-8ad7bc99 animated fadeIn\">\n<div class=\"gb-grid-column gb-grid-column-7318788b\"><div class=\"gb-container gb-container-7318788b\"><div class=\"gb-inside-container\">\n<div class=\"wp-block-image is-style-default\">\n<figure class=\"alignleft size-full is-resized\"><img loading=\"lazy\" decoding=\"async\" src=\"https:\/\/www.brickcontrol.com\/wp-content\/uploads\/2022\/07\/capacitados-para-grandes-desafios.png\" alt=\"Totalmente gratis\" class=\"wp-image-23535\" width=\"350\" height=\"350\" srcset=\"https:\/\/www.brickcontrol.com\/wp-content\/uploads\/2022\/07\/capacitados-para-grandes-desafios.png 1080w, https:\/\/www.brickcontrol.com\/wp-content\/uploads\/2022\/07\/capacitados-para-grandes-desafios-300x300.png 300w, https:\/\/www.brickcontrol.com\/wp-content\/uploads\/2022\/07\/capacitados-para-grandes-desafios-1024x1024.png 1024w, https:\/\/www.brickcontrol.com\/wp-content\/uploads\/2022\/07\/capacitados-para-grandes-desafios-150x150.png 150w, https:\/\/www.brickcontrol.com\/wp-content\/uploads\/2022\/07\/capacitados-para-grandes-desafios-768x768.png 768w\" sizes=\"auto, (max-width: 350px) 100vw, 350px\" \/><\/figure><\/div>\n<\/div><\/div><\/div>\n\n<div class=\"gb-grid-column gb-grid-column-127f64a5\"><div class=\"gb-container gb-container-127f64a5\"><div class=\"gb-inside-container\">\n\n<h2 class=\"gb-headline gb-headline-656b9e10 gb-headline-text\">Totalmente gratis<\/h2>\n\n\n\n<p class=\"gb-headline gb-headline-1f1fe0c7 gb-headline-text\">Nuestros webinars son adaptados para cualquier persona del sector para que pueda entender el uso del software y son totalmente gratis!<\/p>\n\n<\/div><\/div><\/div>\n<\/div>\n<\/div><div class=\"gb-shapes\"><div class=\"gb-shape gb-shape-1\"><svg xmlns=\"http:\/\/www.w3.org\/2000\/svg\" viewBox=\"0 0 1200 360\" preserveAspectRatio=\"none\"><path d=\"M1200 360H0V0l1200 348z\"\/><\/svg><\/div><div class=\"gb-shape gb-shape-2\"><svg xmlns=\"http:\/\/www.w3.org\/2000\/svg\" viewBox=\"0 0 1200 360\" preserveAspectRatio=\"none\"><path d=\"M1200 360H0V0l1200 348z\"\/><\/svg><\/div><\/div><\/div>\n\n<div class=\"gb-container gb-container-613f4f11 gb-container-minimo\"><div class=\"gb-inside-container\">\n<div class=\"gb-grid-wrapper gb-grid-wrapper-a48a4f01 animated fadeIn\">\n<div class=\"gb-grid-column gb-grid-column-2653b2a5\"><div class=\"gb-container gb-container-2653b2a5\"><div class=\"gb-inside-container\">\n\n<h2 class=\"gb-headline gb-headline-2aab4369 gb-headline-text\">Sin limite de personas<\/h2>\n\n\n\n<p class=\"gb-headline gb-headline-d82b7258 gb-headline-text\">Este webinar es totalmente abierto por lo que cualquier numero de personas puede entrar para conocer las bondades y funcionalidades que tiene Brickcontrol, no existe un numero m\u00e1ximo de participantes<\/p>\n\n<\/div><\/div><\/div>\n\n<div class=\"gb-grid-column gb-grid-column-75be7eda\"><div class=\"gb-container gb-container-75be7eda\"><div class=\"gb-inside-container\">\n<div class=\"wp-block-image\">\n<figure class=\"alignright size-full is-resized\"><img loading=\"lazy\" decoding=\"async\" src=\"https:\/\/www.brickcontrol.com\/wp-content\/uploads\/2022\/07\/sin-limite-de-personas.png\" alt=\"Sin limite de personas\" class=\"wp-image-23822\" width=\"350\" height=\"350\" srcset=\"https:\/\/www.brickcontrol.com\/wp-content\/uploads\/2022\/07\/sin-limite-de-personas.png 1080w, https:\/\/www.brickcontrol.com\/wp-content\/uploads\/2022\/07\/sin-limite-de-personas-300x300.png 300w, https:\/\/www.brickcontrol.com\/wp-content\/uploads\/2022\/07\/sin-limite-de-personas-1024x1024.png 1024w, https:\/\/www.brickcontrol.com\/wp-content\/uploads\/2022\/07\/sin-limite-de-personas-150x150.png 150w, https:\/\/www.brickcontrol.com\/wp-content\/uploads\/2022\/07\/sin-limite-de-personas-768x768.png 768w\" sizes=\"auto, (max-width: 350px) 100vw, 350px\" \/><\/figure><\/div>\n<\/div><\/div><\/div>\n<\/div>\n<\/div><\/div>","protected":false},"excerpt":{"rendered":"","protected":false},"author":3,"featured_media":0,"parent":20544,"menu_order":0,"comment_status":"closed","ping_status":"closed","template":"","meta":{"inline_featured_image":false,"_uag_custom_page_level_css":"","footnotes":""},"class_list":{"0":"post-1161","1":"page","2":"type-page","3":"status-publish","5":"infinite-scroll-item"},"yoast_head":"<!-- This site is optimized with the Yoast SEO plugin v24.3 - https:\/\/yoast.com\/wordpress\/plugins\/seo\/ -->\n<title>Inscr\u00edbete a nuestros webinars gratuitos - BrickControl<\/title>\n<meta name=\"description\" content=\"En este evento de formaci\u00f3n en l\u00ednea nuestro equipo de expertos te ense\u00f1ar\u00e1 a utilizar BrickControl sin l\u00edmites.\" \/>\n<meta name=\"robots\" content=\"index, follow, max-snippet:-1, max-image-preview:large, max-video-preview:-1\" \/>\n<link rel=\"canonical\" href=\"https:\/\/www.brickcontrol.com\/es\/recursos\/webinars\/\" \/>\n<meta property=\"og:locale\" content=\"es_ES\" \/>\n<meta property=\"og:type\" content=\"article\" \/>\n<meta property=\"og:title\" content=\"Inscr\u00edbete a nuestros webinars gratuitos - BrickControl\" \/>\n<meta property=\"og:description\" content=\"En este evento de formaci\u00f3n en l\u00ednea nuestro equipo de expertos te ense\u00f1ar\u00e1 a utilizar BrickControl sin l\u00edmites.\" \/>\n<meta property=\"og:url\" content=\"https:\/\/www.brickcontrol.com\/es\/recursos\/webinars\/\" \/>\n<meta property=\"og:site_name\" content=\"BrickControl\" \/>\n<meta property=\"article:modified_time\" content=\"2022-11-15T13:38:29+00:00\" \/>\n<meta property=\"og:image\" content=\"https:\/\/www.brickcontrol.com\/wp-content\/uploads\/2022\/07\/webinar-gratuito.png\" \/>\n<meta name=\"twitter:card\" content=\"summary_large_image\" \/>\n<meta name=\"twitter:label1\" content=\"Tiempo de lectura\" \/>\n\t<meta name=\"twitter:data1\" content=\"2 minutos\" \/>\n<script type=\"application\/ld+json\" class=\"yoast-schema-graph\">{\"@context\":\"https:\/\/schema.org\",\"@graph\":[{\"@type\":\"WebPage\",\"@id\":\"https:\/\/www.brickcontrol.com\/es\/recursos\/webinars\/\",\"url\":\"https:\/\/www.brickcontrol.com\/es\/recursos\/webinars\/\",\"name\":\"Inscr\u00edbete a nuestros webinars gratuitos - BrickControl\",\"isPartOf\":{\"@id\":\"https:\/\/www.brickcontrol.com\/es\/#website\"},\"primaryImageOfPage\":{\"@id\":\"https:\/\/www.brickcontrol.com\/es\/recursos\/webinars\/#primaryimage\"},\"image\":{\"@id\":\"https:\/\/www.brickcontrol.com\/es\/recursos\/webinars\/#primaryimage\"},\"thumbnailUrl\":\"https:\/\/www.brickcontrol.com\/wp-content\/uploads\/2022\/07\/webinar-gratuito.png\",\"datePublished\":\"2021-12-22T11:51:27+00:00\",\"dateModified\":\"2022-11-15T13:38:29+00:00\",\"description\":\"En este evento de formaci\u00f3n en l\u00ednea nuestro equipo de expertos te ense\u00f1ar\u00e1 a utilizar BrickControl sin l\u00edmites.\",\"breadcrumb\":{\"@id\":\"https:\/\/www.brickcontrol.com\/es\/recursos\/webinars\/#breadcrumb\"},\"inLanguage\":\"es\",\"potentialAction\":[{\"@type\":\"ReadAction\",\"target\":[\"https:\/\/www.brickcontrol.com\/es\/recursos\/webinars\/\"]}]},{\"@type\":\"ImageObject\",\"inLanguage\":\"es\",\"@id\":\"https:\/\/www.brickcontrol.com\/es\/recursos\/webinars\/#primaryimage\",\"url\":\"https:\/\/www.brickcontrol.com\/wp-content\/uploads\/2022\/07\/webinar-gratuito.png\",\"contentUrl\":\"https:\/\/www.brickcontrol.com\/wp-content\/uploads\/2022\/07\/webinar-gratuito.png\"},{\"@type\":\"BreadcrumbList\",\"@id\":\"https:\/\/www.brickcontrol.com\/es\/recursos\/webinars\/#breadcrumb\",\"itemListElement\":[{\"@type\":\"ListItem\",\"position\":1,\"name\":\"Home\",\"item\":\"https:\/\/www.brickcontrol.com\/es\/\"},{\"@type\":\"ListItem\",\"position\":2,\"name\":\"Recursos\",\"item\":\"https:\/\/www.brickcontrol.com\/es\/resources\/\"},{\"@type\":\"ListItem\",\"position\":3,\"name\":\"Webinars gratuitos\"}]},{\"@type\":\"WebSite\",\"@id\":\"https:\/\/www.brickcontrol.com\/es\/#website\",\"url\":\"https:\/\/www.brickcontrol.com\/es\/\",\"name\":\"BrickControl\",\"description\":\"BrickControl\",\"publisher\":{\"@id\":\"https:\/\/www.brickcontrol.com\/es\/#organization\"},\"potentialAction\":[{\"@type\":\"SearchAction\",\"target\":{\"@type\":\"EntryPoint\",\"urlTemplate\":\"https:\/\/www.brickcontrol.com\/es\/?s={search_term_string}\"},\"query-input\":{\"@type\":\"PropertyValueSpecification\",\"valueRequired\":true,\"valueName\":\"search_term_string\"}}],\"inLanguage\":\"es\"},{\"@type\":\"Organization\",\"@id\":\"https:\/\/www.brickcontrol.com\/es\/#organization\",\"name\":\"BrickControl\",\"url\":\"https:\/\/www.brickcontrol.com\/es\/\",\"logo\":{\"@type\":\"ImageObject\",\"inLanguage\":\"es\",\"@id\":\"https:\/\/www.brickcontrol.com\/es\/#\/schema\/logo\/image\/\",\"url\":\"https:\/\/www.brickcontrol.com\/wp-content\/uploads\/2024\/04\/logo_brickcontrol.webp\",\"contentUrl\":\"https:\/\/www.brickcontrol.com\/wp-content\/uploads\/2024\/04\/logo_brickcontrol.webp\",\"width\":823,\"height\":216,\"caption\":\"BrickControl\"},\"image\":{\"@id\":\"https:\/\/www.brickcontrol.com\/es\/#\/schema\/logo\/image\/\"}}]}<\/script>\n<!-- \/ Yoast SEO plugin. -->","yoast_head_json":{"title":"Inscr\u00edbete a nuestros webinars gratuitos - BrickControl","description":"En este evento de formaci\u00f3n en l\u00ednea nuestro equipo de expertos te ense\u00f1ar\u00e1 a utilizar BrickControl sin l\u00edmites.","robots":{"index":"index","follow":"follow","max-snippet":"max-snippet:-1","max-image-preview":"max-image-preview:large","max-video-preview":"max-video-preview:-1"},"canonical":"https:\/\/www.brickcontrol.com\/es\/recursos\/webinars\/","og_locale":"es_ES","og_type":"article","og_title":"Inscr\u00edbete a nuestros webinars gratuitos - BrickControl","og_description":"En este evento de formaci\u00f3n en l\u00ednea nuestro equipo de expertos te ense\u00f1ar\u00e1 a utilizar BrickControl sin l\u00edmites.","og_url":"https:\/\/www.brickcontrol.com\/es\/recursos\/webinars\/","og_site_name":"BrickControl","article_modified_time":"2022-11-15T13:38:29+00:00","og_image":[{"url":"https:\/\/www.brickcontrol.com\/wp-content\/uploads\/2022\/07\/webinar-gratuito.png","type":"","width":"","height":""}],"twitter_card":"summary_large_image","twitter_misc":{"Tiempo de lectura":"2 minutos"},"schema":{"@context":"https:\/\/schema.org","@graph":[{"@type":"WebPage","@id":"https:\/\/www.brickcontrol.com\/es\/recursos\/webinars\/","url":"https:\/\/www.brickcontrol.com\/es\/recursos\/webinars\/","name":"Inscr\u00edbete a nuestros webinars gratuitos - BrickControl","isPartOf":{"@id":"https:\/\/www.brickcontrol.com\/es\/#website"},"primaryImageOfPage":{"@id":"https:\/\/www.brickcontrol.com\/es\/recursos\/webinars\/#primaryimage"},"image":{"@id":"https:\/\/www.brickcontrol.com\/es\/recursos\/webinars\/#primaryimage"},"thumbnailUrl":"https:\/\/www.brickcontrol.com\/wp-content\/uploads\/2022\/07\/webinar-gratuito.png","datePublished":"2021-12-22T11:51:27+00:00","dateModified":"2022-11-15T13:38:29+00:00","description":"En este evento de formaci\u00f3n en l\u00ednea nuestro equipo de expertos te ense\u00f1ar\u00e1 a utilizar BrickControl sin l\u00edmites.","breadcrumb":{"@id":"https:\/\/www.brickcontrol.com\/es\/recursos\/webinars\/#breadcrumb"},"inLanguage":"es","potentialAction":[{"@type":"ReadAction","target":["https:\/\/www.brickcontrol.com\/es\/recursos\/webinars\/"]}]},{"@type":"ImageObject","inLanguage":"es","@id":"https:\/\/www.brickcontrol.com\/es\/recursos\/webinars\/#primaryimage","url":"https:\/\/www.brickcontrol.com\/wp-content\/uploads\/2022\/07\/webinar-gratuito.png","contentUrl":"https:\/\/www.brickcontrol.com\/wp-content\/uploads\/2022\/07\/webinar-gratuito.png"},{"@type":"BreadcrumbList","@id":"https:\/\/www.brickcontrol.com\/es\/recursos\/webinars\/#breadcrumb","itemListElement":[{"@type":"ListItem","position":1,"name":"Home","item":"https:\/\/www.brickcontrol.com\/es\/"},{"@type":"ListItem","position":2,"name":"Recursos","item":"https:\/\/www.brickcontrol.com\/es\/resources\/"},{"@type":"ListItem","position":3,"name":"Webinars gratuitos"}]},{"@type":"WebSite","@id":"https:\/\/www.brickcontrol.com\/es\/#website","url":"https:\/\/www.brickcontrol.com\/es\/","name":"BrickControl","description":"BrickControl","publisher":{"@id":"https:\/\/www.brickcontrol.com\/es\/#organization"},"potentialAction":[{"@type":"SearchAction","target":{"@type":"EntryPoint","urlTemplate":"https:\/\/www.brickcontrol.com\/es\/?s={search_term_string}"},"query-input":{"@type":"PropertyValueSpecification","valueRequired":true,"valueName":"search_term_string"}}],"inLanguage":"es"},{"@type":"Organization","@id":"https:\/\/www.brickcontrol.com\/es\/#organization","name":"BrickControl","url":"https:\/\/www.brickcontrol.com\/es\/","logo":{"@type":"ImageObject","inLanguage":"es","@id":"https:\/\/www.brickcontrol.com\/es\/#\/schema\/logo\/image\/","url":"https:\/\/www.brickcontrol.com\/wp-content\/uploads\/2024\/04\/logo_brickcontrol.webp","contentUrl":"https:\/\/www.brickcontrol.com\/wp-content\/uploads\/2024\/04\/logo_brickcontrol.webp","width":823,"height":216,"caption":"BrickControl"},"image":{"@id":"https:\/\/www.brickcontrol.com\/es\/#\/schema\/logo\/image\/"}}]}},"uagb_featured_image_src":{"full":false,"thumbnail":false,"medium":false,"medium_large":false,"large":false,"gs-tiny":false,"xl":false,"xxl":false,"xxxl":false,"xxxxl":false,"xxxxxl":false,"1536x1536":false,"2048x2048":false},"uagb_author_info":{"display_name":"sistemas","author_link":"https:\/\/www.brickcontrol.com\/es\/blog\/author\/sistemas\/"},"uagb_comment_info":0,"uagb_excerpt":null,"_links":{"self":[{"href":"https:\/\/www.brickcontrol.com\/es\/wp-json\/wp\/v2\/pages\/1161","targetHints":{"allow":["GET"]}}],"collection":[{"href":"https:\/\/www.brickcontrol.com\/es\/wp-json\/wp\/v2\/pages"}],"about":[{"href":"https:\/\/www.brickcontrol.com\/es\/wp-json\/wp\/v2\/types\/page"}],"author":[{"embeddable":true,"href":"https:\/\/www.brickcontrol.com\/es\/wp-json\/wp\/v2\/users\/3"}],"replies":[{"embeddable":true,"href":"https:\/\/www.brickcontrol.com\/es\/wp-json\/wp\/v2\/comments?post=1161"}],"version-history":[{"count":3,"href":"https:\/\/www.brickcontrol.com\/es\/wp-json\/wp\/v2\/pages\/1161\/revisions"}],"predecessor-version":[{"id":47663,"href":"https:\/\/www.brickcontrol.com\/es\/wp-json\/wp\/v2\/pages\/1161\/revisions\/47663"}],"up":[{"embeddable":true,"href":"https:\/\/www.brickcontrol.com\/es\/wp-json\/wp\/v2\/pages\/20544"}],"wp:attachment":[{"href":"https:\/\/www.brickcontrol.com\/es\/wp-json\/wp\/v2\/media?parent=1161"}],"curies":[{"name":"wp","href":"https:\/\/api.w.org\/{rel}","templated":true}]}}