{"id":1167,"date":"2021-12-22T12:51:27","date_gmt":"2021-12-22T11:51:27","guid":{"rendered":"https:\/\/test8.brickcontrol.com\/?page_id=1167"},"modified":"2023-01-13T16:18:56","modified_gmt":"2023-01-13T15:18:56","slug":"empresa","status":"publish","type":"page","link":"https:\/\/www.brickcontrol.com\/es\/empresa\/","title":{"rendered":"Sobre nosotros"},"content":{"rendered":"<div class=\"gb-container gb-container-fbcb9a7a gb-container-contenedor-bajo\"><div class=\"gb-inside-container\">\n<div class=\"gb-grid-wrapper gb-grid-wrapper-2afa0935\">\n<div class=\"gb-grid-column gb-grid-column-8d87f1ef\"><div class=\"gb-container gb-container-8d87f1ef\"><div class=\"gb-inside-container\">\n\n<h1 class=\"gb-headline gb-headline-d5d5cdc3 gb-headline-text\"><mark class=\"gb-highlight\">Sobre nuestra empresa<\/mark><\/h1>\n\n\n\n<p class=\"gb-headline gb-headline-0ce5e223 gb-headline-text\">SHM Es una empresa ubicada en Madrid (Espa\u00f1a). Dedicada desde sus inicios en el a\u00f1o 1981 al software para empresas constructoras.<\/p>\n\n<\/div><\/div><\/div>\n\n<div class=\"gb-grid-column gb-grid-column-f079cd4f\"><div class=\"gb-container gb-container-f079cd4f\"><div class=\"gb-inside-container\">\n\n<figure class=\"wp-block-image size-full\"><img loading=\"lazy\" decoding=\"async\" width=\"849\" height=\"746\" src=\"https:\/\/www.brickcontrol.com\/wp-content\/uploads\/2022\/04\/nuestra-historia.png\" alt=\"Sobre BrickControl\" class=\"wp-image-14801\" srcset=\"https:\/\/www.brickcontrol.com\/wp-content\/uploads\/2022\/04\/nuestra-historia.png 849w, https:\/\/www.brickcontrol.com\/wp-content\/uploads\/2022\/04\/nuestra-historia-300x264.png 300w, https:\/\/www.brickcontrol.com\/wp-content\/uploads\/2022\/04\/nuestra-historia-768x675.png 768w\" sizes=\"auto, (max-width: 849px) 100vw, 849px\" \/><\/figure>\n\n<\/div><\/div><\/div>\n<\/div>\n<\/div><\/div>\n\n<div class=\"gb-container gb-container-83356bdb gb-container-contenedor-bajo\"><div class=\"gb-inside-container\">\n<div class=\"gb-container gb-container-54754d91 animated fadeIn\"><div class=\"gb-inside-container\">\n\n<h2 class=\"gb-headline gb-headline-7e9d2705 gb-headline-text\"><mark class=\"gb-highlight\">Expertos en Construcci\u00f3n<\/mark><\/h2>\n\n\n\n<p class=\"gb-headline gb-headline-4b448413 gb-headline-text\">Dada su gran experiencia en el sector y su gran experiencia en los cambios de tecnolog\u00eda de cada \u00e9poca, ha decidido dar el salto al Cloud Computing para ofrecer lo que las distintas empresas demandaban:<\/p>\n\n<\/div><\/div>\n\n<div class=\"gb-grid-wrapper gb-grid-wrapper-10caad16 animated fadeIn\">\n<div class=\"gb-grid-column gb-grid-column-bd6715cd\"><div class=\"gb-container gb-container-bd6715cd\"><div class=\"gb-inside-container\">\n\n<p class=\"gb-headline gb-headline-089ec562\"><span class=\"gb-icon\"><svg aria-hidden=\"true\" role=\"img\" height=\"1em\" width=\"1em\" viewBox=\"0 0 256 512\" xmlns=\"http:\/\/www.w3.org\/2000\/svg\"><path fill=\"currentColor\" d=\"M224.3 273l-136 136c-9.4 9.4-24.6 9.4-33.9 0l-22.6-22.6c-9.4-9.4-9.4-24.6 0-33.9l96.4-96.4-96.4-96.4c-9.4-9.4-9.4-24.6 0-33.9L54.3 103c9.4-9.4 24.6-9.4 33.9 0l136 136c9.5 9.4 9.5 24.6.1 34z\"><\/path><\/svg><\/span><span class=\"gb-headline-text\">Las empresas peque\u00f1as: No se pod\u00edan permitir adquirir un ERP por el precio de la implantaci\u00f3n.<\/span><\/p>\n\n\n\n<p class=\"gb-headline gb-headline-6e278561\"><span class=\"gb-icon\"><svg aria-hidden=\"true\" role=\"img\" height=\"1em\" width=\"1em\" viewBox=\"0 0 256 512\" xmlns=\"http:\/\/www.w3.org\/2000\/svg\"><path fill=\"currentColor\" d=\"M224.3 273l-136 136c-9.4 9.4-24.6 9.4-33.9 0l-22.6-22.6c-9.4-9.4-9.4-24.6 0-33.9l96.4-96.4-96.4-96.4c-9.4-9.4-9.4-24.6 0-33.9L54.3 103c9.4-9.4 24.6-9.4 33.9 0l136 136c9.5 9.4 9.5 24.6.1 34z\"><\/path><\/svg><\/span><span class=\"gb-headline-text\">Las empresas medianas: Si se pod\u00edan permitir adquirir un ERP, pero muchas veces fallaban en la elecci\u00f3n y perd\u00edan la inversi\u00f3n que hab\u00edan hecho. Ahora primero pueden probar gratis si nuestra soluci\u00f3n les encaja en su empresa, y cuando tengan esa seguridad, entonces se suscriben mediante un peque\u00f1o pago mensual sin ning\u00fan tipo de inversi\u00f3n inicial.<\/span><\/p>\n\n\n\n<p class=\"gb-headline gb-headline-82094699\"><span class=\"gb-icon\"><svg aria-hidden=\"true\" role=\"img\" height=\"1em\" width=\"1em\" viewBox=\"0 0 256 512\" xmlns=\"http:\/\/www.w3.org\/2000\/svg\"><path fill=\"currentColor\" d=\"M224.3 273l-136 136c-9.4 9.4-24.6 9.4-33.9 0l-22.6-22.6c-9.4-9.4-9.4-24.6 0-33.9l96.4-96.4-96.4-96.4c-9.4-9.4-9.4-24.6 0-33.9L54.3 103c9.4-9.4 24.6-9.4 33.9 0l136 136c9.5 9.4 9.5 24.6.1 34z\"><\/path><\/svg><\/span><span class=\"gb-headline-text\">Las empresas grandes: Ten\u00edan ERPs financieros del mercado (SAP, Microsoft Dynamics Navision, PeopleSoft\u2026.), que no les cubr\u00edan sus necesidades al ser ERPs financieros y no espec\u00edficos del sector. Ahora con BrickControl las grandes empresas pueden seguir utilizando su ERP financiero para la parte financiera, y nuestro SaaS para gestionar las obras. Y a trav\u00e9s de nuestros Web Services pueden integrar de manera muy sencilla nuestro SaaS con los diversos ERPs financieros del mercado.<\/span><\/p>\n\n<\/div><\/div><\/div>\n\n<div class=\"gb-grid-column gb-grid-column-ed4dd541\"><div class=\"gb-container gb-container-ed4dd541\"><div class=\"gb-inside-container\">\n\n<figure class=\"wp-block-image size-full is-resized\"><img loading=\"lazy\" decoding=\"async\" src=\"https:\/\/www.brickcontrol.com\/wp-content\/uploads\/2022\/02\/brickcontrol-software-image-hero.png\" alt=\"Expertos en Construcci\u00f3n\" class=\"wp-image-3539\" width=\"395\" height=\"355\" srcset=\"https:\/\/www.brickcontrol.com\/wp-content\/uploads\/2022\/02\/brickcontrol-software-image-hero.png 790w, https:\/\/www.brickcontrol.com\/wp-content\/uploads\/2022\/02\/brickcontrol-software-image-hero-300x270.png 300w, https:\/\/www.brickcontrol.com\/wp-content\/uploads\/2022\/02\/brickcontrol-software-image-hero-768x690.png 768w\" sizes=\"auto, (max-width: 395px) 100vw, 395px\" \/><\/figure>\n\n<\/div><\/div><\/div>\n<\/div>\n<\/div><div class=\"gb-shapes\"><div class=\"gb-shape gb-shape-1\"><svg xmlns=\"http:\/\/www.w3.org\/2000\/svg\" viewBox=\"0 0 1200 194.3\" preserveAspectRatio=\"none\"><path d=\"M1200 133.3l-50 8.9c-50 8.6-150 26.9-250 31.1-100 4.2-200-4.2-300-26.7S400 89.2 300 62.2C200 35.8 100 17.5 50 8.9L0 0v194.3h1200v-61z\"\/><\/svg><\/div><div class=\"gb-shape gb-shape-2\"><svg xmlns=\"http:\/\/www.w3.org\/2000\/svg\" viewBox=\"0 0 1200 194.3\" preserveAspectRatio=\"none\"><path d=\"M1200 133.3l-50 8.9c-50 8.6-150 26.9-250 31.1-100 4.2-200-4.2-300-26.7S400 89.2 300 62.2C200 35.8 100 17.5 50 8.9L0 0v194.3h1200v-61z\"\/><\/svg><\/div><\/div><\/div>\n\n<div class=\"gb-container gb-container-50bb61fb animated fadeIn gb-container-contenedor-mediano\"><div class=\"gb-inside-container\">\n<div class=\"gb-grid-wrapper gb-grid-wrapper-013eddcd animated fadeIn\">\n<div class=\"gb-grid-column gb-grid-column-1c6d09be\"><div class=\"gb-container gb-container-1c6d09be\"><div class=\"gb-inside-container\">\n<div class=\"gb-container gb-container-40792658\"><div class=\"gb-inside-container\"><\/div><\/div>\n<\/div><\/div><\/div>\n\n<div class=\"gb-grid-column gb-grid-column-726ae0bc\"><div class=\"gb-container gb-container-726ae0bc\"><div class=\"gb-inside-container\">\n\n<h2 class=\"gb-headline gb-headline-334dad58 gb-headline-text\">M\u00e1s de 30 a\u00f1os de experiencia en software para constructoras y arquitectos<\/h2>\n\n\n\n<p class=\"gb-headline gb-headline-75c9ea93 gb-headline-text\">Gracias a la gran experiencia de SHM como consecuencia de las m\u00faltiples ideas aportadas por nuestros clientes durante todos estos a\u00f1os, podemos ofrecer a nivel mundial un software muy f\u00e1cil de utilizar, muy potente y que ofrece soluciones a empresas de todos los tama\u00f1os.<\/p>\n\n<\/div><\/div><\/div>\n\n<div class=\"gb-grid-column gb-grid-column-a3d652d5\"><div class=\"gb-container gb-container-a3d652d5\"><div class=\"gb-inside-container\">\n<div class=\"gb-container gb-container-7f0bdad8\"><div class=\"gb-inside-container\"><\/div><\/div>\n<\/div><\/div><\/div>\n<\/div>\n<\/div><\/div>","protected":false},"excerpt":{"rendered":"<p>Expertos en Construcci\u00f3n Dada su gran experiencia en el sector y su gran experiencia en &#8230; <a title=\"Sobre nosotros\" class=\"read-more\" href=\"https:\/\/www.brickcontrol.com\/es\/empresa\/\" aria-label=\"Leer m\u00e1s sobre Sobre nosotros\">Leer m\u00e1s<\/a><\/p>\n","protected":false},"author":3,"featured_media":0,"parent":0,"menu_order":0,"comment_status":"closed","ping_status":"closed","template":"","meta":{"inline_featured_image":false,"_uag_custom_page_level_css":"","footnotes":""},"class_list":{"0":"post-1167","1":"page","2":"type-page","3":"status-publish","5":"infinite-scroll-item"},"yoast_head":"<!-- This site is optimized with the Yoast SEO plugin v24.3 - https:\/\/yoast.com\/wordpress\/plugins\/seo\/ -->\n<title>Sobre nuestra empresa - BrickControl<\/title>\n<meta name=\"description\" content=\"Somos una empresa ubicada en Madrid, Espa\u00f1a, con m\u00e1s de 30 a\u00f1os de experiencia en desarrollo software para empresas constructoras.\" \/>\n<meta name=\"robots\" content=\"index, follow, max-snippet:-1, max-image-preview:large, max-video-preview:-1\" \/>\n<link rel=\"canonical\" href=\"https:\/\/www.brickcontrol.com\/es\/empresa\/\" \/>\n<meta property=\"og:locale\" content=\"es_ES\" \/>\n<meta property=\"og:type\" content=\"article\" \/>\n<meta property=\"og:title\" content=\"Sobre nuestra empresa - BrickControl\" \/>\n<meta property=\"og:description\" content=\"Somos una empresa ubicada en Madrid, Espa\u00f1a, con m\u00e1s de 30 a\u00f1os de experiencia en desarrollo software para empresas constructoras.\" \/>\n<meta property=\"og:url\" content=\"https:\/\/www.brickcontrol.com\/es\/empresa\/\" \/>\n<meta property=\"og:site_name\" content=\"BrickControl\" \/>\n<meta property=\"article:modified_time\" content=\"2023-01-13T15:18:56+00:00\" \/>\n<meta property=\"og:image\" content=\"https:\/\/www.brickcontrol.com\/wp-content\/uploads\/2022\/04\/nuestra-historia.png\" \/>\n<meta name=\"twitter:card\" content=\"summary_large_image\" \/>\n<meta name=\"twitter:label1\" content=\"Tiempo de lectura\" \/>\n\t<meta name=\"twitter:data1\" content=\"2 minutos\" \/>\n<script type=\"application\/ld+json\" class=\"yoast-schema-graph\">{\"@context\":\"https:\/\/schema.org\",\"@graph\":[{\"@type\":\"WebPage\",\"@id\":\"https:\/\/www.brickcontrol.com\/es\/empresa\/\",\"url\":\"https:\/\/www.brickcontrol.com\/es\/empresa\/\",\"name\":\"Sobre nuestra empresa - BrickControl\",\"isPartOf\":{\"@id\":\"https:\/\/www.brickcontrol.com\/es\/#website\"},\"primaryImageOfPage\":{\"@id\":\"https:\/\/www.brickcontrol.com\/es\/empresa\/#primaryimage\"},\"image\":{\"@id\":\"https:\/\/www.brickcontrol.com\/es\/empresa\/#primaryimage\"},\"thumbnailUrl\":\"https:\/\/www.brickcontrol.com\/wp-content\/uploads\/2022\/04\/nuestra-historia.png\",\"datePublished\":\"2021-12-22T11:51:27+00:00\",\"dateModified\":\"2023-01-13T15:18:56+00:00\",\"description\":\"Somos una empresa ubicada en Madrid, Espa\u00f1a, con m\u00e1s de 30 a\u00f1os de experiencia en desarrollo software para empresas constructoras.\",\"breadcrumb\":{\"@id\":\"https:\/\/www.brickcontrol.com\/es\/empresa\/#breadcrumb\"},\"inLanguage\":\"es\",\"potentialAction\":[{\"@type\":\"ReadAction\",\"target\":[\"https:\/\/www.brickcontrol.com\/es\/empresa\/\"]}]},{\"@type\":\"ImageObject\",\"inLanguage\":\"es\",\"@id\":\"https:\/\/www.brickcontrol.com\/es\/empresa\/#primaryimage\",\"url\":\"https:\/\/www.brickcontrol.com\/wp-content\/uploads\/2022\/04\/nuestra-historia.png\",\"contentUrl\":\"https:\/\/www.brickcontrol.com\/wp-content\/uploads\/2022\/04\/nuestra-historia.png\"},{\"@type\":\"BreadcrumbList\",\"@id\":\"https:\/\/www.brickcontrol.com\/es\/empresa\/#breadcrumb\",\"itemListElement\":[{\"@type\":\"ListItem\",\"position\":1,\"name\":\"Home\",\"item\":\"https:\/\/www.brickcontrol.com\/es\/\"},{\"@type\":\"ListItem\",\"position\":2,\"name\":\"Sobre nosotros\"}]},{\"@type\":\"WebSite\",\"@id\":\"https:\/\/www.brickcontrol.com\/es\/#website\",\"url\":\"https:\/\/www.brickcontrol.com\/es\/\",\"name\":\"BrickControl\",\"description\":\"BrickControl\",\"publisher\":{\"@id\":\"https:\/\/www.brickcontrol.com\/es\/#organization\"},\"potentialAction\":[{\"@type\":\"SearchAction\",\"target\":{\"@type\":\"EntryPoint\",\"urlTemplate\":\"https:\/\/www.brickcontrol.com\/es\/?s={search_term_string}\"},\"query-input\":{\"@type\":\"PropertyValueSpecification\",\"valueRequired\":true,\"valueName\":\"search_term_string\"}}],\"inLanguage\":\"es\"},{\"@type\":\"Organization\",\"@id\":\"https:\/\/www.brickcontrol.com\/es\/#organization\",\"name\":\"BrickControl\",\"url\":\"https:\/\/www.brickcontrol.com\/es\/\",\"logo\":{\"@type\":\"ImageObject\",\"inLanguage\":\"es\",\"@id\":\"https:\/\/www.brickcontrol.com\/es\/#\/schema\/logo\/image\/\",\"url\":\"https:\/\/www.brickcontrol.com\/wp-content\/uploads\/2024\/04\/logo_brickcontrol.webp\",\"contentUrl\":\"https:\/\/www.brickcontrol.com\/wp-content\/uploads\/2024\/04\/logo_brickcontrol.webp\",\"width\":823,\"height\":216,\"caption\":\"BrickControl\"},\"image\":{\"@id\":\"https:\/\/www.brickcontrol.com\/es\/#\/schema\/logo\/image\/\"}}]}<\/script>\n<!-- \/ Yoast SEO plugin. -->","yoast_head_json":{"title":"Sobre nuestra empresa - BrickControl","description":"Somos una empresa ubicada en Madrid, Espa\u00f1a, con m\u00e1s de 30 a\u00f1os de experiencia en desarrollo software para empresas constructoras.","robots":{"index":"index","follow":"follow","max-snippet":"max-snippet:-1","max-image-preview":"max-image-preview:large","max-video-preview":"max-video-preview:-1"},"canonical":"https:\/\/www.brickcontrol.com\/es\/empresa\/","og_locale":"es_ES","og_type":"article","og_title":"Sobre nuestra empresa - BrickControl","og_description":"Somos una empresa ubicada en Madrid, Espa\u00f1a, con m\u00e1s de 30 a\u00f1os de experiencia en desarrollo software para empresas constructoras.","og_url":"https:\/\/www.brickcontrol.com\/es\/empresa\/","og_site_name":"BrickControl","article_modified_time":"2023-01-13T15:18:56+00:00","og_image":[{"url":"https:\/\/www.brickcontrol.com\/wp-content\/uploads\/2022\/04\/nuestra-historia.png","type":"","width":"","height":""}],"twitter_card":"summary_large_image","twitter_misc":{"Tiempo de lectura":"2 minutos"},"schema":{"@context":"https:\/\/schema.org","@graph":[{"@type":"WebPage","@id":"https:\/\/www.brickcontrol.com\/es\/empresa\/","url":"https:\/\/www.brickcontrol.com\/es\/empresa\/","name":"Sobre nuestra empresa - BrickControl","isPartOf":{"@id":"https:\/\/www.brickcontrol.com\/es\/#website"},"primaryImageOfPage":{"@id":"https:\/\/www.brickcontrol.com\/es\/empresa\/#primaryimage"},"image":{"@id":"https:\/\/www.brickcontrol.com\/es\/empresa\/#primaryimage"},"thumbnailUrl":"https:\/\/www.brickcontrol.com\/wp-content\/uploads\/2022\/04\/nuestra-historia.png","datePublished":"2021-12-22T11:51:27+00:00","dateModified":"2023-01-13T15:18:56+00:00","description":"Somos una empresa ubicada en Madrid, Espa\u00f1a, con m\u00e1s de 30 a\u00f1os de experiencia en desarrollo software para empresas constructoras.","breadcrumb":{"@id":"https:\/\/www.brickcontrol.com\/es\/empresa\/#breadcrumb"},"inLanguage":"es","potentialAction":[{"@type":"ReadAction","target":["https:\/\/www.brickcontrol.com\/es\/empresa\/"]}]},{"@type":"ImageObject","inLanguage":"es","@id":"https:\/\/www.brickcontrol.com\/es\/empresa\/#primaryimage","url":"https:\/\/www.brickcontrol.com\/wp-content\/uploads\/2022\/04\/nuestra-historia.png","contentUrl":"https:\/\/www.brickcontrol.com\/wp-content\/uploads\/2022\/04\/nuestra-historia.png"},{"@type":"BreadcrumbList","@id":"https:\/\/www.brickcontrol.com\/es\/empresa\/#breadcrumb","itemListElement":[{"@type":"ListItem","position":1,"name":"Home","item":"https:\/\/www.brickcontrol.com\/es\/"},{"@type":"ListItem","position":2,"name":"Sobre nosotros"}]},{"@type":"WebSite","@id":"https:\/\/www.brickcontrol.com\/es\/#website","url":"https:\/\/www.brickcontrol.com\/es\/","name":"BrickControl","description":"BrickControl","publisher":{"@id":"https:\/\/www.brickcontrol.com\/es\/#organization"},"potentialAction":[{"@type":"SearchAction","target":{"@type":"EntryPoint","urlTemplate":"https:\/\/www.brickcontrol.com\/es\/?s={search_term_string}"},"query-input":{"@type":"PropertyValueSpecification","valueRequired":true,"valueName":"search_term_string"}}],"inLanguage":"es"},{"@type":"Organization","@id":"https:\/\/www.brickcontrol.com\/es\/#organization","name":"BrickControl","url":"https:\/\/www.brickcontrol.com\/es\/","logo":{"@type":"ImageObject","inLanguage":"es","@id":"https:\/\/www.brickcontrol.com\/es\/#\/schema\/logo\/image\/","url":"https:\/\/www.brickcontrol.com\/wp-content\/uploads\/2024\/04\/logo_brickcontrol.webp","contentUrl":"https:\/\/www.brickcontrol.com\/wp-content\/uploads\/2024\/04\/logo_brickcontrol.webp","width":823,"height":216,"caption":"BrickControl"},"image":{"@id":"https:\/\/www.brickcontrol.com\/es\/#\/schema\/logo\/image\/"}}]}},"uagb_featured_image_src":{"full":false,"thumbnail":false,"medium":false,"medium_large":false,"large":false,"gs-tiny":false,"xl":false,"xxl":false,"xxxl":false,"xxxxl":false,"xxxxxl":false,"1536x1536":false,"2048x2048":false},"uagb_author_info":{"display_name":"sistemas","author_link":"https:\/\/www.brickcontrol.com\/es\/blog\/author\/sistemas\/"},"uagb_comment_info":0,"uagb_excerpt":"Expertos en Construcci\u00f3n Dada su gran experiencia en el sector y su gran experiencia en ... Leer m\u00e1s","_links":{"self":[{"href":"https:\/\/www.brickcontrol.com\/es\/wp-json\/wp\/v2\/pages\/1167","targetHints":{"allow":["GET"]}}],"collection":[{"href":"https:\/\/www.brickcontrol.com\/es\/wp-json\/wp\/v2\/pages"}],"about":[{"href":"https:\/\/www.brickcontrol.com\/es\/wp-json\/wp\/v2\/types\/page"}],"author":[{"embeddable":true,"href":"https:\/\/www.brickcontrol.com\/es\/wp-json\/wp\/v2\/users\/3"}],"replies":[{"embeddable":true,"href":"https:\/\/www.brickcontrol.com\/es\/wp-json\/wp\/v2\/comments?post=1167"}],"version-history":[{"count":3,"href":"https:\/\/www.brickcontrol.com\/es\/wp-json\/wp\/v2\/pages\/1167\/revisions"}],"predecessor-version":[{"id":40787,"href":"https:\/\/www.brickcontrol.com\/es\/wp-json\/wp\/v2\/pages\/1167\/revisions\/40787"}],"wp:attachment":[{"href":"https:\/\/www.brickcontrol.com\/es\/wp-json\/wp\/v2\/media?parent=1167"}],"curies":[{"name":"wp","href":"https:\/\/api.w.org\/{rel}","templated":true}]}}