{"id":1170,"date":"2021-12-22T12:51:28","date_gmt":"2021-12-22T11:51:28","guid":{"rendered":"https:\/\/test8.brickcontrol.com\/?page_id=1170"},"modified":"2025-01-21T11:03:37","modified_gmt":"2025-01-21T10:03:37","slug":"casos-de-exito","status":"publish","type":"page","link":"https:\/\/www.brickcontrol.com\/es\/empresa\/casos-de-exito\/","title":{"rendered":"Casos de \u00e9xito"},"content":{"rendered":"<div class=\"gb-container gb-container-5491b456 gb-container-minimo\"><div class=\"gb-inside-container\">\n<div class=\"gb-container gb-container-f3d48f33 gb-container-minimo\"><div class=\"gb-inside-container\">\n\n<h1 class=\"gb-headline gb-headline-8506b735 gb-headline-text\">Casos de \u00e9xito: opiniones de nuestros clientes<\/h1>\n\n\n\n<p class=\"gb-headline gb-headline-9ecd9851 gb-headline-text\">Comprueba como han mejorado nuestros clientes la gesti\u00f3n de su empresa gracias a BrickControl.<\/p>\n\n<\/div><\/div>\n\n<div class=\"gb-container gb-container-4f326176\"><div class=\"gb-inside-container\">\n<div class=\"gb-grid-wrapper gb-grid-wrapper-a6fe9f24 animated fadeIn\">\n<div class=\"gb-grid-column gb-grid-column-f06d0783\"><div class=\"gb-container gb-container-f06d0783\"><div class=\"gb-inside-container\">\n\n<div class=\"wp-block-uagb-info-box uagb-block-9525cb30 uagb-infobox__content-wrap  uagb-infobox_cta-type-all uagb-infobox-icon-above-title uagb-infobox-image-valign-top\"><a href=\"https:\/\/www.brickcontrol.com\/es\/empresa\/casos-de-exito\/acciona\/\" class=\"uagb-infobox-link-wrap uagb-infbox__link-to-all\" target=\"_self\" aria-label=\"Infobox Link\" rel=\"noopener noreferrer\" onclick=\"return true;\"><\/a><div class=\"uagb-ifb-content\"><div class=\"uagb-ifb-image-content\"><img decoding=\"async\" src=\"https:\/\/www.brickcontrol.com\/wp-content\/uploads\/2022\/04\/logo-acciona-bc.jpg\" alt=\"\" width=\"150\" height=\"75\" loading=\"lazy\"\/><\/div><div class=\"uagb-ifb-title-wrap\"><h3 class=\"uagb-ifb-title\">Acciona<\/h3><\/div><div class=\"uagb-ifb-separator\"><\/div><p class=\"uagb-ifb-desc\">Empresa con presencia en m\u00e1s de 40 pa\u00edses, l\u00edder en proyectos de servicios energ\u00e9ticos.<\/p><div class=\"uagb-ifb-button-wrapper wp-block-button\"><\/div><\/div><\/div>\n\n<\/div><\/div><\/div>\n\n<div class=\"gb-grid-column gb-grid-column-092bff01\"><div class=\"gb-container gb-container-092bff01\"><div class=\"gb-inside-container\">\n\n<div class=\"wp-block-uagb-info-box uagb-block-0290b8ef uagb-infobox__content-wrap  uagb-infobox_cta-type-all uagb-infobox-icon-above-title uagb-infobox-image-valign-top\"><a href=\"https:\/\/www.brickcontrol.com\/es\/empresa\/casos-de-exito\/eix114\/\" class=\"uagb-infobox-link-wrap uagb-infbox__link-to-all\" target=\"_self\" aria-label=\"Infobox Link\" rel=\"noopener noreferrer\" onclick=\"return true;\"><\/a><div class=\"uagb-ifb-content\"><div class=\"uagb-ifb-image-content\"><img decoding=\"async\" src=\"https:\/\/www.brickcontrol.com\/wp-content\/uploads\/2022\/04\/logo-eix.jpg\" alt=\"EIX114\" width=\"150\" height=\"75\" loading=\"lazy\"\/><\/div><div class=\"uagb-ifb-title-wrap\"><h3 class=\"uagb-ifb-title\">EIX114<\/h3><\/div><div class=\"uagb-ifb-separator\"><\/div><p class=\"uagb-ifb-desc\">Empresa dedicada a obras especiales.<\/p><div class=\"uagb-ifb-button-wrapper wp-block-button\"><\/div><\/div><\/div>\n\n<\/div><\/div><\/div>\n\n<div class=\"gb-grid-column gb-grid-column-a5466998\"><div class=\"gb-container gb-container-a5466998\"><div class=\"gb-inside-container\">\n\n<div class=\"wp-block-uagb-info-box uagb-block-49666e81 uagb-infobox__content-wrap  uagb-infobox_cta-type-all uagb-infobox-icon-above-title uagb-infobox-image-valign-top\"><a href=\"https:\/\/www.brickcontrol.com\/es\/empresa\/casos-de-exito\/viraje-arquitectura-s-l\/\" class=\"uagb-infobox-link-wrap uagb-infbox__link-to-all\" target=\"_self\" aria-label=\"Infobox Link\" rel=\"noopener noreferrer\" onclick=\"return true;\"><\/a><div class=\"uagb-ifb-content\"><div class=\"uagb-ifb-image-content\"><img decoding=\"async\" src=\"https:\/\/www.brickcontrol.com\/wp-content\/uploads\/2025\/01\/Logo-Viraje-200x100-para-WordPress-casos-exito.png\" alt=\"\" width=\"150\" height=\"75\" loading=\"lazy\"\/><\/div><div class=\"uagb-ifb-title-wrap\"><h3 class=\"uagb-ifb-title\">Viraje<\/h3><\/div><div class=\"uagb-ifb-separator\"><\/div><p class=\"uagb-ifb-desc\">Empresa de arquitectura y edificaci\u00f3n que ofrece soluciones innovadoras.<\/p><div class=\"uagb-ifb-button-wrapper wp-block-button\"><\/div><\/div><\/div>\n\n<\/div><\/div><\/div>\n\n<div class=\"gb-grid-column gb-grid-column-21dd4aa4\"><div class=\"gb-container gb-container-21dd4aa4\"><div class=\"gb-inside-container\">\n\n<div class=\"wp-block-uagb-info-box uagb-block-559aeb3d uagb-infobox__content-wrap  uagb-infobox_cta-type-all uagb-infobox-icon-above-title uagb-infobox-image-valign-top\"><a href=\"https:\/\/www.brickcontrol.com\/es\/empresa\/casos-de-exito\/bricons\/\" class=\"uagb-infobox-link-wrap uagb-infbox__link-to-all\" target=\"_self\" aria-label=\"Infobox Link\" rel=\"noopener noreferrer\" onclick=\"return true;\"><\/a><div class=\"uagb-ifb-content\"><div class=\"uagb-ifb-image-content\"><img decoding=\"async\" src=\"https:\/\/www.brickcontrol.com\/wp-content\/uploads\/2025\/01\/Bricons-200x100-1.png\" alt=\"\" width=\"150\" height=\"62\" loading=\"lazy\"\/><\/div><div class=\"uagb-ifb-title-wrap\"><h3 class=\"uagb-ifb-title\">Bricons<\/h3><\/div><div class=\"uagb-ifb-separator\"><\/div><p class=\"uagb-ifb-desc\">Constructora argentina especializada en arquitectura, infraestructura vial, hidr\u00e1ulica y gesti\u00f3n de residuos urbanos.<\/p><div class=\"uagb-ifb-button-wrapper wp-block-button\"><\/div><\/div><\/div>\n\n<\/div><\/div><\/div>\n<\/div>\n\n<div class=\"gb-grid-wrapper gb-grid-wrapper-b561a068 animated fadeIn\">\n<div class=\"gb-grid-column gb-grid-column-c040b08d\"><div class=\"gb-container gb-container-c040b08d\"><div class=\"gb-inside-container\">\n\n<div class=\"wp-block-uagb-info-box uagb-block-778df125 uagb-infobox__content-wrap  uagb-infobox_cta-type-all uagb-infobox-icon-above-title uagb-infobox-image-valign-top\"><a href=\"https:\/\/www.brickcontrol.com\/es\/empresa\/casos-de-exito\/2pm-consulting\/\" class=\"uagb-infobox-link-wrap uagb-infbox__link-to-all\" target=\"_self\" aria-label=\"Infobox Link\" rel=\"noopener noreferrer\" onclick=\"return true;\"><\/a><div class=\"uagb-ifb-content\"><div class=\"uagb-ifb-image-content\"><img decoding=\"async\" src=\"https:\/\/www.brickcontrol.com\/wp-content\/uploads\/2022\/04\/logo-bymore.jpg\" alt=\"\" width=\"150\" height=\"75\" loading=\"lazy\"\/><\/div><div class=\"uagb-ifb-title-wrap\"><h3 class=\"uagb-ifb-title\">2PM Consulting<\/h3><\/div><div class=\"uagb-ifb-separator\"><\/div><p class=\"uagb-ifb-desc\">Trabajamos una gesti\u00f3n integrada y unitaria de la totalidad de las fases de un proyecto.<\/p><div class=\"uagb-ifb-button-wrapper wp-block-button\"><\/div><\/div><\/div>\n\n<\/div><\/div><\/div>\n\n<div class=\"gb-grid-column gb-grid-column-a1aaa3ca\"><div class=\"gb-container gb-container-a1aaa3ca\"><div class=\"gb-inside-container\">\n\n<div class=\"wp-block-uagb-info-box uagb-block-fd9894b8 uagb-infobox__content-wrap  uagb-infobox_cta-type-all uagb-infobox-icon-above-title uagb-infobox-image-valign-top\"><a href=\"https:\/\/www.brickcontrol.com\/es\/empresa\/casos-de-exito\/fachadas-zaren\/\" class=\"uagb-infobox-link-wrap uagb-infbox__link-to-all\" target=\"_self\" aria-label=\"Infobox Link\" rel=\"noopener noreferrer\" onclick=\"return true;\"><\/a><div class=\"uagb-ifb-content\"><div class=\"uagb-ifb-image-content\"><img decoding=\"async\" src=\"https:\/\/www.brickcontrol.com\/wp-content\/uploads\/2022\/04\/logo-fachadas-zaren.jpg\" alt=\"\" width=\"150\" height=\"75\" loading=\"lazy\"\/><\/div><div class=\"uagb-ifb-title-wrap\"><h3 class=\"uagb-ifb-title\">Fachadas Zaren<\/h3><\/div><div class=\"uagb-ifb-separator\"><\/div><p class=\"uagb-ifb-desc\">Especialistas en rehabilitaci\u00f3n de edificios y reformas de interiores. Nuestro trabajo es garant\u00eda de profesionalidad.<\/p><div class=\"uagb-ifb-button-wrapper wp-block-button\"><\/div><\/div><\/div>\n\n<\/div><\/div><\/div>\n\n<div class=\"gb-grid-column gb-grid-column-9cf66582\"><div class=\"gb-container gb-container-9cf66582\"><div class=\"gb-inside-container\">\n\n<div class=\"wp-block-uagb-info-box uagb-block-d339de78 uagb-infobox__content-wrap  uagb-infobox_cta-type-all uagb-infobox-icon-above-title uagb-infobox-image-valign-top\"><a href=\"https:\/\/www.brickcontrol.com\/es\/empresa\/casos-de-exito\/ceiisa\/\" class=\"uagb-infobox-link-wrap uagb-infbox__link-to-all\" target=\"_self\" aria-label=\"Infobox Link\" rel=\"noopener noreferrer\" onclick=\"return true;\"><\/a><div class=\"uagb-ifb-content\"><div class=\"uagb-ifb-image-content\"><img decoding=\"async\" src=\"https:\/\/www.brickcontrol.com\/wp-content\/uploads\/2022\/04\/logo-ceiisa.jpg\" alt=\"\" width=\"150\" height=\"75\" loading=\"lazy\"\/><\/div><div class=\"uagb-ifb-title-wrap\"><h3 class=\"uagb-ifb-title\">Ceiisa<\/h3><\/div><div class=\"uagb-ifb-separator\"><\/div><p class=\"uagb-ifb-desc\">Empresa en la que nos dedicamos a la ejecuci\u00f3n de proyectos de construcci\u00f3n.<\/p><div class=\"uagb-ifb-button-wrapper wp-block-button\"><\/div><\/div><\/div>\n\n<\/div><\/div><\/div>\n\n<div class=\"gb-grid-column gb-grid-column-5dafd6e1\"><div class=\"gb-container gb-container-5dafd6e1\"><div class=\"gb-inside-container\">\n\n<div class=\"wp-block-uagb-info-box uagb-block-5bd2f6d2 uagb-infobox__content-wrap  uagb-infobox_cta-type-all uagb-infobox-icon-above-title uagb-infobox-image-valign-top\"><a href=\"https:\/\/www.brickcontrol.com\/es\/empresa\/casos-de-exito\/baumester\/\" class=\"uagb-infobox-link-wrap uagb-infbox__link-to-all\" target=\"_self\" aria-label=\"Infobox Link\" rel=\"noopener noreferrer\" onclick=\"return true;\"><\/a><div class=\"uagb-ifb-content\"><div class=\"uagb-ifb-image-content\"><img decoding=\"async\" src=\"https:\/\/www.brickcontrol.com\/wp-content\/uploads\/2022\/04\/logo-baumester.jpg\" alt=\"\" width=\"150\" height=\"75\" loading=\"lazy\"\/><\/div><div class=\"uagb-ifb-title-wrap\"><h3 class=\"uagb-ifb-title\">Baumester<\/h3><\/div><div class=\"uagb-ifb-separator\"><\/div><p class=\"uagb-ifb-desc\">Empresa en la que planificamos, coordinamos y ejecutamos cualquier proyecto, tanto de reforma como de obra nueva.<\/p><div class=\"uagb-ifb-button-wrapper wp-block-button\"><\/div><\/div><\/div>\n\n<\/div><\/div><\/div>\n<\/div>\n\n<div class=\"gb-grid-wrapper gb-grid-wrapper-cb41d895 animated fadeIn\">\n<div class=\"gb-grid-column gb-grid-column-2f8af890\"><div class=\"gb-container gb-container-2f8af890\"><div class=\"gb-inside-container\">\n\n<div class=\"wp-block-uagb-info-box uagb-block-50c9857b uagb-infobox__content-wrap  uagb-infobox_cta-type-all uagb-infobox-icon-above-title uagb-infobox-image-valign-top\"><a href=\"https:\/\/www.brickcontrol.com\/es\/empresa\/casos-de-exito\/koa-interiorismo\/\" class=\"uagb-infobox-link-wrap uagb-infbox__link-to-all\" target=\"_self\" aria-label=\"Infobox Link\" rel=\"noopener noreferrer\" onclick=\"return true;\"><\/a><div class=\"uagb-ifb-content\"><div class=\"uagb-ifb-image-content\"><img decoding=\"async\" src=\"https:\/\/www.brickcontrol.com\/wp-content\/uploads\/2022\/04\/logo-koa.jpg\" alt=\"\" width=\"150\" height=\"75\" loading=\"lazy\"\/><\/div><div class=\"uagb-ifb-title-wrap\"><h3 class=\"uagb-ifb-title\">Koa Interiorismo<\/h3><\/div><div class=\"uagb-ifb-separator\"><\/div><p class=\"uagb-ifb-desc\">Koa dise\u00f1a y ejecuta proyectos integrales para su hogar y para su negocio.<\/p><div class=\"uagb-ifb-button-wrapper wp-block-button\"><\/div><\/div><\/div>\n\n<\/div><\/div><\/div>\n\n<div class=\"gb-grid-column gb-grid-column-87d103c7\"><div class=\"gb-container gb-container-87d103c7\"><div class=\"gb-inside-container\">\n\n<div class=\"wp-block-uagb-info-box uagb-block-73edcec7 uagb-infobox__content-wrap  uagb-infobox_cta-type-all uagb-infobox-icon-above-title uagb-infobox-image-valign-top\"><a href=\"https:\/\/www.brickcontrol.com\/es\/empresa\/casos-de-exito\/mugisa\/\" class=\"uagb-infobox-link-wrap uagb-infbox__link-to-all\" target=\"_self\" aria-label=\"Infobox Link\" rel=\"noopener noreferrer\" onclick=\"return true;\"><\/a><div class=\"uagb-ifb-content\"><div class=\"uagb-ifb-image-content\"><img decoding=\"async\" src=\"https:\/\/www.brickcontrol.com\/wp-content\/uploads\/2022\/04\/logo-mugisa.jpg\" alt=\"\" width=\"150\" height=\"75\" loading=\"lazy\"\/><\/div><div class=\"uagb-ifb-title-wrap\"><h3 class=\"uagb-ifb-title\">Mugisa<\/h3><\/div><div class=\"uagb-ifb-separator\"><\/div><p class=\"uagb-ifb-desc\">Empresa en la que nos encargamos de todas las fases de construcci\u00f3n de la edificaci\u00f3n de la obra.<\/p><div class=\"uagb-ifb-button-wrapper wp-block-button\"><\/div><\/div><\/div>\n\n<\/div><\/div><\/div>\n\n<div class=\"gb-grid-column gb-grid-column-fe38b498\"><div class=\"gb-container gb-container-fe38b498\"><div class=\"gb-inside-container\">\n\n<div class=\"wp-block-uagb-info-box uagb-block-825f0623 uagb-infobox__content-wrap  uagb-infobox_cta-type-all uagb-infobox-icon-above-title uagb-infobox-image-valign-top\"><a href=\"https:\/\/www.brickcontrol.com\/es\/empresa\/casos-de-exito\/zar-obras-y-servicios\/\" class=\"uagb-infobox-link-wrap uagb-infbox__link-to-all\" target=\"_self\" aria-label=\"Infobox Link\" rel=\"noopener noreferrer\" onclick=\"return true;\"><\/a><div class=\"uagb-ifb-content\"><div class=\"uagb-ifb-image-content\"><img decoding=\"async\" src=\"https:\/\/www.brickcontrol.com\/wp-content\/uploads\/2025\/01\/ZAR-200x100-casos-exito.png\" alt=\"\" width=\"150\" height=\"75\" loading=\"lazy\"\/><\/div><div class=\"uagb-ifb-title-wrap\"><h3 class=\"uagb-ifb-title\">ZAR Obras y Servicios<\/h3><\/div><div class=\"uagb-ifb-separator\"><\/div><p class=\"uagb-ifb-desc\">Empresa especializada en obras residenciales, oficinas, locales y obra p\u00fablica.<\/p><div class=\"uagb-ifb-button-wrapper wp-block-button\"><\/div><\/div><\/div>\n\n<\/div><\/div><\/div>\n\n<div class=\"gb-grid-column gb-grid-column-07a0e585\"><div class=\"gb-container gb-container-07a0e585\"><div class=\"gb-inside-container\">\n\n<div class=\"wp-block-uagb-info-box uagb-block-be2ac7d1 uagb-infobox__content-wrap  uagb-infobox_cta-type-all uagb-infobox-icon-above-title uagb-infobox-image-valign-top\"><a href=\"https:\/\/www.brickcontrol.com\/es\/empresa\/casos-de-exito\/jesus-martin-gonzalez-ruiz\/\" class=\"uagb-infobox-link-wrap uagb-infbox__link-to-all\" target=\"_self\" aria-label=\"Infobox Link\" rel=\"noopener noreferrer\" onclick=\"return true;\"><\/a><div class=\"uagb-ifb-content\"><div class=\"uagb-ifb-image-content\"><img decoding=\"async\" src=\"https:\/\/www.brickcontrol.com\/wp-content\/uploads\/2022\/04\/logo-jesus-martin.jpg\" alt=\"\" width=\"150\" height=\"75\" loading=\"lazy\"\/><\/div><div class=\"uagb-ifb-title-wrap\"><h3 class=\"uagb-ifb-title\">Jes\u00fas Mart\u00edn Gonz\u00e1lez Ruiz<\/h3><\/div><div class=\"uagb-ifb-separator\"><\/div><p class=\"uagb-ifb-desc\">Empresa en la que nos dedicamos a la ejecuci\u00f3n de obras y rehabilitaci\u00f3n.<\/p><div class=\"uagb-ifb-button-wrapper wp-block-button\"><\/div><\/div><\/div>\n\n<\/div><\/div><\/div>\n<\/div>\n\n<div class=\"gb-grid-wrapper gb-grid-wrapper-4c8291a3 animated fadeIn\">\n<div class=\"gb-grid-column gb-grid-column-0e475bed\"><div class=\"gb-container gb-container-0e475bed\"><div class=\"gb-inside-container\"><\/div><\/div><\/div>\n\n<div class=\"gb-grid-column gb-grid-column-0857eeb2\"><div class=\"gb-container gb-container-0857eeb2\"><div class=\"gb-inside-container\"><\/div><\/div><\/div>\n<\/div>\n<\/div><\/div>\n<\/div><\/div>","protected":false},"excerpt":{"rendered":"<p>Casos de \u00e9xito: opiniones de nuestros clientes Comprueba como han mejorado nuestros clientes la gesti\u00f3n &#8230; <a title=\"Casos de \u00e9xito\" class=\"read-more\" href=\"https:\/\/www.brickcontrol.com\/es\/empresa\/casos-de-exito\/\" aria-label=\"Leer m\u00e1s sobre Casos de \u00e9xito\">Leer m\u00e1s<\/a><\/p>\n","protected":false},"author":3,"featured_media":0,"parent":1167,"menu_order":0,"comment_status":"closed","ping_status":"closed","template":"","meta":{"inline_featured_image":false,"_uag_custom_page_level_css":"","footnotes":""},"class_list":{"0":"post-1170","1":"page","2":"type-page","3":"status-publish","5":"infinite-scroll-item"},"yoast_head":"<!-- This site is optimized with the Yoast SEO plugin v24.3 - https:\/\/yoast.com\/wordpress\/plugins\/seo\/ -->\n<title>Opiniones de nuestros clientes: Casos de \u00e9xito - BrickControl<\/title>\n<meta name=\"description\" content=\"\u00bfQu\u00e9 opinan nuestros clientes acerca de BrickControl? Lee las rese\u00f1as que nos han hecho compa\u00f1\u00edas l\u00edderes en el sector de la construcci\u00f3n. Descubre uno de los softwares con mejores opiniones del mercado.\" \/>\n<meta name=\"robots\" content=\"index, follow, max-snippet:-1, max-image-preview:large, max-video-preview:-1\" \/>\n<link rel=\"canonical\" href=\"https:\/\/www.brickcontrol.com\/es\/empresa\/casos-de-exito\/\" \/>\n<meta property=\"og:locale\" content=\"es_ES\" \/>\n<meta property=\"og:type\" content=\"article\" \/>\n<meta property=\"og:title\" content=\"Opiniones de nuestros clientes: Casos de \u00e9xito - BrickControl\" \/>\n<meta property=\"og:description\" content=\"\u00bfQu\u00e9 opinan nuestros clientes acerca de BrickControl? Lee las rese\u00f1as que nos han hecho compa\u00f1\u00edas l\u00edderes en el sector de la construcci\u00f3n. Descubre uno de los softwares con mejores opiniones del mercado.\" \/>\n<meta property=\"og:url\" content=\"https:\/\/www.brickcontrol.com\/es\/empresa\/casos-de-exito\/\" \/>\n<meta property=\"og:site_name\" content=\"BrickControl\" \/>\n<meta property=\"article:modified_time\" content=\"2025-01-21T10:03:37+00:00\" \/>\n<meta property=\"og:image\" content=\"https:\/\/www.brickcontrol.com\/wp-content\/uploads\/2022\/04\/logo-acciona-bc.jpg\" \/>\n<meta name=\"twitter:card\" content=\"summary_large_image\" \/>\n<meta name=\"twitter:label1\" content=\"Tiempo de lectura\" \/>\n\t<meta name=\"twitter:data1\" content=\"4 minutos\" \/>\n<script type=\"application\/ld+json\" class=\"yoast-schema-graph\">{\"@context\":\"https:\/\/schema.org\",\"@graph\":[{\"@type\":\"WebPage\",\"@id\":\"https:\/\/www.brickcontrol.com\/es\/empresa\/casos-de-exito\/\",\"url\":\"https:\/\/www.brickcontrol.com\/es\/empresa\/casos-de-exito\/\",\"name\":\"Opiniones de nuestros clientes: Casos de \u00e9xito - BrickControl\",\"isPartOf\":{\"@id\":\"https:\/\/www.brickcontrol.com\/es\/#website\"},\"primaryImageOfPage\":{\"@id\":\"https:\/\/www.brickcontrol.com\/es\/empresa\/casos-de-exito\/#primaryimage\"},\"image\":{\"@id\":\"https:\/\/www.brickcontrol.com\/es\/empresa\/casos-de-exito\/#primaryimage\"},\"thumbnailUrl\":\"https:\/\/www.brickcontrol.com\/wp-content\/uploads\/2022\/04\/logo-acciona-bc.jpg\",\"datePublished\":\"2021-12-22T11:51:28+00:00\",\"dateModified\":\"2025-01-21T10:03:37+00:00\",\"description\":\"\u00bfQu\u00e9 opinan nuestros clientes acerca de BrickControl? Lee las rese\u00f1as que nos han hecho compa\u00f1\u00edas l\u00edderes en el sector de la construcci\u00f3n. Descubre uno de los softwares con mejores opiniones del mercado.\",\"breadcrumb\":{\"@id\":\"https:\/\/www.brickcontrol.com\/es\/empresa\/casos-de-exito\/#breadcrumb\"},\"inLanguage\":\"es\",\"potentialAction\":[{\"@type\":\"ReadAction\",\"target\":[\"https:\/\/www.brickcontrol.com\/es\/empresa\/casos-de-exito\/\"]}]},{\"@type\":\"ImageObject\",\"inLanguage\":\"es\",\"@id\":\"https:\/\/www.brickcontrol.com\/es\/empresa\/casos-de-exito\/#primaryimage\",\"url\":\"https:\/\/www.brickcontrol.com\/wp-content\/uploads\/2022\/04\/logo-acciona-bc.jpg\",\"contentUrl\":\"https:\/\/www.brickcontrol.com\/wp-content\/uploads\/2022\/04\/logo-acciona-bc.jpg\"},{\"@type\":\"BreadcrumbList\",\"@id\":\"https:\/\/www.brickcontrol.com\/es\/empresa\/casos-de-exito\/#breadcrumb\",\"itemListElement\":[{\"@type\":\"ListItem\",\"position\":1,\"name\":\"Home\",\"item\":\"https:\/\/www.brickcontrol.com\/es\/\"},{\"@type\":\"ListItem\",\"position\":2,\"name\":\"Sobre nosotros\",\"item\":\"https:\/\/www.brickcontrol.com\/es\/empresa\/\"},{\"@type\":\"ListItem\",\"position\":3,\"name\":\"Casos de \u00e9xito\"}]},{\"@type\":\"WebSite\",\"@id\":\"https:\/\/www.brickcontrol.com\/es\/#website\",\"url\":\"https:\/\/www.brickcontrol.com\/es\/\",\"name\":\"BrickControl\",\"description\":\"BrickControl\",\"publisher\":{\"@id\":\"https:\/\/www.brickcontrol.com\/es\/#organization\"},\"potentialAction\":[{\"@type\":\"SearchAction\",\"target\":{\"@type\":\"EntryPoint\",\"urlTemplate\":\"https:\/\/www.brickcontrol.com\/es\/?s={search_term_string}\"},\"query-input\":{\"@type\":\"PropertyValueSpecification\",\"valueRequired\":true,\"valueName\":\"search_term_string\"}}],\"inLanguage\":\"es\"},{\"@type\":\"Organization\",\"@id\":\"https:\/\/www.brickcontrol.com\/es\/#organization\",\"name\":\"BrickControl\",\"url\":\"https:\/\/www.brickcontrol.com\/es\/\",\"logo\":{\"@type\":\"ImageObject\",\"inLanguage\":\"es\",\"@id\":\"https:\/\/www.brickcontrol.com\/es\/#\/schema\/logo\/image\/\",\"url\":\"https:\/\/www.brickcontrol.com\/wp-content\/uploads\/2024\/04\/logo_brickcontrol.webp\",\"contentUrl\":\"https:\/\/www.brickcontrol.com\/wp-content\/uploads\/2024\/04\/logo_brickcontrol.webp\",\"width\":823,\"height\":216,\"caption\":\"BrickControl\"},\"image\":{\"@id\":\"https:\/\/www.brickcontrol.com\/es\/#\/schema\/logo\/image\/\"}}]}<\/script>\n<!-- \/ Yoast SEO plugin. -->","yoast_head_json":{"title":"Opiniones de nuestros clientes: Casos de \u00e9xito - BrickControl","description":"\u00bfQu\u00e9 opinan nuestros clientes acerca de BrickControl? Lee las rese\u00f1as que nos han hecho compa\u00f1\u00edas l\u00edderes en el sector de la construcci\u00f3n. Descubre uno de los softwares con mejores opiniones del mercado.","robots":{"index":"index","follow":"follow","max-snippet":"max-snippet:-1","max-image-preview":"max-image-preview:large","max-video-preview":"max-video-preview:-1"},"canonical":"https:\/\/www.brickcontrol.com\/es\/empresa\/casos-de-exito\/","og_locale":"es_ES","og_type":"article","og_title":"Opiniones de nuestros clientes: Casos de \u00e9xito - BrickControl","og_description":"\u00bfQu\u00e9 opinan nuestros clientes acerca de BrickControl? Lee las rese\u00f1as que nos han hecho compa\u00f1\u00edas l\u00edderes en el sector de la construcci\u00f3n. Descubre uno de los softwares con mejores opiniones del mercado.","og_url":"https:\/\/www.brickcontrol.com\/es\/empresa\/casos-de-exito\/","og_site_name":"BrickControl","article_modified_time":"2025-01-21T10:03:37+00:00","og_image":[{"url":"https:\/\/www.brickcontrol.com\/wp-content\/uploads\/2022\/04\/logo-acciona-bc.jpg","type":"","width":"","height":""}],"twitter_card":"summary_large_image","twitter_misc":{"Tiempo de lectura":"4 minutos"},"schema":{"@context":"https:\/\/schema.org","@graph":[{"@type":"WebPage","@id":"https:\/\/www.brickcontrol.com\/es\/empresa\/casos-de-exito\/","url":"https:\/\/www.brickcontrol.com\/es\/empresa\/casos-de-exito\/","name":"Opiniones de nuestros clientes: Casos de \u00e9xito - BrickControl","isPartOf":{"@id":"https:\/\/www.brickcontrol.com\/es\/#website"},"primaryImageOfPage":{"@id":"https:\/\/www.brickcontrol.com\/es\/empresa\/casos-de-exito\/#primaryimage"},"image":{"@id":"https:\/\/www.brickcontrol.com\/es\/empresa\/casos-de-exito\/#primaryimage"},"thumbnailUrl":"https:\/\/www.brickcontrol.com\/wp-content\/uploads\/2022\/04\/logo-acciona-bc.jpg","datePublished":"2021-12-22T11:51:28+00:00","dateModified":"2025-01-21T10:03:37+00:00","description":"\u00bfQu\u00e9 opinan nuestros clientes acerca de BrickControl? Lee las rese\u00f1as que nos han hecho compa\u00f1\u00edas l\u00edderes en el sector de la construcci\u00f3n. Descubre uno de los softwares con mejores opiniones del mercado.","breadcrumb":{"@id":"https:\/\/www.brickcontrol.com\/es\/empresa\/casos-de-exito\/#breadcrumb"},"inLanguage":"es","potentialAction":[{"@type":"ReadAction","target":["https:\/\/www.brickcontrol.com\/es\/empresa\/casos-de-exito\/"]}]},{"@type":"ImageObject","inLanguage":"es","@id":"https:\/\/www.brickcontrol.com\/es\/empresa\/casos-de-exito\/#primaryimage","url":"https:\/\/www.brickcontrol.com\/wp-content\/uploads\/2022\/04\/logo-acciona-bc.jpg","contentUrl":"https:\/\/www.brickcontrol.com\/wp-content\/uploads\/2022\/04\/logo-acciona-bc.jpg"},{"@type":"BreadcrumbList","@id":"https:\/\/www.brickcontrol.com\/es\/empresa\/casos-de-exito\/#breadcrumb","itemListElement":[{"@type":"ListItem","position":1,"name":"Home","item":"https:\/\/www.brickcontrol.com\/es\/"},{"@type":"ListItem","position":2,"name":"Sobre nosotros","item":"https:\/\/www.brickcontrol.com\/es\/empresa\/"},{"@type":"ListItem","position":3,"name":"Casos de \u00e9xito"}]},{"@type":"WebSite","@id":"https:\/\/www.brickcontrol.com\/es\/#website","url":"https:\/\/www.brickcontrol.com\/es\/","name":"BrickControl","description":"BrickControl","publisher":{"@id":"https:\/\/www.brickcontrol.com\/es\/#organization"},"potentialAction":[{"@type":"SearchAction","target":{"@type":"EntryPoint","urlTemplate":"https:\/\/www.brickcontrol.com\/es\/?s={search_term_string}"},"query-input":{"@type":"PropertyValueSpecification","valueRequired":true,"valueName":"search_term_string"}}],"inLanguage":"es"},{"@type":"Organization","@id":"https:\/\/www.brickcontrol.com\/es\/#organization","name":"BrickControl","url":"https:\/\/www.brickcontrol.com\/es\/","logo":{"@type":"ImageObject","inLanguage":"es","@id":"https:\/\/www.brickcontrol.com\/es\/#\/schema\/logo\/image\/","url":"https:\/\/www.brickcontrol.com\/wp-content\/uploads\/2024\/04\/logo_brickcontrol.webp","contentUrl":"https:\/\/www.brickcontrol.com\/wp-content\/uploads\/2024\/04\/logo_brickcontrol.webp","width":823,"height":216,"caption":"BrickControl"},"image":{"@id":"https:\/\/www.brickcontrol.com\/es\/#\/schema\/logo\/image\/"}}]}},"uagb_featured_image_src":{"full":false,"thumbnail":false,"medium":false,"medium_large":false,"large":false,"gs-tiny":false,"xl":false,"xxl":false,"xxxl":false,"xxxxl":false,"xxxxxl":false,"1536x1536":false,"2048x2048":false},"uagb_author_info":{"display_name":"sistemas","author_link":"https:\/\/www.brickcontrol.com\/es\/blog\/author\/sistemas\/"},"uagb_comment_info":0,"uagb_excerpt":"Casos de \u00e9xito: opiniones de nuestros clientes Comprueba como han mejorado nuestros clientes la gesti\u00f3n ... Leer m\u00e1s","_links":{"self":[{"href":"https:\/\/www.brickcontrol.com\/es\/wp-json\/wp\/v2\/pages\/1170","targetHints":{"allow":["GET"]}}],"collection":[{"href":"https:\/\/www.brickcontrol.com\/es\/wp-json\/wp\/v2\/pages"}],"about":[{"href":"https:\/\/www.brickcontrol.com\/es\/wp-json\/wp\/v2\/types\/page"}],"author":[{"embeddable":true,"href":"https:\/\/www.brickcontrol.com\/es\/wp-json\/wp\/v2\/users\/3"}],"replies":[{"embeddable":true,"href":"https:\/\/www.brickcontrol.com\/es\/wp-json\/wp\/v2\/comments?post=1170"}],"version-history":[{"count":18,"href":"https:\/\/www.brickcontrol.com\/es\/wp-json\/wp\/v2\/pages\/1170\/revisions"}],"predecessor-version":[{"id":46814,"href":"https:\/\/www.brickcontrol.com\/es\/wp-json\/wp\/v2\/pages\/1170\/revisions\/46814"}],"up":[{"embeddable":true,"href":"https:\/\/www.brickcontrol.com\/es\/wp-json\/wp\/v2\/pages\/1167"}],"wp:attachment":[{"href":"https:\/\/www.brickcontrol.com\/es\/wp-json\/wp\/v2\/media?parent=1170"}],"curies":[{"name":"wp","href":"https:\/\/api.w.org\/{rel}","templated":true}]}}