{"id":1537,"date":"2022-01-04T14:42:54","date_gmt":"2022-01-04T13:42:54","guid":{"rendered":"https:\/\/test8.brickcontrol.com\/?page_id=1537"},"modified":"2025-01-17T10:25:29","modified_gmt":"2025-01-17T09:25:29","slug":"premios","status":"publish","type":"page","link":"https:\/\/www.brickcontrol.com\/es\/empresa\/premios\/","title":{"rendered":"Premios"},"content":{"rendered":"<div class=\"gb-container gb-container-5491b456 gb-container-minimo\"><div class=\"gb-inside-container\">\n<div class=\"gb-container gb-container-2c7a86ba\"><div class=\"gb-inside-container\">\n<div class=\"yoast-breadcrumbs\"><span><span><a href=\"https:\/\/www.brickcontrol.com\/es\/\"><i class=\"fa fa-home\" aria-hidden=\"true\"><\/i> Home<\/a><\/span> &gt; <span><a href=\"https:\/\/www.brickcontrol.com\/es\/empresa\/\">Sobre nosotros<\/a><\/span> &gt; <span class=\"breadcrumb_last\" aria-current=\"page\"><strong>Premios<\/strong><\/span><\/span><\/div>\n<\/div><\/div>\n\n<div class=\"gb-container gb-container-f3d48f33 gb-container-minimo\"><div class=\"gb-inside-container\">\n\n<h1 class=\"gb-headline gb-headline-8506b735 gb-headline-text\">Premios y empresas que nos recomiendan<\/h1>\n\n\n\n<h2 class=\"gb-headline gb-headline-9ecd9851 gb-headline-text\">BrickControl ha sido elegido la mejor soluci\u00f3n de la tecnolog\u00eda de la Construcci\u00f3n<\/h2>\n\n<\/div><\/div>\n\n<div class=\"gb-container gb-container-95bef5c5\"><div class=\"gb-inside-container\">\n<div class=\"gb-grid-wrapper gb-grid-wrapper-b3c48fbb\">\n<div class=\"gb-grid-column gb-grid-column-ad26a3cc\"><div class=\"gb-container gb-container-ad26a3cc\"><div class=\"gb-inside-container\">\n\n<figure class=\"wp-block-image size-full is-resized\"><a href=\"https:\/\/xplorexit.com\/magazine\/construction-v1-2021\/\" target=\"_blank\" rel=\"noreferrer noopener\"><img loading=\"lazy\" decoding=\"async\" src=\"https:\/\/www.brickcontrol.com\/wp-content\/uploads\/2022\/02\/xplorexit-magazine.jpg\" alt=\"Premios y empresas que nos recomiendan xploreIT\" class=\"wp-image-4612\" width=\"225\" height=\"288\" title=\"Premios y empresas que nos recomiendan xploreIT\" srcset=\"https:\/\/www.brickcontrol.com\/wp-content\/uploads\/2022\/02\/xplorexit-magazine.jpg 450w, https:\/\/www.brickcontrol.com\/wp-content\/uploads\/2022\/02\/xplorexit-magazine-235x300.jpg 235w\" sizes=\"auto, (max-width: 225px) 100vw, 225px\" \/><\/a><\/figure>\n\n<\/div><\/div><\/div>\n\n<div class=\"gb-grid-column gb-grid-column-cd904705\"><div class=\"gb-container gb-container-cd904705\"><div class=\"gb-inside-container\">\n\n<figure class=\"gb-block-image gb-block-image-9e317685\"><a href=\"https:\/\/www.brickcontrol.com\/es\/blog\/corporate-vision-innovacion-erp\/\"><img loading=\"lazy\" decoding=\"async\" width=\"300\" height=\"275\" class=\"gb-image gb-image-9e317685\" src=\"https:\/\/www.brickcontrol.com\/wp-content\/uploads\/2025\/01\/Corporate-Excellence-Award-2024-by-Corporate-Vision-BrickControl-1-2-300x275.png\" srcset=\"https:\/\/www.brickcontrol.com\/wp-content\/uploads\/2025\/01\/Corporate-Excellence-Award-2024-by-Corporate-Vision-BrickControl-1-2-300x275.png 300w, https:\/\/www.brickcontrol.com\/wp-content\/uploads\/2025\/01\/Corporate-Excellence-Award-2024-by-Corporate-Vision-BrickControl-1-2-1024x938.png 1024w, https:\/\/www.brickcontrol.com\/wp-content\/uploads\/2025\/01\/Corporate-Excellence-Award-2024-by-Corporate-Vision-BrickControl-1-2-768x703.png 768w, https:\/\/www.brickcontrol.com\/wp-content\/uploads\/2025\/01\/Corporate-Excellence-Award-2024-by-Corporate-Vision-BrickControl-1-2.png 1114w\" sizes=\"auto, (max-width: 300px) 100vw, 300px\" \/><\/a><\/figure>\n\n<\/div><\/div><\/div>\n\n<div class=\"gb-grid-column gb-grid-column-2c005d9c\"><div class=\"gb-container gb-container-2c005d9c\"><div class=\"gb-inside-container\">\n<div class=\"wp-block-image\">\n<figure class=\"alignright size-full is-resized\"><a href=\"https:\/\/www.brickcontrol.com\/wp-content\/uploads\/2022\/02\/brickcontrol-recognized-by-xplorexit.png\"><img loading=\"lazy\" decoding=\"async\" src=\"https:\/\/www.brickcontrol.com\/wp-content\/uploads\/2022\/02\/brickcontrol-recognized-by-xplorexit.png\" alt=\"BrickControl ha sido elegido la mejor soluci\u00f3n de la tecnolog\u00eda de la Construcci\u00f3n\" class=\"wp-image-4634\" width=\"349\" height=\"270\" title=\"BrickControl ha sido elegido la mejor soluci\u00f3n de la tecnolog\u00eda de la Construcci\u00f3n\" srcset=\"https:\/\/www.brickcontrol.com\/wp-content\/uploads\/2022\/02\/brickcontrol-recognized-by-xplorexit.png 879w, https:\/\/www.brickcontrol.com\/wp-content\/uploads\/2022\/02\/brickcontrol-recognized-by-xplorexit-300x232.png 300w, https:\/\/www.brickcontrol.com\/wp-content\/uploads\/2022\/02\/brickcontrol-recognized-by-xplorexit-768x593.png 768w\" sizes=\"auto, (max-width: 349px) 100vw, 349px\" \/><\/a><\/figure><\/div>\n<\/div><\/div><\/div>\n<\/div>\n<\/div><\/div>\n<\/div><\/div>\n\n<div class=\"gb-container gb-container-69f2f9fe alignwide gb-container-contenedor-bajo\"><div class=\"gb-inside-container\">\n<div class=\"gb-grid-wrapper gb-grid-wrapper-4c8291a3 animated fadeIn\">\n<div class=\"gb-grid-column gb-grid-column-7dce46e6\"><div class=\"gb-container gb-container-7dce46e6\"><div class=\"gb-inside-container\">\n\n<div class=\"wp-block-uagb-info-box uagb-block-506932ac uagb-infobox__content-wrap  uagb-infobox_cta-type-all uagb-infobox-icon-above-title uagb-infobox-image-valign-top\"><a href=\"https:\/\/www.brickcontrol.com\/es\/empresa\/mdap-universidad-valencia\/\" class=\"uagb-infobox-link-wrap uagb-infbox__link-to-all\" target=\"_self\" aria-label=\"Infobox Link\" rel=\"noopener noreferrer\" onclick=\"return true;\"><\/a><div class=\"uagb-ifb-content\"><div class=\"uagb-ifb-image-content\"><img decoding=\"async\" src=\"https:\/\/www.brickcontrol.com\/wp-content\/uploads\/2022\/04\/logo3-universidad-de-valencia-master-mdap.jpg\" alt=\"\" width=\"150\" height=\"150\" loading=\"lazy\"\/><\/div><div class=\"uagb-ifb-title-wrap\"><h3 class=\"uagb-ifb-title\">MDAP \u2013 Universidad de Valencia<\/h3><\/div><div class=\"uagb-ifb-separator\"><\/div><p class=\"uagb-ifb-desc\">M\u00e1ster Executive en Gesti\u00f3n y Direcci\u00f3n de Proyectos<\/p><div class=\"uagb-ifb-button-wrapper wp-block-button\"><\/div><\/div><\/div>\n\n<\/div><\/div><\/div>\n\n<div class=\"gb-grid-column gb-grid-column-5dafd6e1\"><div class=\"gb-container gb-container-5dafd6e1\"><div class=\"gb-inside-container\">\n\n<div class=\"wp-block-uagb-info-box uagb-block-fab29d93 uagb-infobox__content-wrap  uagb-infobox_cta-type-all uagb-infobox-icon-above-title uagb-infobox-image-valign-top\"><a href=\"https:\/\/www.brickcontrol.com\/es\/empresa\/capterra-top-20\/\" class=\"uagb-infobox-link-wrap uagb-infbox__link-to-all\" target=\"_self\" aria-label=\"Infobox Link\" rel=\"noopener noreferrer\" onclick=\"return true;\"><\/a><div class=\"uagb-ifb-content\"><div class=\"uagb-ifb-image-content\"><img decoding=\"async\" src=\"https:\/\/www.brickcontrol.com\/wp-content\/uploads\/2022\/04\/capterra-top20-construction-management-software.jpg\" alt=\"\" width=\"150\" height=\"150\" loading=\"lazy\"\/><\/div><div class=\"uagb-ifb-title-wrap\"><h3 class=\"uagb-ifb-title\">Top 20 Construction Management Software<\/h3><\/div><div class=\"uagb-ifb-separator\"><\/div><p class=\"uagb-ifb-desc\">Capterra son expertos en b\u00fasqueda de software<\/p><div class=\"uagb-ifb-button-wrapper wp-block-button\"><\/div><\/div><\/div>\n\n<\/div><\/div><\/div>\n\n<div class=\"gb-grid-column gb-grid-column-0857eeb2\"><div class=\"gb-container gb-container-0857eeb2\"><div class=\"gb-inside-container\">\n\n<figure class=\"wp-block-image size-full is-resized\"><a href=\"https:\/\/www.brickcontrol.com\/es\/blog\/corporate-vision-innovacion-erps\/\"><img loading=\"lazy\" decoding=\"async\" src=\"https:\/\/www.brickcontrol.com\/wp-content\/uploads\/2023\/03\/corporate-vision-award-business.png\" alt=\"Best Cloud-Based Construction Management Software Provider - 2022. Corporate Vision\" class=\"wp-image-41759\" width=\"310\" height=\"418\" title=\"Premios y empresas que nos recomiendan xploreIT\" srcset=\"https:\/\/www.brickcontrol.com\/wp-content\/uploads\/2023\/03\/corporate-vision-award-business.png 318w, https:\/\/www.brickcontrol.com\/wp-content\/uploads\/2023\/03\/corporate-vision-award-business-222x300.png 222w\" sizes=\"auto, (max-width: 310px) 100vw, 310px\" \/><\/a><\/figure>\n\n<\/div><\/div><\/div>\n<\/div>\n\n<div class=\"gb-grid-wrapper gb-grid-wrapper-0500448e animated fadeIn\">\n<div class=\"gb-grid-column gb-grid-column-b4611b03\"><div class=\"gb-container gb-container-b4611b03\"><div class=\"gb-inside-container\">\n<div class=\"gb-container gb-container-5cf75c8d\"><div class=\"gb-inside-container\">\n\n<figure class=\"wp-block-image size-medium\"><a href=\"https:\/\/www.brickcontrol.com\/es\/blog\/brickcontrol-uno-de-los-10-proveedores-de-soluciones-para-el-hogar-inteligente-con-mejor-rendimiento-en-2022\/\"><img loading=\"lazy\" decoding=\"async\" width=\"300\" height=\"300\" src=\"https:\/\/www.brickcontrol.com\/wp-content\/uploads\/2022\/02\/logos-reconocimientos-300x300.jpg\" alt=\"BrickControl uno de los 10 proveedores de soluciones para el hogar inteligente con mejor rendimiento en 2022\" class=\"wp-image-6129\" title=\"BrickControl uno de los 10 proveedores de soluciones para el hogar inteligente con mejor rendimiento en 2022\" srcset=\"https:\/\/www.brickcontrol.com\/wp-content\/uploads\/2022\/02\/logos-reconocimientos-300x300.jpg 300w, https:\/\/www.brickcontrol.com\/wp-content\/uploads\/2022\/02\/logos-reconocimientos-150x150.jpg 150w, https:\/\/www.brickcontrol.com\/wp-content\/uploads\/2022\/02\/logos-reconocimientos.jpg 512w\" sizes=\"auto, (max-width: 300px) 100vw, 300px\" \/><\/a><\/figure>\n\n<\/div><\/div>\n<\/div><\/div><\/div>\n\n<div class=\"gb-grid-column gb-grid-column-f6ee7105\"><div class=\"gb-container gb-container-f6ee7105\"><div class=\"gb-inside-container\">\n<div class=\"gb-container gb-container-99dc3ff6\"><div class=\"gb-inside-container\">\n\n<figure class=\"wp-block-image size-medium\"><a href=\"https:\/\/www.brickcontrol.com\/es\/empresa\/capterra-top-20\/\"><img loading=\"lazy\" decoding=\"async\" width=\"300\" height=\"300\" src=\"https:\/\/www.brickcontrol.com\/wp-content\/uploads\/2022\/02\/capterra-2021-300x300.png\" alt=\"Capterra Top 20 Software\" class=\"wp-image-4645\" title=\"Capterra Top 20 Software\" srcset=\"https:\/\/www.brickcontrol.com\/wp-content\/uploads\/2022\/02\/capterra-2021-300x300.png 300w, https:\/\/www.brickcontrol.com\/wp-content\/uploads\/2022\/02\/capterra-2021-150x150.png 150w, https:\/\/www.brickcontrol.com\/wp-content\/uploads\/2022\/02\/capterra-2021.png 512w\" sizes=\"auto, (max-width: 300px) 100vw, 300px\" \/><\/a><\/figure>\n\n<\/div><\/div>\n<\/div><\/div><\/div>\n\n<div class=\"gb-grid-column gb-grid-column-aa9c90eb\"><div class=\"gb-container gb-container-aa9c90eb\"><div class=\"gb-inside-container\">\n<div class=\"gb-container gb-container-5af1f5f0\"><div class=\"gb-inside-container\">\n\n<figure class=\"wp-block-image size-medium\"><a href=\"https:\/\/www.brickcontrol.com\/es\/blog\/brickcontrol-gana-premios-gartner-capterra-getapp-y-frontrunners-2021\/\"><img loading=\"lazy\" decoding=\"async\" width=\"300\" height=\"300\" src=\"https:\/\/www.brickcontrol.com\/wp-content\/uploads\/2022\/02\/getapp-2021-300x300.png\" alt=\"BrickControl gana premios Gartner, Capterra, GetApp 2021\" class=\"wp-image-4647\" title=\"BrickControl gana premios Gartner, Capterra, GetApp 2021\" srcset=\"https:\/\/www.brickcontrol.com\/wp-content\/uploads\/2022\/02\/getapp-2021-300x300.png 300w, https:\/\/www.brickcontrol.com\/wp-content\/uploads\/2022\/02\/getapp-2021-150x150.png 150w, https:\/\/www.brickcontrol.com\/wp-content\/uploads\/2022\/02\/getapp-2021.png 512w\" sizes=\"auto, (max-width: 300px) 100vw, 300px\" \/><\/a><\/figure>\n\n<\/div><\/div>\n<\/div><\/div><\/div>\n\n<div class=\"gb-grid-column gb-grid-column-c9beb01d\"><div class=\"gb-container gb-container-c9beb01d\"><div class=\"gb-inside-container\">\n<div class=\"gb-container gb-container-48e0b994\"><div class=\"gb-inside-container\">\n\n<figure class=\"wp-block-image size-medium\"><img loading=\"lazy\" decoding=\"async\" width=\"300\" height=\"300\" src=\"https:\/\/www.brickcontrol.com\/wp-content\/uploads\/2022\/02\/front-runners-2020-1-300x300.png\" alt=\"BrickControl gana premios Gartner, Capterra y FrontRunners 2021\" class=\"wp-image-4646\" title=\"BrickControl gana premios Gartner, Capterra y FrontRunners 2021\" srcset=\"https:\/\/www.brickcontrol.com\/wp-content\/uploads\/2022\/02\/front-runners-2020-1-300x300.png 300w, https:\/\/www.brickcontrol.com\/wp-content\/uploads\/2022\/02\/front-runners-2020-1-150x150.png 150w, https:\/\/www.brickcontrol.com\/wp-content\/uploads\/2022\/02\/front-runners-2020-1.png 512w\" sizes=\"auto, (max-width: 300px) 100vw, 300px\" \/><\/figure>\n\n<\/div><\/div>\n<\/div><\/div><\/div>\n<\/div>\n<\/div><div class=\"gb-shapes\"><div class=\"gb-shape gb-shape-1\"><svg xmlns=\"http:\/\/www.w3.org\/2000\/svg\" viewBox=\"0 0 1200 194.3\" preserveAspectRatio=\"none\"><path d=\"M1200 133.3l-50 8.9c-50 8.6-150 26.9-250 31.1-100 4.2-200-4.2-300-26.7S400 89.2 300 62.2C200 35.8 100 17.5 50 8.9L0 0v194.3h1200v-61z\"\/><\/svg><\/div><\/div><\/div>","protected":false},"excerpt":{"rendered":"<p>Premios y empresas que nos recomiendan BrickControl ha sido elegido la mejor soluci\u00f3n de la &#8230; <a title=\"Premios\" class=\"read-more\" href=\"https:\/\/www.brickcontrol.com\/es\/empresa\/premios\/\" aria-label=\"Leer m\u00e1s sobre Premios\">Leer m\u00e1s<\/a><\/p>\n","protected":false},"author":3,"featured_media":0,"parent":1167,"menu_order":0,"comment_status":"closed","ping_status":"closed","template":"","meta":{"inline_featured_image":false,"_uag_custom_page_level_css":"","footnotes":""},"class_list":{"0":"post-1537","1":"page","2":"type-page","3":"status-publish","5":"infinite-scroll-item"},"yoast_head":"<!-- This site is optimized with the Yoast SEO plugin v24.3 - https:\/\/yoast.com\/wordpress\/plugins\/seo\/ -->\n<title>Premios - BrickControl<\/title>\n<meta name=\"description\" content=\"BrickControl ha sido elegido la mejor soluci\u00f3n de la tecnolog\u00eda de la Construcci\u00f3n por publicaciones especializadas.\" \/>\n<meta name=\"robots\" content=\"index, follow, max-snippet:-1, max-image-preview:large, max-video-preview:-1\" \/>\n<link rel=\"canonical\" href=\"https:\/\/www.brickcontrol.com\/es\/empresa\/premios\/\" \/>\n<meta property=\"og:locale\" content=\"es_ES\" \/>\n<meta property=\"og:type\" content=\"article\" \/>\n<meta property=\"og:title\" content=\"Premios - BrickControl\" \/>\n<meta property=\"og:description\" content=\"BrickControl ha sido elegido la mejor soluci\u00f3n de la tecnolog\u00eda de la Construcci\u00f3n por publicaciones especializadas.\" \/>\n<meta property=\"og:url\" content=\"https:\/\/www.brickcontrol.com\/es\/empresa\/premios\/\" \/>\n<meta property=\"og:site_name\" content=\"BrickControl\" \/>\n<meta property=\"article:modified_time\" content=\"2025-01-17T09:25:29+00:00\" \/>\n<meta property=\"og:image\" content=\"https:\/\/www.brickcontrol.com\/wp-content\/uploads\/2022\/02\/xplorexit-magazine.jpg\" \/>\n<meta name=\"twitter:card\" content=\"summary_large_image\" \/>\n<meta name=\"twitter:label1\" content=\"Tiempo de lectura\" \/>\n\t<meta name=\"twitter:data1\" content=\"3 minutos\" \/>\n<script type=\"application\/ld+json\" class=\"yoast-schema-graph\">{\"@context\":\"https:\/\/schema.org\",\"@graph\":[{\"@type\":\"WebPage\",\"@id\":\"https:\/\/www.brickcontrol.com\/es\/empresa\/premios\/\",\"url\":\"https:\/\/www.brickcontrol.com\/es\/empresa\/premios\/\",\"name\":\"Premios - BrickControl\",\"isPartOf\":{\"@id\":\"https:\/\/www.brickcontrol.com\/es\/#website\"},\"primaryImageOfPage\":{\"@id\":\"https:\/\/www.brickcontrol.com\/es\/empresa\/premios\/#primaryimage\"},\"image\":{\"@id\":\"https:\/\/www.brickcontrol.com\/es\/empresa\/premios\/#primaryimage\"},\"thumbnailUrl\":\"https:\/\/www.brickcontrol.com\/wp-content\/uploads\/2022\/02\/xplorexit-magazine.jpg\",\"datePublished\":\"2022-01-04T13:42:54+00:00\",\"dateModified\":\"2025-01-17T09:25:29+00:00\",\"description\":\"BrickControl ha sido elegido la mejor soluci\u00f3n de la tecnolog\u00eda de la Construcci\u00f3n por publicaciones especializadas.\",\"breadcrumb\":{\"@id\":\"https:\/\/www.brickcontrol.com\/es\/empresa\/premios\/#breadcrumb\"},\"inLanguage\":\"es\",\"potentialAction\":[{\"@type\":\"ReadAction\",\"target\":[\"https:\/\/www.brickcontrol.com\/es\/empresa\/premios\/\"]}]},{\"@type\":\"ImageObject\",\"inLanguage\":\"es\",\"@id\":\"https:\/\/www.brickcontrol.com\/es\/empresa\/premios\/#primaryimage\",\"url\":\"https:\/\/www.brickcontrol.com\/wp-content\/uploads\/2022\/02\/xplorexit-magazine.jpg\",\"contentUrl\":\"https:\/\/www.brickcontrol.com\/wp-content\/uploads\/2022\/02\/xplorexit-magazine.jpg\"},{\"@type\":\"BreadcrumbList\",\"@id\":\"https:\/\/www.brickcontrol.com\/es\/empresa\/premios\/#breadcrumb\",\"itemListElement\":[{\"@type\":\"ListItem\",\"position\":1,\"name\":\"Home\",\"item\":\"https:\/\/www.brickcontrol.com\/es\/\"},{\"@type\":\"ListItem\",\"position\":2,\"name\":\"Sobre nosotros\",\"item\":\"https:\/\/www.brickcontrol.com\/es\/empresa\/\"},{\"@type\":\"ListItem\",\"position\":3,\"name\":\"Premios\"}]},{\"@type\":\"WebSite\",\"@id\":\"https:\/\/www.brickcontrol.com\/es\/#website\",\"url\":\"https:\/\/www.brickcontrol.com\/es\/\",\"name\":\"BrickControl\",\"description\":\"BrickControl\",\"publisher\":{\"@id\":\"https:\/\/www.brickcontrol.com\/es\/#organization\"},\"potentialAction\":[{\"@type\":\"SearchAction\",\"target\":{\"@type\":\"EntryPoint\",\"urlTemplate\":\"https:\/\/www.brickcontrol.com\/es\/?s={search_term_string}\"},\"query-input\":{\"@type\":\"PropertyValueSpecification\",\"valueRequired\":true,\"valueName\":\"search_term_string\"}}],\"inLanguage\":\"es\"},{\"@type\":\"Organization\",\"@id\":\"https:\/\/www.brickcontrol.com\/es\/#organization\",\"name\":\"BrickControl\",\"url\":\"https:\/\/www.brickcontrol.com\/es\/\",\"logo\":{\"@type\":\"ImageObject\",\"inLanguage\":\"es\",\"@id\":\"https:\/\/www.brickcontrol.com\/es\/#\/schema\/logo\/image\/\",\"url\":\"https:\/\/www.brickcontrol.com\/wp-content\/uploads\/2024\/04\/logo_brickcontrol.webp\",\"contentUrl\":\"https:\/\/www.brickcontrol.com\/wp-content\/uploads\/2024\/04\/logo_brickcontrol.webp\",\"width\":823,\"height\":216,\"caption\":\"BrickControl\"},\"image\":{\"@id\":\"https:\/\/www.brickcontrol.com\/es\/#\/schema\/logo\/image\/\"}}]}<\/script>\n<!-- \/ Yoast SEO plugin. -->","yoast_head_json":{"title":"Premios - BrickControl","description":"BrickControl ha sido elegido la mejor soluci\u00f3n de la tecnolog\u00eda de la Construcci\u00f3n por publicaciones especializadas.","robots":{"index":"index","follow":"follow","max-snippet":"max-snippet:-1","max-image-preview":"max-image-preview:large","max-video-preview":"max-video-preview:-1"},"canonical":"https:\/\/www.brickcontrol.com\/es\/empresa\/premios\/","og_locale":"es_ES","og_type":"article","og_title":"Premios - BrickControl","og_description":"BrickControl ha sido elegido la mejor soluci\u00f3n de la tecnolog\u00eda de la Construcci\u00f3n por publicaciones especializadas.","og_url":"https:\/\/www.brickcontrol.com\/es\/empresa\/premios\/","og_site_name":"BrickControl","article_modified_time":"2025-01-17T09:25:29+00:00","og_image":[{"url":"https:\/\/www.brickcontrol.com\/wp-content\/uploads\/2022\/02\/xplorexit-magazine.jpg","type":"","width":"","height":""}],"twitter_card":"summary_large_image","twitter_misc":{"Tiempo de lectura":"3 minutos"},"schema":{"@context":"https:\/\/schema.org","@graph":[{"@type":"WebPage","@id":"https:\/\/www.brickcontrol.com\/es\/empresa\/premios\/","url":"https:\/\/www.brickcontrol.com\/es\/empresa\/premios\/","name":"Premios - BrickControl","isPartOf":{"@id":"https:\/\/www.brickcontrol.com\/es\/#website"},"primaryImageOfPage":{"@id":"https:\/\/www.brickcontrol.com\/es\/empresa\/premios\/#primaryimage"},"image":{"@id":"https:\/\/www.brickcontrol.com\/es\/empresa\/premios\/#primaryimage"},"thumbnailUrl":"https:\/\/www.brickcontrol.com\/wp-content\/uploads\/2022\/02\/xplorexit-magazine.jpg","datePublished":"2022-01-04T13:42:54+00:00","dateModified":"2025-01-17T09:25:29+00:00","description":"BrickControl ha sido elegido la mejor soluci\u00f3n de la tecnolog\u00eda de la Construcci\u00f3n por publicaciones especializadas.","breadcrumb":{"@id":"https:\/\/www.brickcontrol.com\/es\/empresa\/premios\/#breadcrumb"},"inLanguage":"es","potentialAction":[{"@type":"ReadAction","target":["https:\/\/www.brickcontrol.com\/es\/empresa\/premios\/"]}]},{"@type":"ImageObject","inLanguage":"es","@id":"https:\/\/www.brickcontrol.com\/es\/empresa\/premios\/#primaryimage","url":"https:\/\/www.brickcontrol.com\/wp-content\/uploads\/2022\/02\/xplorexit-magazine.jpg","contentUrl":"https:\/\/www.brickcontrol.com\/wp-content\/uploads\/2022\/02\/xplorexit-magazine.jpg"},{"@type":"BreadcrumbList","@id":"https:\/\/www.brickcontrol.com\/es\/empresa\/premios\/#breadcrumb","itemListElement":[{"@type":"ListItem","position":1,"name":"Home","item":"https:\/\/www.brickcontrol.com\/es\/"},{"@type":"ListItem","position":2,"name":"Sobre nosotros","item":"https:\/\/www.brickcontrol.com\/es\/empresa\/"},{"@type":"ListItem","position":3,"name":"Premios"}]},{"@type":"WebSite","@id":"https:\/\/www.brickcontrol.com\/es\/#website","url":"https:\/\/www.brickcontrol.com\/es\/","name":"BrickControl","description":"BrickControl","publisher":{"@id":"https:\/\/www.brickcontrol.com\/es\/#organization"},"potentialAction":[{"@type":"SearchAction","target":{"@type":"EntryPoint","urlTemplate":"https:\/\/www.brickcontrol.com\/es\/?s={search_term_string}"},"query-input":{"@type":"PropertyValueSpecification","valueRequired":true,"valueName":"search_term_string"}}],"inLanguage":"es"},{"@type":"Organization","@id":"https:\/\/www.brickcontrol.com\/es\/#organization","name":"BrickControl","url":"https:\/\/www.brickcontrol.com\/es\/","logo":{"@type":"ImageObject","inLanguage":"es","@id":"https:\/\/www.brickcontrol.com\/es\/#\/schema\/logo\/image\/","url":"https:\/\/www.brickcontrol.com\/wp-content\/uploads\/2024\/04\/logo_brickcontrol.webp","contentUrl":"https:\/\/www.brickcontrol.com\/wp-content\/uploads\/2024\/04\/logo_brickcontrol.webp","width":823,"height":216,"caption":"BrickControl"},"image":{"@id":"https:\/\/www.brickcontrol.com\/es\/#\/schema\/logo\/image\/"}}]}},"uagb_featured_image_src":{"full":false,"thumbnail":false,"medium":false,"medium_large":false,"large":false,"gs-tiny":false,"xl":false,"xxl":false,"xxxl":false,"xxxxl":false,"xxxxxl":false,"1536x1536":false,"2048x2048":false},"uagb_author_info":{"display_name":"sistemas","author_link":"https:\/\/www.brickcontrol.com\/es\/blog\/author\/sistemas\/"},"uagb_comment_info":0,"uagb_excerpt":"Premios y empresas que nos recomiendan BrickControl ha sido elegido la mejor soluci\u00f3n de la ... Leer m\u00e1s","_links":{"self":[{"href":"https:\/\/www.brickcontrol.com\/es\/wp-json\/wp\/v2\/pages\/1537","targetHints":{"allow":["GET"]}}],"collection":[{"href":"https:\/\/www.brickcontrol.com\/es\/wp-json\/wp\/v2\/pages"}],"about":[{"href":"https:\/\/www.brickcontrol.com\/es\/wp-json\/wp\/v2\/types\/page"}],"author":[{"embeddable":true,"href":"https:\/\/www.brickcontrol.com\/es\/wp-json\/wp\/v2\/users\/3"}],"replies":[{"embeddable":true,"href":"https:\/\/www.brickcontrol.com\/es\/wp-json\/wp\/v2\/comments?post=1537"}],"version-history":[{"count":8,"href":"https:\/\/www.brickcontrol.com\/es\/wp-json\/wp\/v2\/pages\/1537\/revisions"}],"predecessor-version":[{"id":46655,"href":"https:\/\/www.brickcontrol.com\/es\/wp-json\/wp\/v2\/pages\/1537\/revisions\/46655"}],"up":[{"embeddable":true,"href":"https:\/\/www.brickcontrol.com\/es\/wp-json\/wp\/v2\/pages\/1167"}],"wp:attachment":[{"href":"https:\/\/www.brickcontrol.com\/es\/wp-json\/wp\/v2\/media?parent=1537"}],"curies":[{"name":"wp","href":"https:\/\/api.w.org\/{rel}","templated":true}]}}