{"id":15457,"date":"2022-04-22T03:46:14","date_gmt":"2022-04-22T01:46:14","guid":{"rendered":"https:\/\/www.brickcontrol.com\/?page_id=15457"},"modified":"2022-11-15T15:00:53","modified_gmt":"2022-11-15T14:00:53","slug":"jesus-martin-gonzalez-ruiz","status":"publish","type":"page","link":"https:\/\/www.brickcontrol.com\/es\/empresa\/casos-de-exito\/jesus-martin-gonzalez-ruiz\/","title":{"rendered":"Jes\u00fas Mart\u00edn Gonz\u00e1lez Ruiz S.L. habla de BrickControl"},"content":{"rendered":"<div class=\"gb-container gb-container-363e7160 gb-container-contenedor-mediano\"><div class=\"gb-inside-container\">\n<div class=\"gb-container gb-container-ca89e122\"><div class=\"gb-inside-container\">\n<div class=\"yoast-breadcrumbs claro\"><span><span><a href=\"https:\/\/www.brickcontrol.com\/es\/\"><i class=\"fa fa-home\" aria-hidden=\"true\"><\/i> Home<\/a><\/span> &gt; <span><a href=\"https:\/\/www.brickcontrol.com\/es\/empresa\/\">Sobre nosotros<\/a><\/span> &gt; <span><a href=\"https:\/\/www.brickcontrol.com\/es\/empresa\/casos-de-exito\/\">Casos de \u00e9xito<\/a><\/span> &gt; <span class=\"breadcrumb_last\" aria-current=\"page\"><strong>Jes\u00fas Mart\u00edn Gonz\u00e1lez Ruiz S.L. habla de BrickControl<\/strong><\/span><\/span><\/div>\n<\/div><\/div>\n\n<div class=\"gb-container gb-container-33c441f9\"><div class=\"gb-inside-container\">\n\n<h1 class=\"gb-headline gb-headline-caf8faa8 gb-headline-text\">Jes\u00fas Mart\u00edn Gonz\u00e1lez Ruiz S.L. habla de BrickControl<\/h1>\n\n<\/div><\/div>\n\n<div class=\"gb-container gb-container-bb0af947 animated fadeIn\"><div class=\"gb-inside-container\">\n<div class=\"gb-grid-wrapper gb-grid-wrapper-cacc730a\">\n<div class=\"gb-grid-column gb-grid-column-d0799aed\"><div class=\"gb-container gb-container-d0799aed\"><div class=\"gb-inside-container\">\n\n<figure class=\"wp-block-image size-full\"><img loading=\"lazy\" decoding=\"async\" width=\"200\" height=\"100\" src=\"https:\/\/www.brickcontrol.com\/wp-content\/uploads\/2022\/04\/logo-jesus-martin.jpg\" alt=\"Jes\u00fas Mart\u00edn Gonz\u00e1lez Ruiz S.L. habla de BrickControl\" class=\"wp-image-14444\"\/><\/figure>\n\n<\/div><\/div><\/div>\n\n<div class=\"gb-grid-column gb-grid-column-f4cb0383\"><div class=\"gb-container gb-container-f4cb0383\"><div class=\"gb-inside-container\">\n\n<h2 class=\"gb-headline gb-headline-37650e8c\"><span class=\"gb-icon\"><svg xmlns=\"http:\/\/www.w3.org\/2000\/svg\" xml:space=\"preserve\" viewBox=\"0 0 349.078 349.078\" version=\"1.1\" height=\"349.08px\" width=\"349.08px\"> \t<path d=\"m150.3 26.634v58.25c0 7.9-6.404 14.301-14.304 14.301-28.186 0-43.518 28.909-45.643 85.966h45.643c7.9 0 14.304 6.407 14.304 14.304v122.99c0 7.896-6.404 14.298-14.304 14.298h-121.69c-7.903 0-14.301-6.407-14.301-14.298v-122.99c0-27.352 2.754-52.452 8.183-74.611 5.568-22.721 14.115-42.587 25.396-59.048 11.608-16.917 26.128-30.192 43.16-39.44 17.147-9.304 37.087-14.023 59.261-14.023 7.895 0 14.299 6.401 14.299 14.301zm184.47 72.552c7.896 0 14.305-6.407 14.305-14.301v-58.25c0-7.9-6.408-14.301-14.305-14.301-22.165 0-42.108 4.72-59.249 14.023-17.035 9.248-31.563 22.523-43.173 39.44-11.277 16.461-19.824 36.328-25.393 59.054-5.426 22.166-8.18 47.266-8.18 74.605v122.99c0 7.896 6.406 14.298 14.304 14.298h121.69c7.896 0 14.299-6.407 14.299-14.298v-122.99c0-7.896-6.402-14.304-14.299-14.304h-44.992c2.093-57.056 17.201-85.965 44.993-85.965z\"><\/path> <\/svg><\/span><span class=\"gb-headline-text\">Gracias a la tecnolog\u00eda de BrickControl, ahora podemos trabajar desde cualquier sitio y desde cualquier dispositivo.<\/span><\/h2>\n\n\n\n<p class=\"gb-headline gb-headline-3efe3770 gb-headline-text\">Jes\u00fas Mart\u00edn Gonz\u00e1lez \u2013 Jes\u00fas Mart\u00edn Gonz\u00e1lez Ruiz S.L.<\/p>\n\n<\/div><\/div><\/div>\n<\/div>\n<\/div><\/div>\n<\/div><div class=\"gb-shapes\"><div class=\"gb-shape gb-shape-1\"><svg xmlns=\"http:\/\/www.w3.org\/2000\/svg\" viewBox=\"0 0 1200 360\" preserveAspectRatio=\"none\"><path d=\"M1200 360H0V0l1200 348z\"\/><\/svg><\/div><\/div><\/div>\n\n<div class=\"gb-container gb-container-9112bbf1 gb-container-contenedor-mediano\"><div class=\"gb-inside-container\">\n<div class=\"gb-grid-wrapper gb-grid-wrapper-e24240dc\">\n<div class=\"gb-grid-column gb-grid-column-28794adc\"><div class=\"gb-container gb-container-28794adc\"><div class=\"gb-inside-container\">\n\n<p class=\"gb-headline gb-headline-f8fe5316 gb-headline-text\"><strong>Jes\u00fas Mart\u00edn Gonz\u00e1lez Ruiz es una empresa en la que nos dedicamos a la ejecuci\u00f3n de obras y rehabilitaci\u00f3n.<\/strong><\/p>\n\n\n\n<p class=\"gb-headline gb-headline-0d7f9b08 gb-headline-text\">Decidimos empezar a trabajar con BrickControl gracias a la facilidad de uso que nos prestaba. Anteriormente trabajamos con otro programa que era muy complicado de utilizar y nos enlentec\u00eda el trabajo a todos. Desde que utilizamos BrickControl al ser muy intuitivo y f\u00e1cil de utilizar realizamos el trabajo mucho m\u00e1s r\u00e1pido.<\/p>\n\n\n\n<p class=\"gb-headline gb-headline-2eab376c gb-headline-text\">Otro punto que consideramos muy importante es el tecnol\u00f3gico, al estar en la nube nos da muchas ventajas como el poder trabajar desde cualquier lugar y cualquier dispositivo con la consiguiente ventaja de realizar las tareas incluso desde la propia obra.<\/p>\n\n<\/div><\/div><\/div>\n\n<div class=\"gb-grid-column gb-grid-column-465649fb\"><div class=\"gb-container gb-container-465649fb\"><div class=\"gb-inside-container\">\n<div class=\"gb-container gb-container-cc5693e6\"><div class=\"gb-inside-container\"><\/div><\/div>\n\n<div class=\"gb-container gb-container-07fe0bb1\"><div class=\"gb-inside-container\"><\/div><\/div>\n<\/div><\/div><\/div>\n<\/div>\n<\/div><div class=\"gb-shapes\"><div class=\"gb-shape gb-shape-1\"><svg xmlns=\"http:\/\/www.w3.org\/2000\/svg\" viewBox=\"0 0 1200 360\" preserveAspectRatio=\"none\"><path d=\"M1200 360H0V0l1200 348z\"\/><\/svg><\/div><\/div><\/div>","protected":false},"excerpt":{"rendered":"<p>Jes\u00fas Mart\u00edn Gonz\u00e1lez Ruiz S.L. habla de BrickControl<\/p>\n","protected":false},"author":3,"featured_media":0,"parent":1170,"menu_order":0,"comment_status":"closed","ping_status":"closed","template":"","meta":{"inline_featured_image":false,"_uag_custom_page_level_css":"","footnotes":""},"class_list":{"0":"post-15457","1":"page","2":"type-page","3":"status-publish","5":"infinite-scroll-item"},"yoast_head":"<!-- This site is optimized with the Yoast SEO plugin v24.3 - https:\/\/yoast.com\/wordpress\/plugins\/seo\/ -->\n<title>Jes\u00fas Mart\u00edn Gonz\u00e1lez Ruiz S.L. habla de BrickControl - BrickControl<\/title>\n<meta name=\"description\" content=\"Gracias a la tecnolog\u00eda de BrickControl, ahora podemos trabajar desde cualquier sitio y desde cualquier dispositivo.\" \/>\n<meta name=\"robots\" content=\"index, follow, max-snippet:-1, max-image-preview:large, max-video-preview:-1\" \/>\n<link rel=\"canonical\" href=\"https:\/\/www.brickcontrol.com\/es\/empresa\/casos-de-exito\/jesus-martin-gonzalez-ruiz\/\" \/>\n<meta property=\"og:locale\" content=\"es_ES\" \/>\n<meta property=\"og:type\" content=\"article\" \/>\n<meta property=\"og:title\" content=\"Jes\u00fas Mart\u00edn Gonz\u00e1lez Ruiz S.L. habla de BrickControl - BrickControl\" \/>\n<meta property=\"og:description\" content=\"Gracias a la tecnolog\u00eda de BrickControl, ahora podemos trabajar desde cualquier sitio y desde cualquier dispositivo.\" \/>\n<meta property=\"og:url\" content=\"https:\/\/www.brickcontrol.com\/es\/empresa\/casos-de-exito\/jesus-martin-gonzalez-ruiz\/\" \/>\n<meta property=\"og:site_name\" content=\"BrickControl\" \/>\n<meta property=\"article:modified_time\" content=\"2022-11-15T14:00:53+00:00\" \/>\n<meta property=\"og:image\" content=\"https:\/\/www.brickcontrol.com\/wp-content\/uploads\/2022\/04\/logo-jesus-martin.jpg\" \/>\n<meta name=\"twitter:card\" content=\"summary_large_image\" \/>\n<meta name=\"twitter:label1\" content=\"Tiempo de lectura\" \/>\n\t<meta name=\"twitter:data1\" content=\"1 minuto\" \/>\n<script type=\"application\/ld+json\" class=\"yoast-schema-graph\">{\"@context\":\"https:\/\/schema.org\",\"@graph\":[{\"@type\":\"WebPage\",\"@id\":\"https:\/\/www.brickcontrol.com\/es\/empresa\/casos-de-exito\/jesus-martin-gonzalez-ruiz\/\",\"url\":\"https:\/\/www.brickcontrol.com\/es\/empresa\/casos-de-exito\/jesus-martin-gonzalez-ruiz\/\",\"name\":\"Jes\u00fas Mart\u00edn Gonz\u00e1lez Ruiz S.L. habla de BrickControl - BrickControl\",\"isPartOf\":{\"@id\":\"https:\/\/www.brickcontrol.com\/es\/#website\"},\"primaryImageOfPage\":{\"@id\":\"https:\/\/www.brickcontrol.com\/es\/empresa\/casos-de-exito\/jesus-martin-gonzalez-ruiz\/#primaryimage\"},\"image\":{\"@id\":\"https:\/\/www.brickcontrol.com\/es\/empresa\/casos-de-exito\/jesus-martin-gonzalez-ruiz\/#primaryimage\"},\"thumbnailUrl\":\"https:\/\/www.brickcontrol.com\/wp-content\/uploads\/2022\/04\/logo-jesus-martin.jpg\",\"datePublished\":\"2022-04-22T01:46:14+00:00\",\"dateModified\":\"2022-11-15T14:00:53+00:00\",\"description\":\"Gracias a la tecnolog\u00eda de BrickControl, ahora podemos trabajar desde cualquier sitio y desde cualquier dispositivo.\",\"breadcrumb\":{\"@id\":\"https:\/\/www.brickcontrol.com\/es\/empresa\/casos-de-exito\/jesus-martin-gonzalez-ruiz\/#breadcrumb\"},\"inLanguage\":\"es\",\"potentialAction\":[{\"@type\":\"ReadAction\",\"target\":[\"https:\/\/www.brickcontrol.com\/es\/empresa\/casos-de-exito\/jesus-martin-gonzalez-ruiz\/\"]}]},{\"@type\":\"ImageObject\",\"inLanguage\":\"es\",\"@id\":\"https:\/\/www.brickcontrol.com\/es\/empresa\/casos-de-exito\/jesus-martin-gonzalez-ruiz\/#primaryimage\",\"url\":\"https:\/\/www.brickcontrol.com\/wp-content\/uploads\/2022\/04\/logo-jesus-martin.jpg\",\"contentUrl\":\"https:\/\/www.brickcontrol.com\/wp-content\/uploads\/2022\/04\/logo-jesus-martin.jpg\"},{\"@type\":\"BreadcrumbList\",\"@id\":\"https:\/\/www.brickcontrol.com\/es\/empresa\/casos-de-exito\/jesus-martin-gonzalez-ruiz\/#breadcrumb\",\"itemListElement\":[{\"@type\":\"ListItem\",\"position\":1,\"name\":\"Home\",\"item\":\"https:\/\/www.brickcontrol.com\/es\/\"},{\"@type\":\"ListItem\",\"position\":2,\"name\":\"Sobre nosotros\",\"item\":\"https:\/\/www.brickcontrol.com\/es\/empresa\/\"},{\"@type\":\"ListItem\",\"position\":3,\"name\":\"Casos de \u00e9xito\",\"item\":\"https:\/\/www.brickcontrol.com\/es\/empresa\/casos-de-exito\/\"},{\"@type\":\"ListItem\",\"position\":4,\"name\":\"Jes\u00fas Mart\u00edn Gonz\u00e1lez Ruiz S.L. habla de BrickControl\"}]},{\"@type\":\"WebSite\",\"@id\":\"https:\/\/www.brickcontrol.com\/es\/#website\",\"url\":\"https:\/\/www.brickcontrol.com\/es\/\",\"name\":\"BrickControl\",\"description\":\"BrickControl\",\"publisher\":{\"@id\":\"https:\/\/www.brickcontrol.com\/es\/#organization\"},\"potentialAction\":[{\"@type\":\"SearchAction\",\"target\":{\"@type\":\"EntryPoint\",\"urlTemplate\":\"https:\/\/www.brickcontrol.com\/es\/?s={search_term_string}\"},\"query-input\":{\"@type\":\"PropertyValueSpecification\",\"valueRequired\":true,\"valueName\":\"search_term_string\"}}],\"inLanguage\":\"es\"},{\"@type\":\"Organization\",\"@id\":\"https:\/\/www.brickcontrol.com\/es\/#organization\",\"name\":\"BrickControl\",\"url\":\"https:\/\/www.brickcontrol.com\/es\/\",\"logo\":{\"@type\":\"ImageObject\",\"inLanguage\":\"es\",\"@id\":\"https:\/\/www.brickcontrol.com\/es\/#\/schema\/logo\/image\/\",\"url\":\"https:\/\/www.brickcontrol.com\/wp-content\/uploads\/2024\/04\/logo_brickcontrol.webp\",\"contentUrl\":\"https:\/\/www.brickcontrol.com\/wp-content\/uploads\/2024\/04\/logo_brickcontrol.webp\",\"width\":823,\"height\":216,\"caption\":\"BrickControl\"},\"image\":{\"@id\":\"https:\/\/www.brickcontrol.com\/es\/#\/schema\/logo\/image\/\"}}]}<\/script>\n<!-- \/ Yoast SEO plugin. -->","yoast_head_json":{"title":"Jes\u00fas Mart\u00edn Gonz\u00e1lez Ruiz S.L. habla de BrickControl - BrickControl","description":"Gracias a la tecnolog\u00eda de BrickControl, ahora podemos trabajar desde cualquier sitio y desde cualquier dispositivo.","robots":{"index":"index","follow":"follow","max-snippet":"max-snippet:-1","max-image-preview":"max-image-preview:large","max-video-preview":"max-video-preview:-1"},"canonical":"https:\/\/www.brickcontrol.com\/es\/empresa\/casos-de-exito\/jesus-martin-gonzalez-ruiz\/","og_locale":"es_ES","og_type":"article","og_title":"Jes\u00fas Mart\u00edn Gonz\u00e1lez Ruiz S.L. habla de BrickControl - BrickControl","og_description":"Gracias a la tecnolog\u00eda de BrickControl, ahora podemos trabajar desde cualquier sitio y desde cualquier dispositivo.","og_url":"https:\/\/www.brickcontrol.com\/es\/empresa\/casos-de-exito\/jesus-martin-gonzalez-ruiz\/","og_site_name":"BrickControl","article_modified_time":"2022-11-15T14:00:53+00:00","og_image":[{"url":"https:\/\/www.brickcontrol.com\/wp-content\/uploads\/2022\/04\/logo-jesus-martin.jpg","type":"","width":"","height":""}],"twitter_card":"summary_large_image","twitter_misc":{"Tiempo de lectura":"1 minuto"},"schema":{"@context":"https:\/\/schema.org","@graph":[{"@type":"WebPage","@id":"https:\/\/www.brickcontrol.com\/es\/empresa\/casos-de-exito\/jesus-martin-gonzalez-ruiz\/","url":"https:\/\/www.brickcontrol.com\/es\/empresa\/casos-de-exito\/jesus-martin-gonzalez-ruiz\/","name":"Jes\u00fas Mart\u00edn Gonz\u00e1lez Ruiz S.L. habla de BrickControl - BrickControl","isPartOf":{"@id":"https:\/\/www.brickcontrol.com\/es\/#website"},"primaryImageOfPage":{"@id":"https:\/\/www.brickcontrol.com\/es\/empresa\/casos-de-exito\/jesus-martin-gonzalez-ruiz\/#primaryimage"},"image":{"@id":"https:\/\/www.brickcontrol.com\/es\/empresa\/casos-de-exito\/jesus-martin-gonzalez-ruiz\/#primaryimage"},"thumbnailUrl":"https:\/\/www.brickcontrol.com\/wp-content\/uploads\/2022\/04\/logo-jesus-martin.jpg","datePublished":"2022-04-22T01:46:14+00:00","dateModified":"2022-11-15T14:00:53+00:00","description":"Gracias a la tecnolog\u00eda de BrickControl, ahora podemos trabajar desde cualquier sitio y desde cualquier dispositivo.","breadcrumb":{"@id":"https:\/\/www.brickcontrol.com\/es\/empresa\/casos-de-exito\/jesus-martin-gonzalez-ruiz\/#breadcrumb"},"inLanguage":"es","potentialAction":[{"@type":"ReadAction","target":["https:\/\/www.brickcontrol.com\/es\/empresa\/casos-de-exito\/jesus-martin-gonzalez-ruiz\/"]}]},{"@type":"ImageObject","inLanguage":"es","@id":"https:\/\/www.brickcontrol.com\/es\/empresa\/casos-de-exito\/jesus-martin-gonzalez-ruiz\/#primaryimage","url":"https:\/\/www.brickcontrol.com\/wp-content\/uploads\/2022\/04\/logo-jesus-martin.jpg","contentUrl":"https:\/\/www.brickcontrol.com\/wp-content\/uploads\/2022\/04\/logo-jesus-martin.jpg"},{"@type":"BreadcrumbList","@id":"https:\/\/www.brickcontrol.com\/es\/empresa\/casos-de-exito\/jesus-martin-gonzalez-ruiz\/#breadcrumb","itemListElement":[{"@type":"ListItem","position":1,"name":"Home","item":"https:\/\/www.brickcontrol.com\/es\/"},{"@type":"ListItem","position":2,"name":"Sobre nosotros","item":"https:\/\/www.brickcontrol.com\/es\/empresa\/"},{"@type":"ListItem","position":3,"name":"Casos de \u00e9xito","item":"https:\/\/www.brickcontrol.com\/es\/empresa\/casos-de-exito\/"},{"@type":"ListItem","position":4,"name":"Jes\u00fas Mart\u00edn Gonz\u00e1lez Ruiz S.L. habla de BrickControl"}]},{"@type":"WebSite","@id":"https:\/\/www.brickcontrol.com\/es\/#website","url":"https:\/\/www.brickcontrol.com\/es\/","name":"BrickControl","description":"BrickControl","publisher":{"@id":"https:\/\/www.brickcontrol.com\/es\/#organization"},"potentialAction":[{"@type":"SearchAction","target":{"@type":"EntryPoint","urlTemplate":"https:\/\/www.brickcontrol.com\/es\/?s={search_term_string}"},"query-input":{"@type":"PropertyValueSpecification","valueRequired":true,"valueName":"search_term_string"}}],"inLanguage":"es"},{"@type":"Organization","@id":"https:\/\/www.brickcontrol.com\/es\/#organization","name":"BrickControl","url":"https:\/\/www.brickcontrol.com\/es\/","logo":{"@type":"ImageObject","inLanguage":"es","@id":"https:\/\/www.brickcontrol.com\/es\/#\/schema\/logo\/image\/","url":"https:\/\/www.brickcontrol.com\/wp-content\/uploads\/2024\/04\/logo_brickcontrol.webp","contentUrl":"https:\/\/www.brickcontrol.com\/wp-content\/uploads\/2024\/04\/logo_brickcontrol.webp","width":823,"height":216,"caption":"BrickControl"},"image":{"@id":"https:\/\/www.brickcontrol.com\/es\/#\/schema\/logo\/image\/"}}]}},"uagb_featured_image_src":{"full":false,"thumbnail":false,"medium":false,"medium_large":false,"large":false,"gs-tiny":false,"xl":false,"xxl":false,"xxxl":false,"xxxxl":false,"xxxxxl":false,"1536x1536":false,"2048x2048":false},"uagb_author_info":{"display_name":"sistemas","author_link":"https:\/\/www.brickcontrol.com\/es\/blog\/author\/sistemas\/"},"uagb_comment_info":0,"uagb_excerpt":"Jes\u00fas Mart\u00edn Gonz\u00e1lez Ruiz S.L. habla de BrickControl","_links":{"self":[{"href":"https:\/\/www.brickcontrol.com\/es\/wp-json\/wp\/v2\/pages\/15457","targetHints":{"allow":["GET"]}}],"collection":[{"href":"https:\/\/www.brickcontrol.com\/es\/wp-json\/wp\/v2\/pages"}],"about":[{"href":"https:\/\/www.brickcontrol.com\/es\/wp-json\/wp\/v2\/types\/page"}],"author":[{"embeddable":true,"href":"https:\/\/www.brickcontrol.com\/es\/wp-json\/wp\/v2\/users\/3"}],"replies":[{"embeddable":true,"href":"https:\/\/www.brickcontrol.com\/es\/wp-json\/wp\/v2\/comments?post=15457"}],"version-history":[{"count":2,"href":"https:\/\/www.brickcontrol.com\/es\/wp-json\/wp\/v2\/pages\/15457\/revisions"}],"predecessor-version":[{"id":36723,"href":"https:\/\/www.brickcontrol.com\/es\/wp-json\/wp\/v2\/pages\/15457\/revisions\/36723"}],"up":[{"embeddable":true,"href":"https:\/\/www.brickcontrol.com\/es\/wp-json\/wp\/v2\/pages\/1170"}],"wp:attachment":[{"href":"https:\/\/www.brickcontrol.com\/es\/wp-json\/wp\/v2\/media?parent=15457"}],"curies":[{"name":"wp","href":"https:\/\/api.w.org\/{rel}","templated":true}]}}