{"id":15709,"date":"2022-04-25T15:51:47","date_gmt":"2022-04-25T13:51:47","guid":{"rendered":"https:\/\/www.brickcontrol.com\/?page_id=15709"},"modified":"2023-08-18T17:49:17","modified_gmt":"2023-08-18T15:49:17","slug":"api-desde-excel","status":"publish","type":"page","link":"https:\/\/www.brickcontrol.com\/es\/integraciones\/api-rest\/api-desde-excel\/","title":{"rendered":"API desde Excel"},"content":{"rendered":"<div class=\"gb-container gb-container-4519f67e gb-container-contenedor-bajo\"><div class=\"gb-inside-container\">\n<div class=\"gb-container gb-container-ca89e122\"><div class=\"gb-inside-container\">\n<div class=\"yoast-breadcrumbs claro\"><span><span><a href=\"https:\/\/www.brickcontrol.com\/es\/\"><i class=\"fa fa-home\" aria-hidden=\"true\"><\/i> Home<\/a><\/span> &gt; <span><a href=\"https:\/\/www.brickcontrol.com\/es\/integraciones\/\">Integraciones<\/a><\/span> &gt; <span><a href=\"https:\/\/www.brickcontrol.com\/es\/integraciones\/api-rest\/\">API &#8211; Web Services REST<\/a><\/span> &gt; <span class=\"breadcrumb_last\" aria-current=\"page\"><strong>API desde Excel<\/strong><\/span><\/span><\/div>\n<\/div><\/div>\n\n<div class=\"gb-grid-wrapper gb-grid-wrapper-d8048345\">\n<div class=\"gb-grid-column gb-grid-column-e806a375\"><div class=\"gb-container gb-container-e806a375\"><div class=\"gb-inside-container\">\n\n<h1 class=\"gb-headline gb-headline-feea04d2 gb-headline-text animated fadeIn\">API desde Excel<\/h1>\n\n\n<div class=\"gb-container gb-container-f3db5adc animated fadeIn\"><div class=\"gb-inside-container\">\n\n<p class=\"gb-headline gb-headline-520b08f0 gb-headline-text\">Nuestro <strong><a href=\"https:\/\/www.brickcontrol.com\/es\/producto\/\">software para obras y constructoras<\/a><\/strong> que te permite utilizar\u00a0la API desde Excel para <strong>obtener potentes informes personalizados<\/strong>. Incluso puedes actualizar datos en BrickControl desde Excel.<\/p>\n\n\n\n<p class=\"gb-headline gb-headline-67e76bf8 gb-headline-text\">Para ello debes acceder a la API a trav\u00e9s de VBA (Visual Basic para aplicaciones) que es la herramienta de desarrollo de MS Excel.<\/p>\n\n\n\n<p class=\"gb-headline gb-headline-5a4bdbb3 gb-headline-text\">Hemos preparado algunos ejemplos para que pod\u00e1is ver c\u00f3mo est\u00e1n hechos y as\u00ed los pod\u00e1is reutilizar para haceros vuestros informes personalizados, espec\u00edficos para nuestro <strong><a href=\"https:\/\/www.brickcontrol.com\/es\/producto\/presupuestos\/\">Programa para Presupuestos de Obras<\/a><\/strong> y <strong><a href=\"https:\/\/www.brickcontrol.com\/es\/producto\/crm-clientes\/\">CRM de Constructoras<\/a><\/strong>.<\/p>\n\n\n\n<p class=\"gb-headline gb-headline-f35db512 gb-headline-text\"><strong>Ejemplo 1:<\/strong> Cargar un listado de clientes en Excel<\/p>\n\n\n\n<p class=\"gb-headline gb-headline-31808e2e gb-headline-text\"><a href=\"https:\/\/www.brickcontrol.com\/wp-content\/uploads\/2022\/04\/BC-Clientes-API.xlsm\" target=\"_blank\" rel=\"noreferrer noopener\">Descargar ejemplo 1<\/a><\/p>\n\n\n\n<p class=\"gb-headline gb-headline-87ca6309 gb-headline-text\"><strong>Ejemplo 2:<\/strong> Cargar un presupuesto en Excel<\/p>\n\n\n\n<p class=\"gb-headline gb-headline-e04a4b31 gb-headline-text\"><a href=\"https:\/\/www.brickcontrol.com\/wp-content\/uploads\/2022\/04\/BC-Presupuesto-API-sencillo.xlsm\" target=\"_blank\" rel=\"noreferrer noopener\">Descargar ejemplo 2<\/a><\/p>\n\n\n\n<p class=\"gb-headline gb-headline-934b5b87 gb-headline-text\"><strong>Ejemplo 3:<\/strong> Cargar un presupuesto en Excel seleccionando el proyecto desde una combo<\/p>\n\n\n\n<p class=\"gb-headline gb-headline-de51095e gb-headline-text\"><a href=\"https:\/\/www.brickcontrol.com\/wp-content\/uploads\/2022\/04\/BC-Presupuesto-API.xlsm\">Descargar ejemplo 3<\/a><\/p>\n\n\n\n<p class=\"gb-headline gb-headline-ef564f27 gb-headline-text\"><strong>Importante:<\/strong> Para que te funcionen estos ejemplos debes hacer los siguientes pasos:<\/p>\n\n\n\n<p class=\"gb-headline gb-headline-875fb3f2\"><span class=\"gb-icon\"><svg aria-hidden=\"true\" role=\"img\" height=\"1em\" width=\"1em\" viewBox=\"0 0 256 512\" xmlns=\"http:\/\/www.w3.org\/2000\/svg\"><path fill=\"currentColor\" d=\"M224.3 273l-136 136c-9.4 9.4-24.6 9.4-33.9 0l-22.6-22.6c-9.4-9.4-9.4-24.6 0-33.9l96.4-96.4-96.4-96.4c-9.4-9.4-9.4-24.6 0-33.9L54.3 103c9.4-9.4 24.6-9.4 33.9 0l136 136c9.5 9.4 9.5 24.6.1 34z\"><\/path><\/svg><\/span><span class=\"gb-headline-text\">Abrir el fichero Excel<\/span><\/p>\n\n\n\n<p class=\"gb-headline gb-headline-f65a2a24\"><span class=\"gb-icon\"><svg aria-hidden=\"true\" role=\"img\" height=\"1em\" width=\"1em\" viewBox=\"0 0 256 512\" xmlns=\"http:\/\/www.w3.org\/2000\/svg\"><path fill=\"currentColor\" d=\"M224.3 273l-136 136c-9.4 9.4-24.6 9.4-33.9 0l-22.6-22.6c-9.4-9.4-9.4-24.6 0-33.9l96.4-96.4-96.4-96.4c-9.4-9.4-9.4-24.6 0-33.9L54.3 103c9.4-9.4 24.6-9.4 33.9 0l136 136c9.5 9.4 9.5 24.6.1 34z\"><\/path><\/svg><\/span><span class=\"gb-headline-text\">Clic en el bot\u00f3n \u201cHabilitar edici\u00f3n\u201d<\/span><\/p>\n\n\n\n<p class=\"gb-headline gb-headline-e1663d56\"><span class=\"gb-icon\"><svg aria-hidden=\"true\" role=\"img\" height=\"1em\" width=\"1em\" viewBox=\"0 0 256 512\" xmlns=\"http:\/\/www.w3.org\/2000\/svg\"><path fill=\"currentColor\" d=\"M224.3 273l-136 136c-9.4 9.4-24.6 9.4-33.9 0l-22.6-22.6c-9.4-9.4-9.4-24.6 0-33.9l96.4-96.4-96.4-96.4c-9.4-9.4-9.4-24.6 0-33.9L54.3 103c9.4-9.4 24.6-9.4 33.9 0l136 136c9.5 9.4 9.5 24.6.1 34z\"><\/path><\/svg><\/span><span class=\"gb-headline-text\">Clic en el bot\u00f3n \u201cHabilitar contenido\u201d<\/span><\/p>\n\n\n\n<p class=\"gb-headline gb-headline-e2b5ee8b\"><span class=\"gb-icon\"><svg aria-hidden=\"true\" role=\"img\" height=\"1em\" width=\"1em\" viewBox=\"0 0 256 512\" xmlns=\"http:\/\/www.w3.org\/2000\/svg\"><path fill=\"currentColor\" d=\"M224.3 273l-136 136c-9.4 9.4-24.6 9.4-33.9 0l-22.6-22.6c-9.4-9.4-9.4-24.6 0-33.9l96.4-96.4-96.4-96.4c-9.4-9.4-9.4-24.6 0-33.9L54.3 103c9.4-9.4 24.6-9.4 33.9 0l136 136c9.5 9.4 9.5 24.6.1 34z\"><\/path><\/svg><\/span><span class=\"gb-headline-text\">Bot\u00f3n derecho en \u201cHoja1\u201d \u2013&gt; Ver c\u00f3digo<\/span><\/p>\n\n\n\n<p class=\"gb-headline gb-headline-75f78a63\"><span class=\"gb-icon\"><svg aria-hidden=\"true\" role=\"img\" height=\"1em\" width=\"1em\" viewBox=\"0 0 256 512\" xmlns=\"http:\/\/www.w3.org\/2000\/svg\"><path fill=\"currentColor\" d=\"M224.3 273l-136 136c-9.4 9.4-24.6 9.4-33.9 0l-22.6-22.6c-9.4-9.4-9.4-24.6 0-33.9l96.4-96.4-96.4-96.4c-9.4-9.4-9.4-24.6 0-33.9L54.3 103c9.4-9.4 24.6-9.4 33.9 0l136 136c9.5 9.4 9.5 24.6.1 34z\"><\/path><\/svg><\/span><span class=\"gb-headline-text\">Buscar las variables apikey y sustituir las \u201cxxxxxxxxxxxxxxxxxxxxxxxxxxxxxxx\u201d por tu apikey (en alg\u00fan ejemplo hay 2 variables apikey que tienes que sustituir)<\/span><\/p>\n\n\n\n<p class=\"gb-headline gb-headline-35ac8fa6\"><span class=\"gb-icon\"><svg aria-hidden=\"true\" role=\"img\" height=\"1em\" width=\"1em\" viewBox=\"0 0 256 512\" xmlns=\"http:\/\/www.w3.org\/2000\/svg\"><path fill=\"currentColor\" d=\"M224.3 273l-136 136c-9.4 9.4-24.6 9.4-33.9 0l-22.6-22.6c-9.4-9.4-9.4-24.6 0-33.9l96.4-96.4-96.4-96.4c-9.4-9.4-9.4-24.6 0-33.9L54.3 103c9.4-9.4 24.6-9.4 33.9 0l136 136c9.5 9.4 9.5 24.6.1 34z\"><\/path><\/svg><\/span><span class=\"gb-headline-text\">Guardar<\/span><\/p>\n\n\n\n<p class=\"gb-headline gb-headline-0d5426ef\"><span class=\"gb-icon\"><svg aria-hidden=\"true\" role=\"img\" height=\"1em\" width=\"1em\" viewBox=\"0 0 256 512\" xmlns=\"http:\/\/www.w3.org\/2000\/svg\"><path fill=\"currentColor\" d=\"M224.3 273l-136 136c-9.4 9.4-24.6 9.4-33.9 0l-22.6-22.6c-9.4-9.4-9.4-24.6 0-33.9l96.4-96.4-96.4-96.4c-9.4-9.4-9.4-24.6 0-33.9L54.3 103c9.4-9.4 24.6-9.4 33.9 0l136 136c9.5 9.4 9.5 24.6.1 34z\"><\/path><\/svg><\/span><span class=\"gb-headline-text\">Ya puedes ejecutar el listado haciendo clic en el bot\u00f3n \u201cCargar Clientes\u201d, \u201cPresupuesto\u201d\u2026<\/span><\/p>\n\n<\/div><\/div>\n<\/div><\/div><\/div>\n\n<div class=\"gb-grid-column gb-grid-column-e489bd49\"><div class=\"gb-container gb-container-e489bd49\"><div class=\"gb-inside-container\">\n<div class=\"gb-container gb-container-aacabab9 animated fadeIn\"><div class=\"gb-inside-container\">\n<div class=\"gb-grid-wrapper gb-grid-wrapper-d464875b\">\n<div class=\"gb-grid-column gb-grid-column-3b186285\"><div class=\"gb-container gb-container-3b186285\"><div class=\"gb-inside-container\">\n\n<h2 class=\"gb-headline gb-headline-91253fb8\"><span class=\"gb-icon\"><svg aria-hidden=\"true\" role=\"img\" height=\"1em\" width=\"1em\" viewBox=\"0 0 256 512\" xmlns=\"http:\/\/www.w3.org\/2000\/svg\"><path fill=\"currentColor\" d=\"M224.3 273l-136 136c-9.4 9.4-24.6 9.4-33.9 0l-22.6-22.6c-9.4-9.4-9.4-24.6 0-33.9l96.4-96.4-96.4-96.4c-9.4-9.4-9.4-24.6 0-33.9L54.3 103c9.4-9.4 24.6-9.4 33.9 0l136 136c9.5 9.4 9.5 24.6.1 34z\"><\/path><\/svg><\/span><span class=\"gb-headline-text\"><a href=\"https:\/\/www.brickcontrol.com\/es\/integraciones\/api-rest\/\">API \u2013 Web Services REST<\/a><\/span><\/h2>\n\n<\/div><\/div><\/div>\n\n<div class=\"gb-grid-column gb-grid-column-d148b73c\"><div class=\"gb-container gb-container-d148b73c\"><div class=\"gb-inside-container\">\n\n<h2 class=\"gb-headline gb-headline-7f201715\"><span class=\"gb-icon\"><svg aria-hidden=\"true\" role=\"img\" height=\"1em\" width=\"1em\" viewBox=\"0 0 256 512\" xmlns=\"http:\/\/www.w3.org\/2000\/svg\"><path fill=\"currentColor\" d=\"M224.3 273l-136 136c-9.4 9.4-24.6 9.4-33.9 0l-22.6-22.6c-9.4-9.4-9.4-24.6 0-33.9l96.4-96.4-96.4-96.4c-9.4-9.4-9.4-24.6 0-33.9L54.3 103c9.4-9.4 24.6-9.4 33.9 0l136 136c9.5 9.4 9.5 24.6.1 34z\"><\/path><\/svg><\/span><span class=\"gb-headline-text\"><strong><a href=\"https:\/\/www.brickcontrol.com\/es\/integraciones\/api-rest\/primeros-pasos\/\">Primeros pasos<\/a><\/strong><\/span><\/h2>\n\n<\/div><\/div><\/div>\n\n<div class=\"gb-grid-column gb-grid-column-2770f5df\"><div class=\"gb-container gb-container-2770f5df\"><div class=\"gb-inside-container\">\n\n<h2 class=\"gb-headline gb-headline-f61eed0d\"><span class=\"gb-icon\"><svg aria-hidden=\"true\" role=\"img\" height=\"1em\" width=\"1em\" viewBox=\"0 0 256 512\" xmlns=\"http:\/\/www.w3.org\/2000\/svg\"><path fill=\"currentColor\" d=\"M224.3 273l-136 136c-9.4 9.4-24.6 9.4-33.9 0l-22.6-22.6c-9.4-9.4-9.4-24.6 0-33.9l96.4-96.4-96.4-96.4c-9.4-9.4-9.4-24.6 0-33.9L54.3 103c9.4-9.4 24.6-9.4 33.9 0l136 136c9.5 9.4 9.5 24.6.1 34z\"><\/path><\/svg><\/span><span class=\"gb-headline-text\"><a href=\"https:\/\/www.brickcontrol.com\/es\/integraciones\/api-rest\/webhooks\/\">Webhooks<\/a><\/span><\/h2>\n\n<\/div><\/div><\/div>\n\n<div class=\"gb-grid-column gb-grid-column-93a5bc05\"><div class=\"gb-container gb-container-93a5bc05\"><div class=\"gb-inside-container\">\n\n<h2 class=\"gb-headline gb-headline-22613517\"><span class=\"gb-icon\"><svg aria-hidden=\"true\" role=\"img\" height=\"1em\" width=\"1em\" viewBox=\"0 0 256 512\" xmlns=\"http:\/\/www.w3.org\/2000\/svg\"><path fill=\"currentColor\" d=\"M224.3 273l-136 136c-9.4 9.4-24.6 9.4-33.9 0l-22.6-22.6c-9.4-9.4-9.4-24.6 0-33.9l96.4-96.4-96.4-96.4c-9.4-9.4-9.4-24.6 0-33.9L54.3 103c9.4-9.4 24.6-9.4 33.9 0l136 136c9.5 9.4 9.5 24.6.1 34z\"><\/path><\/svg><\/span><span class=\"gb-headline-text\"><a href=\"https:\/\/brickcontrol.com\/api\/v5\/index.html\">Objetos<\/a><\/span><\/h2>\n\n<\/div><\/div><\/div>\n\n<div class=\"gb-grid-column gb-grid-column-f6ca28c9\"><div class=\"gb-container gb-container-f6ca28c9\"><div class=\"gb-inside-container\">\n\n<h2 class=\"gb-headline gb-headline-0d38d9fd\"><span class=\"gb-icon\"><svg aria-hidden=\"true\" role=\"img\" height=\"1em\" width=\"1em\" viewBox=\"0 0 256 512\" xmlns=\"http:\/\/www.w3.org\/2000\/svg\"><path fill=\"currentColor\" d=\"M224.3 273l-136 136c-9.4 9.4-24.6 9.4-33.9 0l-22.6-22.6c-9.4-9.4-9.4-24.6 0-33.9l96.4-96.4-96.4-96.4c-9.4-9.4-9.4-24.6 0-33.9L54.3 103c9.4-9.4 24.6-9.4 33.9 0l136 136c9.5 9.4 9.5 24.6.1 34z\"><\/path><\/svg><\/span><span class=\"gb-headline-text\"><strong>APi desde Excel<\/strong><\/span><\/h2>\n\n<\/div><\/div><\/div>\n<\/div>\n<\/div><\/div>\n<\/div><\/div><\/div>\n<\/div>\n<\/div><\/div>","protected":false},"excerpt":{"rendered":"","protected":false},"author":3,"featured_media":0,"parent":1151,"menu_order":0,"comment_status":"closed","ping_status":"closed","template":"","meta":{"inline_featured_image":false,"_uag_custom_page_level_css":"","footnotes":""},"class_list":{"0":"post-15709","1":"page","2":"type-page","3":"status-publish","5":"infinite-scroll-item"},"yoast_head":"<!-- This site is optimized with the Yoast SEO plugin v24.3 - https:\/\/yoast.com\/wordpress\/plugins\/seo\/ -->\n<title>API desde Excel - BrickControl<\/title>\n<meta name=\"description\" content=\"BrickControl te permite utilizar la API desde Excel para que puedas obtener potentes informes personalizados e incluso si lo deseas poder actualizar datos en BrickControl desde Excel.\" \/>\n<meta name=\"robots\" content=\"index, follow, max-snippet:-1, max-image-preview:large, max-video-preview:-1\" \/>\n<link rel=\"canonical\" href=\"https:\/\/www.brickcontrol.com\/es\/integraciones\/api-rest\/api-desde-excel\/\" \/>\n<meta property=\"og:locale\" content=\"es_ES\" \/>\n<meta property=\"og:type\" content=\"article\" \/>\n<meta property=\"og:title\" content=\"API desde Excel - BrickControl\" \/>\n<meta property=\"og:description\" content=\"BrickControl te permite utilizar la API desde Excel para que puedas obtener potentes informes personalizados e incluso si lo deseas poder actualizar datos en BrickControl desde Excel.\" \/>\n<meta property=\"og:url\" content=\"https:\/\/www.brickcontrol.com\/es\/integraciones\/api-rest\/api-desde-excel\/\" \/>\n<meta property=\"og:site_name\" content=\"BrickControl\" \/>\n<meta property=\"article:modified_time\" content=\"2023-08-18T15:49:17+00:00\" \/>\n<meta name=\"twitter:card\" content=\"summary_large_image\" \/>\n<meta name=\"twitter:label1\" content=\"Tiempo de lectura\" \/>\n\t<meta name=\"twitter:data1\" content=\"1 minuto\" \/>\n<script type=\"application\/ld+json\" class=\"yoast-schema-graph\">{\"@context\":\"https:\/\/schema.org\",\"@graph\":[{\"@type\":\"WebPage\",\"@id\":\"https:\/\/www.brickcontrol.com\/es\/integraciones\/api-rest\/api-desde-excel\/\",\"url\":\"https:\/\/www.brickcontrol.com\/es\/integraciones\/api-rest\/api-desde-excel\/\",\"name\":\"API desde Excel - BrickControl\",\"isPartOf\":{\"@id\":\"https:\/\/www.brickcontrol.com\/es\/#website\"},\"datePublished\":\"2022-04-25T13:51:47+00:00\",\"dateModified\":\"2023-08-18T15:49:17+00:00\",\"description\":\"BrickControl te permite utilizar la API desde Excel para que puedas obtener potentes informes personalizados e incluso si lo deseas poder actualizar datos en BrickControl desde Excel.\",\"breadcrumb\":{\"@id\":\"https:\/\/www.brickcontrol.com\/es\/integraciones\/api-rest\/api-desde-excel\/#breadcrumb\"},\"inLanguage\":\"es\",\"potentialAction\":[{\"@type\":\"ReadAction\",\"target\":[\"https:\/\/www.brickcontrol.com\/es\/integraciones\/api-rest\/api-desde-excel\/\"]}]},{\"@type\":\"BreadcrumbList\",\"@id\":\"https:\/\/www.brickcontrol.com\/es\/integraciones\/api-rest\/api-desde-excel\/#breadcrumb\",\"itemListElement\":[{\"@type\":\"ListItem\",\"position\":1,\"name\":\"Home\",\"item\":\"https:\/\/www.brickcontrol.com\/es\/\"},{\"@type\":\"ListItem\",\"position\":2,\"name\":\"Integraciones\",\"item\":\"https:\/\/www.brickcontrol.com\/es\/integraciones\/\"},{\"@type\":\"ListItem\",\"position\":3,\"name\":\"API &#8211; Web Services REST\",\"item\":\"https:\/\/www.brickcontrol.com\/es\/integraciones\/api-rest\/\"},{\"@type\":\"ListItem\",\"position\":4,\"name\":\"API desde Excel\"}]},{\"@type\":\"WebSite\",\"@id\":\"https:\/\/www.brickcontrol.com\/es\/#website\",\"url\":\"https:\/\/www.brickcontrol.com\/es\/\",\"name\":\"BrickControl\",\"description\":\"BrickControl\",\"publisher\":{\"@id\":\"https:\/\/www.brickcontrol.com\/es\/#organization\"},\"potentialAction\":[{\"@type\":\"SearchAction\",\"target\":{\"@type\":\"EntryPoint\",\"urlTemplate\":\"https:\/\/www.brickcontrol.com\/es\/?s={search_term_string}\"},\"query-input\":{\"@type\":\"PropertyValueSpecification\",\"valueRequired\":true,\"valueName\":\"search_term_string\"}}],\"inLanguage\":\"es\"},{\"@type\":\"Organization\",\"@id\":\"https:\/\/www.brickcontrol.com\/es\/#organization\",\"name\":\"BrickControl\",\"url\":\"https:\/\/www.brickcontrol.com\/es\/\",\"logo\":{\"@type\":\"ImageObject\",\"inLanguage\":\"es\",\"@id\":\"https:\/\/www.brickcontrol.com\/es\/#\/schema\/logo\/image\/\",\"url\":\"https:\/\/www.brickcontrol.com\/wp-content\/uploads\/2024\/04\/logo_brickcontrol.webp\",\"contentUrl\":\"https:\/\/www.brickcontrol.com\/wp-content\/uploads\/2024\/04\/logo_brickcontrol.webp\",\"width\":823,\"height\":216,\"caption\":\"BrickControl\"},\"image\":{\"@id\":\"https:\/\/www.brickcontrol.com\/es\/#\/schema\/logo\/image\/\"}}]}<\/script>\n<!-- \/ Yoast SEO plugin. -->","yoast_head_json":{"title":"API desde Excel - BrickControl","description":"BrickControl te permite utilizar la API desde Excel para que puedas obtener potentes informes personalizados e incluso si lo deseas poder actualizar datos en BrickControl desde Excel.","robots":{"index":"index","follow":"follow","max-snippet":"max-snippet:-1","max-image-preview":"max-image-preview:large","max-video-preview":"max-video-preview:-1"},"canonical":"https:\/\/www.brickcontrol.com\/es\/integraciones\/api-rest\/api-desde-excel\/","og_locale":"es_ES","og_type":"article","og_title":"API desde Excel - BrickControl","og_description":"BrickControl te permite utilizar la API desde Excel para que puedas obtener potentes informes personalizados e incluso si lo deseas poder actualizar datos en BrickControl desde Excel.","og_url":"https:\/\/www.brickcontrol.com\/es\/integraciones\/api-rest\/api-desde-excel\/","og_site_name":"BrickControl","article_modified_time":"2023-08-18T15:49:17+00:00","twitter_card":"summary_large_image","twitter_misc":{"Tiempo de lectura":"1 minuto"},"schema":{"@context":"https:\/\/schema.org","@graph":[{"@type":"WebPage","@id":"https:\/\/www.brickcontrol.com\/es\/integraciones\/api-rest\/api-desde-excel\/","url":"https:\/\/www.brickcontrol.com\/es\/integraciones\/api-rest\/api-desde-excel\/","name":"API desde Excel - BrickControl","isPartOf":{"@id":"https:\/\/www.brickcontrol.com\/es\/#website"},"datePublished":"2022-04-25T13:51:47+00:00","dateModified":"2023-08-18T15:49:17+00:00","description":"BrickControl te permite utilizar la API desde Excel para que puedas obtener potentes informes personalizados e incluso si lo deseas poder actualizar datos en BrickControl desde Excel.","breadcrumb":{"@id":"https:\/\/www.brickcontrol.com\/es\/integraciones\/api-rest\/api-desde-excel\/#breadcrumb"},"inLanguage":"es","potentialAction":[{"@type":"ReadAction","target":["https:\/\/www.brickcontrol.com\/es\/integraciones\/api-rest\/api-desde-excel\/"]}]},{"@type":"BreadcrumbList","@id":"https:\/\/www.brickcontrol.com\/es\/integraciones\/api-rest\/api-desde-excel\/#breadcrumb","itemListElement":[{"@type":"ListItem","position":1,"name":"Home","item":"https:\/\/www.brickcontrol.com\/es\/"},{"@type":"ListItem","position":2,"name":"Integraciones","item":"https:\/\/www.brickcontrol.com\/es\/integraciones\/"},{"@type":"ListItem","position":3,"name":"API &#8211; Web Services REST","item":"https:\/\/www.brickcontrol.com\/es\/integraciones\/api-rest\/"},{"@type":"ListItem","position":4,"name":"API desde Excel"}]},{"@type":"WebSite","@id":"https:\/\/www.brickcontrol.com\/es\/#website","url":"https:\/\/www.brickcontrol.com\/es\/","name":"BrickControl","description":"BrickControl","publisher":{"@id":"https:\/\/www.brickcontrol.com\/es\/#organization"},"potentialAction":[{"@type":"SearchAction","target":{"@type":"EntryPoint","urlTemplate":"https:\/\/www.brickcontrol.com\/es\/?s={search_term_string}"},"query-input":{"@type":"PropertyValueSpecification","valueRequired":true,"valueName":"search_term_string"}}],"inLanguage":"es"},{"@type":"Organization","@id":"https:\/\/www.brickcontrol.com\/es\/#organization","name":"BrickControl","url":"https:\/\/www.brickcontrol.com\/es\/","logo":{"@type":"ImageObject","inLanguage":"es","@id":"https:\/\/www.brickcontrol.com\/es\/#\/schema\/logo\/image\/","url":"https:\/\/www.brickcontrol.com\/wp-content\/uploads\/2024\/04\/logo_brickcontrol.webp","contentUrl":"https:\/\/www.brickcontrol.com\/wp-content\/uploads\/2024\/04\/logo_brickcontrol.webp","width":823,"height":216,"caption":"BrickControl"},"image":{"@id":"https:\/\/www.brickcontrol.com\/es\/#\/schema\/logo\/image\/"}}]}},"uagb_featured_image_src":{"full":false,"thumbnail":false,"medium":false,"medium_large":false,"large":false,"gs-tiny":false,"xl":false,"xxl":false,"xxxl":false,"xxxxl":false,"xxxxxl":false,"1536x1536":false,"2048x2048":false},"uagb_author_info":{"display_name":"sistemas","author_link":"https:\/\/www.brickcontrol.com\/es\/blog\/author\/sistemas\/"},"uagb_comment_info":0,"uagb_excerpt":null,"_links":{"self":[{"href":"https:\/\/www.brickcontrol.com\/es\/wp-json\/wp\/v2\/pages\/15709","targetHints":{"allow":["GET"]}}],"collection":[{"href":"https:\/\/www.brickcontrol.com\/es\/wp-json\/wp\/v2\/pages"}],"about":[{"href":"https:\/\/www.brickcontrol.com\/es\/wp-json\/wp\/v2\/types\/page"}],"author":[{"embeddable":true,"href":"https:\/\/www.brickcontrol.com\/es\/wp-json\/wp\/v2\/users\/3"}],"replies":[{"embeddable":true,"href":"https:\/\/www.brickcontrol.com\/es\/wp-json\/wp\/v2\/comments?post=15709"}],"version-history":[{"count":4,"href":"https:\/\/www.brickcontrol.com\/es\/wp-json\/wp\/v2\/pages\/15709\/revisions"}],"predecessor-version":[{"id":44882,"href":"https:\/\/www.brickcontrol.com\/es\/wp-json\/wp\/v2\/pages\/15709\/revisions\/44882"}],"up":[{"embeddable":true,"href":"https:\/\/www.brickcontrol.com\/es\/wp-json\/wp\/v2\/pages\/1151"}],"wp:attachment":[{"href":"https:\/\/www.brickcontrol.com\/es\/wp-json\/wp\/v2\/media?parent=15709"}],"curies":[{"name":"wp","href":"https:\/\/api.w.org\/{rel}","templated":true}]}}