{"id":19004,"date":"2022-05-10T00:36:35","date_gmt":"2022-05-09T22:36:35","guid":{"rendered":"https:\/\/www.brickcontrol.com\/?page_id=19004"},"modified":"2022-11-15T15:04:25","modified_gmt":"2022-11-15T14:04:25","slug":"mdap-universidad-valencia","status":"publish","type":"page","link":"https:\/\/www.brickcontrol.com\/es\/empresa\/mdap-universidad-valencia\/","title":{"rendered":"MDAP \u2013 Universidad de Valencia habla de BrickControl"},"content":{"rendered":"<div class=\"gb-container gb-container-9a660b13 gb-container-contenedor-mediano\"><div class=\"gb-inside-container\">\n<div class=\"gb-container gb-container-ca89e122\"><div class=\"gb-inside-container\">\n<div class=\"yoast-breadcrumbs claro\"><span><span><a href=\"https:\/\/www.brickcontrol.com\/es\/\"><i class=\"fa fa-home\" aria-hidden=\"true\"><\/i> Home<\/a><\/span> &gt; <span><a href=\"https:\/\/www.brickcontrol.com\/es\/empresa\/\">Sobre nosotros<\/a><\/span> &gt; <span class=\"breadcrumb_last\" aria-current=\"page\"><strong>MDAP \u2013 Universidad de Valencia habla de BrickControl<\/strong><\/span><\/span><\/div>\n<\/div><\/div>\n\n<div class=\"gb-container gb-container-4ca01aec\"><div class=\"gb-inside-container\">\n\n<h1 class=\"gb-headline gb-headline-ff5d0a3e gb-headline-text\">MDAP \u2013 Universidad de Valencia habla de BrickControl<\/h1>\n\n<\/div><\/div>\n\n<div class=\"gb-container gb-container-10088baa animated fadeIn\"><div class=\"gb-inside-container\">\n<div class=\"gb-grid-wrapper gb-grid-wrapper-fac9c102\">\n<div class=\"gb-grid-column gb-grid-column-47712b08\"><div class=\"gb-container gb-container-47712b08\"><div class=\"gb-inside-container\">\n<div class=\"wp-block-image\">\n<figure class=\"aligncenter size-full is-resized\"><img loading=\"lazy\" decoding=\"async\" src=\"https:\/\/www.brickcontrol.com\/wp-content\/uploads\/2022\/04\/logo3-universidad-de-valencia-master-mdap.jpg\" alt=\"MDAP \u2013 Universidad de Valencia habla de BrickControl\" class=\"wp-image-14728\" width=\"125\" height=\"125\" srcset=\"https:\/\/www.brickcontrol.com\/wp-content\/uploads\/2022\/04\/logo3-universidad-de-valencia-master-mdap.jpg 250w, https:\/\/www.brickcontrol.com\/wp-content\/uploads\/2022\/04\/logo3-universidad-de-valencia-master-mdap-150x150.jpg 150w\" sizes=\"auto, (max-width: 125px) 100vw, 125px\" \/><\/figure><\/div>\n<\/div><\/div><\/div>\n\n<div class=\"gb-grid-column gb-grid-column-5a12268a\"><div class=\"gb-container gb-container-5a12268a\"><div class=\"gb-inside-container\">\n\n<h2 class=\"gb-headline gb-headline-84cc0cd1\"><span class=\"gb-icon\"><svg xmlns=\"http:\/\/www.w3.org\/2000\/svg\" xml:space=\"preserve\" viewBox=\"0 0 349.078 349.078\" version=\"1.1\" height=\"349.08px\" width=\"349.08px\"> \t<path d=\"m150.3 26.634v58.25c0 7.9-6.404 14.301-14.304 14.301-28.186 0-43.518 28.909-45.643 85.966h45.643c7.9 0 14.304 6.407 14.304 14.304v122.99c0 7.896-6.404 14.298-14.304 14.298h-121.69c-7.903 0-14.301-6.407-14.301-14.298v-122.99c0-27.352 2.754-52.452 8.183-74.611 5.568-22.721 14.115-42.587 25.396-59.048 11.608-16.917 26.128-30.192 43.16-39.44 17.147-9.304 37.087-14.023 59.261-14.023 7.895 0 14.299 6.401 14.299 14.301zm184.47 72.552c7.896 0 14.305-6.407 14.305-14.301v-58.25c0-7.9-6.408-14.301-14.305-14.301-22.165 0-42.108 4.72-59.249 14.023-17.035 9.248-31.563 22.523-43.173 39.44-11.277 16.461-19.824 36.328-25.393 59.054-5.426 22.166-8.18 47.266-8.18 74.605v122.99c0 7.896 6.406 14.298 14.304 14.298h121.69c7.896 0 14.299-6.407 14.299-14.298v-122.99c0-7.896-6.402-14.304-14.299-14.304h-44.992c2.093-57.056 17.201-85.965 44.993-85.965z\"><\/path> <\/svg><\/span><span class=\"gb-headline-text\">BrickControl es un producto altamente especializado en el control de proyectos de construcci\u00f3n muy potente y f\u00e1cil de utilizar para todo tipo de empresas del sector de construcci\u00f3n.<\/span><\/h2>\n\n\n\n<p class=\"gb-headline gb-headline-b6df977f gb-headline-text\">Pedro Morillo Tena \u2013 Director M\u00e1ster MDAP \u201cGesti\u00f3n de Proyectos\u201d <\/p>\n\n<\/div><\/div><\/div>\n<\/div>\n<\/div><\/div>\n<\/div><div class=\"gb-shapes\"><div class=\"gb-shape gb-shape-1\"><svg xmlns=\"http:\/\/www.w3.org\/2000\/svg\" viewBox=\"0 0 1200 360\" preserveAspectRatio=\"none\"><path d=\"M1200 360H0V0l1200 348z\"\/><\/svg><\/div><\/div><\/div>\n\n<div class=\"gb-container gb-container-6c18f9c4 gb-container-contenedor-mediano\"><div class=\"gb-inside-container\">\n<div class=\"gb-grid-wrapper gb-grid-wrapper-75307c88\">\n<div class=\"gb-grid-column gb-grid-column-d208f65a\"><div class=\"gb-container gb-container-d208f65a\"><div class=\"gb-inside-container\">\n\n<p class=\"gb-headline gb-headline-46d7b088 gb-headline-text\"><strong>MDAP son expertos en Master de Gesti\u00f3n de Proyectos.<\/strong><\/p>\n\n\n\n<p class=\"gb-headline gb-headline-111387b0 gb-headline-text animated fadeIn\">MDAP es un M\u00e1ster en Direcci\u00f3n de Proyectos de la Universidad de Valencia, referente de excelencia internacional en la implantaci\u00f3n y difusi\u00f3n del Project Management a nivel internacional. MDAP ha colaborado activamente en la creaci\u00f3n de los tres cap\u00edtulos nacionales del PMI junto con Madrid y Barcelona impulsando la implantaci\u00f3n del Project Management en Europa y es el m\u00e1s importante centro de difusi\u00f3n del Project Management en Latinoam\u00e9rica.<\/p>\n\n\n\n<p class=\"gb-headline gb-headline-ff2964f2 gb-headline-text animated fadeIn\">En la \u00faltima edici\u00f3n del master se realizaron unas jornadas sobre software para gesti\u00f3n de proyectos donde BrickControl fue seleccionado como uno de los mejores softwares para la gesti\u00f3n de proyectos y especialmente para la gesti\u00f3n de proyectos de construcci\u00f3n.<\/p>\n\n\n\n<p class=\"gb-headline gb-headline-d59a1d55 gb-headline-text\">Pedro Morillo Tena, Director del M\u00e1ster MDAP de la Universidad de Valencia, qued\u00f3 gratamente sorprendido con la presentaci\u00f3n de BrickControl, haciendo especial hincapi\u00e9 en la potencia que ofrece BrickControl a las empresas de construcci\u00f3n y sobre todo la facilidad de uso con respecto a otras herramientas del mercado.<\/p>\n\n\n\n<p class=\"gb-headline gb-headline-c9027335 gb-headline-text\">El M\u00e1ster MDAP ha decidido a\u00f1adir a BrickControl como software de referencia para gesti\u00f3n de proyectos de construcci\u00f3n.<\/p>\n\n\n\n<p class=\"gb-headline gb-headline-b75c4b61 gb-headline-text\">Desde BrickControl queremos agradecer la atenci\u00f3n recibida por la organizaci\u00f3n del M\u00e1ster y por sus alumnos, y colaboraremos activamente en pr\u00f3ximos eventos del M\u00e1ster.<\/p>\n\n\n\n<p class=\"gb-headline gb-headline-39129449 gb-headline-text\"><\/p>\n\n<\/div><\/div><\/div>\n\n<div class=\"gb-grid-column gb-grid-column-ca027ac9\"><div class=\"gb-container gb-container-ca027ac9\"><div class=\"gb-inside-container\">\n<div class=\"gb-container gb-container-cc5693e6\"><div class=\"gb-inside-container\">\n\n<figure class=\"wp-block-image size-full animated fadeIn\"><img loading=\"lazy\" decoding=\"async\" width=\"300\" height=\"190\" src=\"https:\/\/www.brickcontrol.com\/wp-content\/uploads\/2022\/05\/mdap-brickcontrol-foto2-lq.jpg\" alt=\"MDAP \u2013 Universidad de Valencia habla de BrickControl\" class=\"wp-image-19031\"\/><\/figure>\n\n<\/div><\/div>\n\n<div class=\"gb-container gb-container-07fe0bb1\"><div class=\"gb-inside-container\">\n\n<figure class=\"wp-block-image size-full animated fadeIn\"><img loading=\"lazy\" decoding=\"async\" width=\"300\" height=\"190\" src=\"https:\/\/www.brickcontrol.com\/wp-content\/uploads\/2022\/05\/mdap-brickcontrol-foto1-lq.jpg\" alt=\"MDAP \u2013 Universidad de Valencia habla de BrickControl\" class=\"wp-image-19025\"\/><\/figure>\n\n<\/div><\/div>\n<\/div><\/div><\/div>\n<\/div>\n<\/div><div class=\"gb-shapes\"><div class=\"gb-shape gb-shape-1\"><svg xmlns=\"http:\/\/www.w3.org\/2000\/svg\" viewBox=\"0 0 1200 360\" preserveAspectRatio=\"none\"><path d=\"M1200 360H0V0l1200 348z\"\/><\/svg><\/div><\/div><\/div>","protected":false},"excerpt":{"rendered":"<p>MDAP \u2013 Universidad de Valencia habla de BrickControl<\/p>\n","protected":false},"author":3,"featured_media":0,"parent":1167,"menu_order":0,"comment_status":"closed","ping_status":"closed","template":"","meta":{"inline_featured_image":false,"_uag_custom_page_level_css":"","footnotes":""},"class_list":{"0":"post-19004","1":"page","2":"type-page","3":"status-publish","5":"infinite-scroll-item"},"yoast_head":"<!-- This site is optimized with the Yoast SEO plugin v24.3 - https:\/\/yoast.com\/wordpress\/plugins\/seo\/ -->\n<title>MDAP \u2013 Universidad de Valencia habla de BrickControl - BrickControl<\/title>\n<meta name=\"description\" content=\"Pedro Morillo Tena, Director del M\u00e1ster MDAP de la Universidad de Valencia, resalt\u00f3 la potencia que ofrece BrickControl a las empresas de construcci\u00f3n.\" \/>\n<meta name=\"robots\" content=\"index, follow, max-snippet:-1, max-image-preview:large, max-video-preview:-1\" \/>\n<link rel=\"canonical\" href=\"https:\/\/www.brickcontrol.com\/es\/empresa\/mdap-universidad-valencia\/\" \/>\n<meta property=\"og:locale\" content=\"es_ES\" \/>\n<meta property=\"og:type\" content=\"article\" \/>\n<meta property=\"og:title\" content=\"MDAP \u2013 Universidad de Valencia habla de BrickControl - BrickControl\" \/>\n<meta property=\"og:description\" content=\"Pedro Morillo Tena, Director del M\u00e1ster MDAP de la Universidad de Valencia, resalt\u00f3 la potencia que ofrece BrickControl a las empresas de construcci\u00f3n.\" \/>\n<meta property=\"og:url\" content=\"https:\/\/www.brickcontrol.com\/es\/empresa\/mdap-universidad-valencia\/\" \/>\n<meta property=\"og:site_name\" content=\"BrickControl\" \/>\n<meta property=\"article:modified_time\" content=\"2022-11-15T14:04:25+00:00\" \/>\n<meta property=\"og:image\" content=\"https:\/\/www.brickcontrol.com\/wp-content\/uploads\/2022\/04\/logo3-universidad-de-valencia-master-mdap.jpg\" \/>\n<meta name=\"twitter:card\" content=\"summary_large_image\" \/>\n<meta name=\"twitter:label1\" content=\"Tiempo de lectura\" \/>\n\t<meta name=\"twitter:data1\" content=\"2 minutos\" \/>\n<script type=\"application\/ld+json\" class=\"yoast-schema-graph\">{\"@context\":\"https:\/\/schema.org\",\"@graph\":[{\"@type\":\"WebPage\",\"@id\":\"https:\/\/www.brickcontrol.com\/es\/empresa\/mdap-universidad-valencia\/\",\"url\":\"https:\/\/www.brickcontrol.com\/es\/empresa\/mdap-universidad-valencia\/\",\"name\":\"MDAP \u2013 Universidad de Valencia habla de BrickControl - BrickControl\",\"isPartOf\":{\"@id\":\"https:\/\/www.brickcontrol.com\/es\/#website\"},\"primaryImageOfPage\":{\"@id\":\"https:\/\/www.brickcontrol.com\/es\/empresa\/mdap-universidad-valencia\/#primaryimage\"},\"image\":{\"@id\":\"https:\/\/www.brickcontrol.com\/es\/empresa\/mdap-universidad-valencia\/#primaryimage\"},\"thumbnailUrl\":\"https:\/\/www.brickcontrol.com\/wp-content\/uploads\/2022\/04\/logo3-universidad-de-valencia-master-mdap.jpg\",\"datePublished\":\"2022-05-09T22:36:35+00:00\",\"dateModified\":\"2022-11-15T14:04:25+00:00\",\"description\":\"Pedro Morillo Tena, Director del M\u00e1ster MDAP de la Universidad de Valencia, resalt\u00f3 la potencia que ofrece BrickControl a las empresas de construcci\u00f3n.\",\"breadcrumb\":{\"@id\":\"https:\/\/www.brickcontrol.com\/es\/empresa\/mdap-universidad-valencia\/#breadcrumb\"},\"inLanguage\":\"es\",\"potentialAction\":[{\"@type\":\"ReadAction\",\"target\":[\"https:\/\/www.brickcontrol.com\/es\/empresa\/mdap-universidad-valencia\/\"]}]},{\"@type\":\"ImageObject\",\"inLanguage\":\"es\",\"@id\":\"https:\/\/www.brickcontrol.com\/es\/empresa\/mdap-universidad-valencia\/#primaryimage\",\"url\":\"https:\/\/www.brickcontrol.com\/wp-content\/uploads\/2022\/04\/logo3-universidad-de-valencia-master-mdap.jpg\",\"contentUrl\":\"https:\/\/www.brickcontrol.com\/wp-content\/uploads\/2022\/04\/logo3-universidad-de-valencia-master-mdap.jpg\"},{\"@type\":\"BreadcrumbList\",\"@id\":\"https:\/\/www.brickcontrol.com\/es\/empresa\/mdap-universidad-valencia\/#breadcrumb\",\"itemListElement\":[{\"@type\":\"ListItem\",\"position\":1,\"name\":\"Home\",\"item\":\"https:\/\/www.brickcontrol.com\/es\/\"},{\"@type\":\"ListItem\",\"position\":2,\"name\":\"Sobre nosotros\",\"item\":\"https:\/\/www.brickcontrol.com\/es\/empresa\/\"},{\"@type\":\"ListItem\",\"position\":3,\"name\":\"MDAP \u2013 Universidad de Valencia habla de BrickControl\"}]},{\"@type\":\"WebSite\",\"@id\":\"https:\/\/www.brickcontrol.com\/es\/#website\",\"url\":\"https:\/\/www.brickcontrol.com\/es\/\",\"name\":\"BrickControl\",\"description\":\"BrickControl\",\"publisher\":{\"@id\":\"https:\/\/www.brickcontrol.com\/es\/#organization\"},\"potentialAction\":[{\"@type\":\"SearchAction\",\"target\":{\"@type\":\"EntryPoint\",\"urlTemplate\":\"https:\/\/www.brickcontrol.com\/es\/?s={search_term_string}\"},\"query-input\":{\"@type\":\"PropertyValueSpecification\",\"valueRequired\":true,\"valueName\":\"search_term_string\"}}],\"inLanguage\":\"es\"},{\"@type\":\"Organization\",\"@id\":\"https:\/\/www.brickcontrol.com\/es\/#organization\",\"name\":\"BrickControl\",\"url\":\"https:\/\/www.brickcontrol.com\/es\/\",\"logo\":{\"@type\":\"ImageObject\",\"inLanguage\":\"es\",\"@id\":\"https:\/\/www.brickcontrol.com\/es\/#\/schema\/logo\/image\/\",\"url\":\"https:\/\/www.brickcontrol.com\/wp-content\/uploads\/2024\/04\/logo_brickcontrol.webp\",\"contentUrl\":\"https:\/\/www.brickcontrol.com\/wp-content\/uploads\/2024\/04\/logo_brickcontrol.webp\",\"width\":823,\"height\":216,\"caption\":\"BrickControl\"},\"image\":{\"@id\":\"https:\/\/www.brickcontrol.com\/es\/#\/schema\/logo\/image\/\"}}]}<\/script>\n<!-- \/ Yoast SEO plugin. -->","yoast_head_json":{"title":"MDAP \u2013 Universidad de Valencia habla de BrickControl - BrickControl","description":"Pedro Morillo Tena, Director del M\u00e1ster MDAP de la Universidad de Valencia, resalt\u00f3 la potencia que ofrece BrickControl a las empresas de construcci\u00f3n.","robots":{"index":"index","follow":"follow","max-snippet":"max-snippet:-1","max-image-preview":"max-image-preview:large","max-video-preview":"max-video-preview:-1"},"canonical":"https:\/\/www.brickcontrol.com\/es\/empresa\/mdap-universidad-valencia\/","og_locale":"es_ES","og_type":"article","og_title":"MDAP \u2013 Universidad de Valencia habla de BrickControl - BrickControl","og_description":"Pedro Morillo Tena, Director del M\u00e1ster MDAP de la Universidad de Valencia, resalt\u00f3 la potencia que ofrece BrickControl a las empresas de construcci\u00f3n.","og_url":"https:\/\/www.brickcontrol.com\/es\/empresa\/mdap-universidad-valencia\/","og_site_name":"BrickControl","article_modified_time":"2022-11-15T14:04:25+00:00","og_image":[{"url":"https:\/\/www.brickcontrol.com\/wp-content\/uploads\/2022\/04\/logo3-universidad-de-valencia-master-mdap.jpg","type":"","width":"","height":""}],"twitter_card":"summary_large_image","twitter_misc":{"Tiempo de lectura":"2 minutos"},"schema":{"@context":"https:\/\/schema.org","@graph":[{"@type":"WebPage","@id":"https:\/\/www.brickcontrol.com\/es\/empresa\/mdap-universidad-valencia\/","url":"https:\/\/www.brickcontrol.com\/es\/empresa\/mdap-universidad-valencia\/","name":"MDAP \u2013 Universidad de Valencia habla de BrickControl - BrickControl","isPartOf":{"@id":"https:\/\/www.brickcontrol.com\/es\/#website"},"primaryImageOfPage":{"@id":"https:\/\/www.brickcontrol.com\/es\/empresa\/mdap-universidad-valencia\/#primaryimage"},"image":{"@id":"https:\/\/www.brickcontrol.com\/es\/empresa\/mdap-universidad-valencia\/#primaryimage"},"thumbnailUrl":"https:\/\/www.brickcontrol.com\/wp-content\/uploads\/2022\/04\/logo3-universidad-de-valencia-master-mdap.jpg","datePublished":"2022-05-09T22:36:35+00:00","dateModified":"2022-11-15T14:04:25+00:00","description":"Pedro Morillo Tena, Director del M\u00e1ster MDAP de la Universidad de Valencia, resalt\u00f3 la potencia que ofrece BrickControl a las empresas de construcci\u00f3n.","breadcrumb":{"@id":"https:\/\/www.brickcontrol.com\/es\/empresa\/mdap-universidad-valencia\/#breadcrumb"},"inLanguage":"es","potentialAction":[{"@type":"ReadAction","target":["https:\/\/www.brickcontrol.com\/es\/empresa\/mdap-universidad-valencia\/"]}]},{"@type":"ImageObject","inLanguage":"es","@id":"https:\/\/www.brickcontrol.com\/es\/empresa\/mdap-universidad-valencia\/#primaryimage","url":"https:\/\/www.brickcontrol.com\/wp-content\/uploads\/2022\/04\/logo3-universidad-de-valencia-master-mdap.jpg","contentUrl":"https:\/\/www.brickcontrol.com\/wp-content\/uploads\/2022\/04\/logo3-universidad-de-valencia-master-mdap.jpg"},{"@type":"BreadcrumbList","@id":"https:\/\/www.brickcontrol.com\/es\/empresa\/mdap-universidad-valencia\/#breadcrumb","itemListElement":[{"@type":"ListItem","position":1,"name":"Home","item":"https:\/\/www.brickcontrol.com\/es\/"},{"@type":"ListItem","position":2,"name":"Sobre nosotros","item":"https:\/\/www.brickcontrol.com\/es\/empresa\/"},{"@type":"ListItem","position":3,"name":"MDAP \u2013 Universidad de Valencia habla de BrickControl"}]},{"@type":"WebSite","@id":"https:\/\/www.brickcontrol.com\/es\/#website","url":"https:\/\/www.brickcontrol.com\/es\/","name":"BrickControl","description":"BrickControl","publisher":{"@id":"https:\/\/www.brickcontrol.com\/es\/#organization"},"potentialAction":[{"@type":"SearchAction","target":{"@type":"EntryPoint","urlTemplate":"https:\/\/www.brickcontrol.com\/es\/?s={search_term_string}"},"query-input":{"@type":"PropertyValueSpecification","valueRequired":true,"valueName":"search_term_string"}}],"inLanguage":"es"},{"@type":"Organization","@id":"https:\/\/www.brickcontrol.com\/es\/#organization","name":"BrickControl","url":"https:\/\/www.brickcontrol.com\/es\/","logo":{"@type":"ImageObject","inLanguage":"es","@id":"https:\/\/www.brickcontrol.com\/es\/#\/schema\/logo\/image\/","url":"https:\/\/www.brickcontrol.com\/wp-content\/uploads\/2024\/04\/logo_brickcontrol.webp","contentUrl":"https:\/\/www.brickcontrol.com\/wp-content\/uploads\/2024\/04\/logo_brickcontrol.webp","width":823,"height":216,"caption":"BrickControl"},"image":{"@id":"https:\/\/www.brickcontrol.com\/es\/#\/schema\/logo\/image\/"}}]}},"uagb_featured_image_src":{"full":false,"thumbnail":false,"medium":false,"medium_large":false,"large":false,"gs-tiny":false,"xl":false,"xxl":false,"xxxl":false,"xxxxl":false,"xxxxxl":false,"1536x1536":false,"2048x2048":false},"uagb_author_info":{"display_name":"sistemas","author_link":"https:\/\/www.brickcontrol.com\/es\/blog\/author\/sistemas\/"},"uagb_comment_info":0,"uagb_excerpt":"MDAP \u2013 Universidad de Valencia habla de BrickControl","_links":{"self":[{"href":"https:\/\/www.brickcontrol.com\/es\/wp-json\/wp\/v2\/pages\/19004","targetHints":{"allow":["GET"]}}],"collection":[{"href":"https:\/\/www.brickcontrol.com\/es\/wp-json\/wp\/v2\/pages"}],"about":[{"href":"https:\/\/www.brickcontrol.com\/es\/wp-json\/wp\/v2\/types\/page"}],"author":[{"embeddable":true,"href":"https:\/\/www.brickcontrol.com\/es\/wp-json\/wp\/v2\/users\/3"}],"replies":[{"embeddable":true,"href":"https:\/\/www.brickcontrol.com\/es\/wp-json\/wp\/v2\/comments?post=19004"}],"version-history":[{"count":2,"href":"https:\/\/www.brickcontrol.com\/es\/wp-json\/wp\/v2\/pages\/19004\/revisions"}],"predecessor-version":[{"id":36730,"href":"https:\/\/www.brickcontrol.com\/es\/wp-json\/wp\/v2\/pages\/19004\/revisions\/36730"}],"up":[{"embeddable":true,"href":"https:\/\/www.brickcontrol.com\/es\/wp-json\/wp\/v2\/pages\/1167"}],"wp:attachment":[{"href":"https:\/\/www.brickcontrol.com\/es\/wp-json\/wp\/v2\/media?parent=19004"}],"curies":[{"name":"wp","href":"https:\/\/api.w.org\/{rel}","templated":true}]}}