{"id":19538,"date":"2022-05-12T19:29:21","date_gmt":"2022-05-12T17:29:21","guid":{"rendered":"https:\/\/www.brickcontrol.com\/?page_id=19538"},"modified":"2025-01-21T13:34:57","modified_gmt":"2025-01-21T12:34:57","slug":"iniciar-sesion","status":"publish","type":"page","link":"https:\/\/www.brickcontrol.com\/es\/iniciar-sesion\/","title":{"rendered":"Iniciar sesi\u00f3n. Ingresar a tu cuenta de usuario"},"content":{"rendered":"<div class=\"gb-container gb-container-17f29096 gb-container-contenedor-mediano\"><div class=\"gb-inside-container\">\n\n<h1 class=\"wp-block-heading has-text-align-center\">Iniciar Sesi\u00f3n<\/h1>\n\n\n\n<p class=\"gb-headline gb-headline-3ecbc4b7 gb-headline-text\">Seleccione la interfaz<\/p>\n\n\n<div class=\"gb-grid-wrapper gb-grid-wrapper-98d651d2\">\n<div class=\"gb-grid-column gb-grid-column-6e774562\"><div class=\"gb-container gb-container-6e774562\"><div class=\"gb-inside-container\">\n\n<h2 class=\"gb-headline gb-headline-20f21341 gb-headline-text\"><strong>PARA WINDOWS\/MAC<\/strong><\/h2>\n\n\n<div class=\"wp-block-image\">\n<figure class=\"aligncenter size-full\"><a href=\"https:\/\/www.brickcontrol.com\/download\/SetupBrickControl.exe\"><img loading=\"lazy\" decoding=\"async\" width=\"550\" height=\"320\" src=\"https:\/\/www.brickcontrol.com\/wp-content\/uploads\/2022\/08\/brickcontrol-interfaz-actual.png\" alt=\"Interfaz Actual\" class=\"wp-image-24014\" srcset=\"https:\/\/www.brickcontrol.com\/wp-content\/uploads\/2022\/08\/brickcontrol-interfaz-actual.png 550w, https:\/\/www.brickcontrol.com\/wp-content\/uploads\/2022\/08\/brickcontrol-interfaz-actual-300x175.png 300w\" sizes=\"auto, (max-width: 550px) 100vw, 550px\" \/><\/a><\/figure><\/div>\n\n<div class=\"gb-button-wrapper gb-button-wrapper-8f3b6b22\">\n\n<a class=\"gb-button gb-button-59b3a54b gb-button-boton-principal\" href=\"https:\/\/www.brickcontrol.com\/download\/SetupBrickControl.exe\" aria-label=\"Bot\u00f3n descargar Windows\"><span class=\"gb-icon\"><svg xmlns=\"http:\/\/www.w3.org\/2000\/svg\" xml:space=\"preserve\" viewBox=\"0 0 305 305\" version=\"1.1\"> \t<path d=\"m140 25.775v116.72c0 1.381 1.119 2.5 2.5 2.5h159.96c1.381 0 2.5-1.119 2.5-2.5v-140c0-0.726-0.315-1.416-0.864-1.891-0.548-0.475-1.275-0.687-1.996-0.583l-159.96 23.275c-1.229 0.179-2.14 1.233-2.14 2.474z\"><\/path> \t<path d=\"m122.5 279.95c0.601 0 1.186-0.216 1.644-0.616 0.544-0.475 0.856-1.162 0.856-1.884v-114.95c0-1.381-1.119-2.5-2.5-2.5h-119.91c-0.663 0-1.299 0.263-1.768 0.732s-0.732 1.105-0.732 1.768l6e-3 98.515c0 1.25 0.923 2.307 2.16 2.477l119.9 16.434c0.113 0.014 0.227 0.022 0.34 0.022z\"><\/path> \t<path d=\"m2.609 145h119.89c1.381 0 2.5-1.119 2.5-2.5v-113.82c0-0.722-0.312-1.408-0.855-1.883s-1.261-0.693-1.981-0.594l-120 16.296c-1.241 0.169-2.165 1.228-2.164 2.48l0.109 97.521c2e-3 1.38 1.121 2.498 2.5 2.498z\"><\/path> \t<path d=\"m302.46 305c0.599 0 1.182-0.215 1.64-0.613 0.546-0.475 0.86-1.163 0.86-1.887l0.04-140c0-0.663-0.263-1.299-0.732-1.768s-1.105-0.732-1.768-0.732h-160c-1.381 0-2.5 1.119-2.5 2.5v117.5c0 1.246 0.918 2.302 2.151 2.476l159.96 22.504c0.117 0.016 0.233 0.024 0.349 0.024z\"><\/path> <\/svg><\/span><span class=\"gb-button-text\">Descargar APP<\/span><\/a>\n\n\n\n<a class=\"gb-button gb-button-ecf68add gb-button-boton-secundario\" href=\"https:\/\/www.brickcontrol.com\/es\/blog\/configurar-acceso-a-brickcontrol-desde-mac-catalina\/\" aria-label=\"Bot\u00f3n APP MAC\"><span class=\"gb-icon\"><svg xmlns=\"http:\/\/www.w3.org\/2000\/svg\" xml:space=\"preserve\" viewBox=\"0 0 22.773 22.773\" version=\"1.1\"> \t\t<path d=\"m15.769 0h0.162c0.13 1.606-0.483 2.806-1.228 3.675-0.731 0.863-1.732 1.7-3.351 1.573-0.108-1.583 0.506-2.694 1.25-3.561 0.69-0.808 1.955-1.527 3.167-1.687z\"><\/path> \t\t<path d=\"m20.67 16.716v0.045c-0.455 1.378-1.104 2.559-1.896 3.655-0.723 0.995-1.609 2.334-3.191 2.334-1.367 0-2.275-0.879-3.676-0.903-1.482-0.024-2.297 0.735-3.652 0.926h-0.462c-0.995-0.144-1.798-0.932-2.383-1.642-1.725-2.098-3.058-4.808-3.306-8.276v-1.019c0.105-2.482 1.311-4.5 2.914-5.478 0.846-0.52 2.009-0.963 3.304-0.765 0.555 0.086 1.122 0.276 1.619 0.464 0.471 0.181 1.06 0.502 1.618 0.485 0.378-0.011 0.754-0.208 1.135-0.347 1.116-0.403 2.21-0.865 3.652-0.648 1.733 0.262 2.963 1.032 3.723 2.22-1.466 0.933-2.625 2.339-2.427 4.74 0.176 2.181 1.444 3.457 3.028 4.209z\"><\/path> <\/svg><\/span><span class=\"gb-button-text\">App Mac<\/span><\/a>\n\n<\/div>\n\n<div class=\"gb-container gb-container-2e031628\"><div class=\"gb-inside-container\">\n\n<h2 class=\"gb-headline gb-headline-7e74bc7a gb-headline-text\">Interfaz actual (para Windows\/Mac)<\/h2>\n\n\n\n<p class=\"gb-headline gb-headline-db23e09c gb-headline-text\">En la interfaz actual est\u00e1n disponibles todas las pantallas.<\/p>\n\n\n\n<h3 class=\"gb-headline gb-headline-ad376af6 gb-headline-text\">Sin necesidad de navegadores<\/h3>\n\n\n\n<p class=\"gb-headline gb-headline-55d587a9 gb-headline-text\">Instala la app y accede a tus datos en la nube<\/p>\n\n\n\n<h3 class=\"gb-headline gb-headline-ee75952e gb-headline-text\">Dispositivos compatibles<\/h3>\n\n\n\n<p class=\"gb-headline gb-headline-8e93ec94 gb-headline-text\">Windows y Mac<\/p>\n\n<\/div><\/div>\n<\/div><\/div><\/div>\n\n<div class=\"gb-grid-column gb-grid-column-fb6eedef\"><div class=\"gb-container gb-container-fb6eedef\"><div class=\"gb-inside-container\">\n\n<h2 class=\"gb-headline gb-headline-2cf75f0e gb-headline-text\"><strong>PARA M\u00d3VILES Y TABLETS<\/strong><\/h2>\n\n\n<div class=\"wp-block-image\">\n<figure class=\"aligncenter size-full\"><a href=\"https:\/\/app.brickcontrol.com\/\"><img loading=\"lazy\" decoding=\"async\" width=\"550\" height=\"320\" src=\"https:\/\/www.brickcontrol.com\/wp-content\/uploads\/2022\/08\/brickcontrol-interfaz-nueva.png\" alt=\"Interfaz Nueva\" class=\"wp-image-24020\" srcset=\"https:\/\/www.brickcontrol.com\/wp-content\/uploads\/2022\/08\/brickcontrol-interfaz-nueva.png 550w, https:\/\/www.brickcontrol.com\/wp-content\/uploads\/2022\/08\/brickcontrol-interfaz-nueva-300x175.png 300w\" sizes=\"auto, (max-width: 550px) 100vw, 550px\" \/><\/a><\/figure><\/div>\n\n<div class=\"gb-button-wrapper gb-button-wrapper-34d5b0df\">\n\n<a class=\"gb-button gb-button-908ad7e1 gb-button-boton-principal\" href=\"https:\/\/app.brickcontrol.com\/\" aria-label=\"Bot\u00f3n iniciar sesi\u00f3n\"><span class=\"gb-icon\"><svg xmlns=\"http:\/\/www.w3.org\/2000\/svg\" xml:space=\"preserve\" viewBox=\"0 0 499.1 499.1\" version=\"1.1\">  \t \t\t \t\t\t<path d=\"m0 249.6c0 9.5 7.7 17.2 17.2 17.2h327.6l-63.9 63.8c-6.7 6.7-6.7 17.6 0 24.3 3.3 3.3 7.7 5 12.1 5s8.8-1.7 12.1-5l93.1-93.1c6.7-6.7 6.7-17.6 0-24.3l-93.1-93.1c-6.7-6.7-17.6-6.7-24.3 0s-6.7 17.6 0 24.3l63.8 63.8h-327.4c-9.5 0-17.2 7.6-17.2 17.1z\"><\/path> \t\t\t<path d=\"m396.4 494.2c56.7 0 102.7-46.1 102.7-102.8v-283.7c0-56.7-46.1-102.8-102.7-102.8h-283.7c-56.7 0-102.7 46.1-102.7 102.8v58.3c0 9.5 7.7 17.1 17.1 17.1 9.5 0 17.2-7.7 17.2-17.1v-58.3c0-37.7 30.7-68.5 68.4-68.5h283.7c37.7 0 68.4 30.7 68.4 68.5v283.7c0 37.7-30.7 68.5-68.4 68.5h-283.7c-37.7 0-68.4-30.7-68.4-68.5v-57.6c0-9.5-7.7-17.2-17.2-17.2s-17.1 7.7-17.1 17.2v57.6c0 56.7 46.1 102.8 102.7 102.8h283.7z\"><\/path> \t\t \t \t \t \t \t \t \t \t \t \t \t \t \t \t \t \t                 <\/svg><\/span><span class=\"gb-button-text\">Iniciar Sesi\u00f3n<\/span><\/a>\n\n<\/div>\n\n<div class=\"gb-container gb-container-9e1acbd1\"><div class=\"gb-inside-container\">\n\n<h2 class=\"gb-headline gb-headline-25d25d4e gb-headline-text\">Interfaz nueva (para m\u00f3viles y tablets)<\/h2>\n\n\n\n<p class=\"gb-headline gb-headline-0374ba5c gb-headline-text\">Ya est\u00e1n disponibles algunas pantallas de la nueva interfaz, \u00a1Pru\u00e9balas!<\/p>\n\n\n\n<h3 class=\"gb-headline gb-headline-cb010077 gb-headline-text\">Navegadores compatibles<\/h3>\n\n\n\n<p class=\"gb-headline gb-headline-796677bf gb-headline-text\">\u00daltimas versiones de los navegadores m\u00e1s modernos (Google Chrome, Firefox, Safari, Opera, Edge\u2026)<\/p>\n\n\n\n<h3 class=\"gb-headline gb-headline-1a4261a5 gb-headline-text\">Dispositivos compatibles<\/h3>\n\n\n\n<p class=\"gb-headline gb-headline-4ce74c8d gb-headline-text\">Windows, Mac, Linux, IOS (iPhone \/ iPad), Android (Tel\u00e9fonos y Tablets), y cualquier otro dispositivo compatible con html5.<\/p>\n\n\n\n<h3 class=\"gb-headline gb-headline-546b0765 gb-headline-text\">Hoja de ruta<\/h3>\n\n\n\n<p class=\"gb-headline gb-headline-a80851fe gb-headline-text\">Estamos trabajando en el resto de pantallas para incorporarlas a la nueva interfaz. A lo largo de los pr\u00f3ximos meses se ir\u00e1n actualizando nuevas versiones hasta tener totalmente terminada la nueva interfaz. \u00a1Esperamos que os guste!<\/p>\n\n<\/div><\/div>\n<\/div><\/div><\/div>\n<\/div>\n<\/div><\/div>","protected":false},"excerpt":{"rendered":"<p>Iniciar Sesi\u00f3n Seleccione la interfaz<\/p>\n","protected":false},"author":3,"featured_media":0,"parent":0,"menu_order":0,"comment_status":"closed","ping_status":"closed","template":"","meta":{"inline_featured_image":false,"_uag_custom_page_level_css":"","footnotes":""},"class_list":{"0":"post-19538","1":"page","2":"type-page","3":"status-publish","5":"infinite-scroll-item"},"yoast_head":"<!-- This site is optimized with the Yoast SEO plugin v24.3 - https:\/\/yoast.com\/wordpress\/plugins\/seo\/ -->\n<title>Iniciar sesi\u00f3n. Ingresar a tu cuenta de usuario - BrickControl<\/title>\n<meta name=\"description\" content=\"Ingresa aqu\u00ed a tu cuenta de BrickControl y con\u00e9ctate con todos tus proyectos de construcci\u00f3n en un solo lugar.\" \/>\n<meta name=\"robots\" content=\"index, follow, max-snippet:-1, max-image-preview:large, max-video-preview:-1\" \/>\n<link rel=\"canonical\" href=\"https:\/\/www.brickcontrol.com\/es\/iniciar-sesion\/\" \/>\n<meta property=\"og:locale\" content=\"es_ES\" \/>\n<meta property=\"og:type\" content=\"article\" \/>\n<meta property=\"og:title\" content=\"Iniciar sesi\u00f3n. Ingresar a tu cuenta de usuario - BrickControl\" \/>\n<meta property=\"og:description\" content=\"Ingresa aqu\u00ed a tu cuenta de BrickControl y con\u00e9ctate con todos tus proyectos de construcci\u00f3n en un solo lugar.\" \/>\n<meta property=\"og:url\" content=\"https:\/\/www.brickcontrol.com\/es\/iniciar-sesion\/\" \/>\n<meta property=\"og:site_name\" content=\"BrickControl\" \/>\n<meta property=\"article:modified_time\" content=\"2025-01-21T12:34:57+00:00\" \/>\n<meta property=\"og:image\" content=\"https:\/\/www.brickcontrol.com\/wp-content\/uploads\/2022\/08\/brickcontrol-interfaz-actual.png\" \/>\n<meta name=\"twitter:card\" content=\"summary_large_image\" \/>\n<script type=\"application\/ld+json\" class=\"yoast-schema-graph\">{\"@context\":\"https:\/\/schema.org\",\"@graph\":[{\"@type\":\"WebPage\",\"@id\":\"https:\/\/www.brickcontrol.com\/es\/iniciar-sesion\/\",\"url\":\"https:\/\/www.brickcontrol.com\/es\/iniciar-sesion\/\",\"name\":\"Iniciar sesi\u00f3n. Ingresar a tu cuenta de usuario - BrickControl\",\"isPartOf\":{\"@id\":\"https:\/\/www.brickcontrol.com\/es\/#website\"},\"primaryImageOfPage\":{\"@id\":\"https:\/\/www.brickcontrol.com\/es\/iniciar-sesion\/#primaryimage\"},\"image\":{\"@id\":\"https:\/\/www.brickcontrol.com\/es\/iniciar-sesion\/#primaryimage\"},\"thumbnailUrl\":\"https:\/\/www.brickcontrol.com\/wp-content\/uploads\/2022\/08\/brickcontrol-interfaz-actual.png\",\"datePublished\":\"2022-05-12T17:29:21+00:00\",\"dateModified\":\"2025-01-21T12:34:57+00:00\",\"description\":\"Ingresa aqu\u00ed a tu cuenta de BrickControl y con\u00e9ctate con todos tus proyectos de construcci\u00f3n en un solo lugar.\",\"breadcrumb\":{\"@id\":\"https:\/\/www.brickcontrol.com\/es\/iniciar-sesion\/#breadcrumb\"},\"inLanguage\":\"es\",\"potentialAction\":[{\"@type\":\"ReadAction\",\"target\":[\"https:\/\/www.brickcontrol.com\/es\/iniciar-sesion\/\"]}]},{\"@type\":\"ImageObject\",\"inLanguage\":\"es\",\"@id\":\"https:\/\/www.brickcontrol.com\/es\/iniciar-sesion\/#primaryimage\",\"url\":\"https:\/\/www.brickcontrol.com\/wp-content\/uploads\/2022\/08\/brickcontrol-interfaz-actual.png\",\"contentUrl\":\"https:\/\/www.brickcontrol.com\/wp-content\/uploads\/2022\/08\/brickcontrol-interfaz-actual.png\"},{\"@type\":\"BreadcrumbList\",\"@id\":\"https:\/\/www.brickcontrol.com\/es\/iniciar-sesion\/#breadcrumb\",\"itemListElement\":[{\"@type\":\"ListItem\",\"position\":1,\"name\":\"Home\",\"item\":\"https:\/\/www.brickcontrol.com\/es\/\"},{\"@type\":\"ListItem\",\"position\":2,\"name\":\"Iniciar sesi\u00f3n. Ingresar a tu cuenta de usuario\"}]},{\"@type\":\"WebSite\",\"@id\":\"https:\/\/www.brickcontrol.com\/es\/#website\",\"url\":\"https:\/\/www.brickcontrol.com\/es\/\",\"name\":\"BrickControl\",\"description\":\"BrickControl\",\"publisher\":{\"@id\":\"https:\/\/www.brickcontrol.com\/es\/#organization\"},\"potentialAction\":[{\"@type\":\"SearchAction\",\"target\":{\"@type\":\"EntryPoint\",\"urlTemplate\":\"https:\/\/www.brickcontrol.com\/es\/?s={search_term_string}\"},\"query-input\":{\"@type\":\"PropertyValueSpecification\",\"valueRequired\":true,\"valueName\":\"search_term_string\"}}],\"inLanguage\":\"es\"},{\"@type\":\"Organization\",\"@id\":\"https:\/\/www.brickcontrol.com\/es\/#organization\",\"name\":\"BrickControl\",\"url\":\"https:\/\/www.brickcontrol.com\/es\/\",\"logo\":{\"@type\":\"ImageObject\",\"inLanguage\":\"es\",\"@id\":\"https:\/\/www.brickcontrol.com\/es\/#\/schema\/logo\/image\/\",\"url\":\"https:\/\/www.brickcontrol.com\/wp-content\/uploads\/2024\/04\/logo_brickcontrol.webp\",\"contentUrl\":\"https:\/\/www.brickcontrol.com\/wp-content\/uploads\/2024\/04\/logo_brickcontrol.webp\",\"width\":823,\"height\":216,\"caption\":\"BrickControl\"},\"image\":{\"@id\":\"https:\/\/www.brickcontrol.com\/es\/#\/schema\/logo\/image\/\"}}]}<\/script>\n<!-- \/ Yoast SEO plugin. -->","yoast_head_json":{"title":"Iniciar sesi\u00f3n. Ingresar a tu cuenta de usuario - BrickControl","description":"Ingresa aqu\u00ed a tu cuenta de BrickControl y con\u00e9ctate con todos tus proyectos de construcci\u00f3n en un solo lugar.","robots":{"index":"index","follow":"follow","max-snippet":"max-snippet:-1","max-image-preview":"max-image-preview:large","max-video-preview":"max-video-preview:-1"},"canonical":"https:\/\/www.brickcontrol.com\/es\/iniciar-sesion\/","og_locale":"es_ES","og_type":"article","og_title":"Iniciar sesi\u00f3n. Ingresar a tu cuenta de usuario - BrickControl","og_description":"Ingresa aqu\u00ed a tu cuenta de BrickControl y con\u00e9ctate con todos tus proyectos de construcci\u00f3n en un solo lugar.","og_url":"https:\/\/www.brickcontrol.com\/es\/iniciar-sesion\/","og_site_name":"BrickControl","article_modified_time":"2025-01-21T12:34:57+00:00","og_image":[{"url":"https:\/\/www.brickcontrol.com\/wp-content\/uploads\/2022\/08\/brickcontrol-interfaz-actual.png","type":"","width":"","height":""}],"twitter_card":"summary_large_image","schema":{"@context":"https:\/\/schema.org","@graph":[{"@type":"WebPage","@id":"https:\/\/www.brickcontrol.com\/es\/iniciar-sesion\/","url":"https:\/\/www.brickcontrol.com\/es\/iniciar-sesion\/","name":"Iniciar sesi\u00f3n. Ingresar a tu cuenta de usuario - BrickControl","isPartOf":{"@id":"https:\/\/www.brickcontrol.com\/es\/#website"},"primaryImageOfPage":{"@id":"https:\/\/www.brickcontrol.com\/es\/iniciar-sesion\/#primaryimage"},"image":{"@id":"https:\/\/www.brickcontrol.com\/es\/iniciar-sesion\/#primaryimage"},"thumbnailUrl":"https:\/\/www.brickcontrol.com\/wp-content\/uploads\/2022\/08\/brickcontrol-interfaz-actual.png","datePublished":"2022-05-12T17:29:21+00:00","dateModified":"2025-01-21T12:34:57+00:00","description":"Ingresa aqu\u00ed a tu cuenta de BrickControl y con\u00e9ctate con todos tus proyectos de construcci\u00f3n en un solo lugar.","breadcrumb":{"@id":"https:\/\/www.brickcontrol.com\/es\/iniciar-sesion\/#breadcrumb"},"inLanguage":"es","potentialAction":[{"@type":"ReadAction","target":["https:\/\/www.brickcontrol.com\/es\/iniciar-sesion\/"]}]},{"@type":"ImageObject","inLanguage":"es","@id":"https:\/\/www.brickcontrol.com\/es\/iniciar-sesion\/#primaryimage","url":"https:\/\/www.brickcontrol.com\/wp-content\/uploads\/2022\/08\/brickcontrol-interfaz-actual.png","contentUrl":"https:\/\/www.brickcontrol.com\/wp-content\/uploads\/2022\/08\/brickcontrol-interfaz-actual.png"},{"@type":"BreadcrumbList","@id":"https:\/\/www.brickcontrol.com\/es\/iniciar-sesion\/#breadcrumb","itemListElement":[{"@type":"ListItem","position":1,"name":"Home","item":"https:\/\/www.brickcontrol.com\/es\/"},{"@type":"ListItem","position":2,"name":"Iniciar sesi\u00f3n. Ingresar a tu cuenta de usuario"}]},{"@type":"WebSite","@id":"https:\/\/www.brickcontrol.com\/es\/#website","url":"https:\/\/www.brickcontrol.com\/es\/","name":"BrickControl","description":"BrickControl","publisher":{"@id":"https:\/\/www.brickcontrol.com\/es\/#organization"},"potentialAction":[{"@type":"SearchAction","target":{"@type":"EntryPoint","urlTemplate":"https:\/\/www.brickcontrol.com\/es\/?s={search_term_string}"},"query-input":{"@type":"PropertyValueSpecification","valueRequired":true,"valueName":"search_term_string"}}],"inLanguage":"es"},{"@type":"Organization","@id":"https:\/\/www.brickcontrol.com\/es\/#organization","name":"BrickControl","url":"https:\/\/www.brickcontrol.com\/es\/","logo":{"@type":"ImageObject","inLanguage":"es","@id":"https:\/\/www.brickcontrol.com\/es\/#\/schema\/logo\/image\/","url":"https:\/\/www.brickcontrol.com\/wp-content\/uploads\/2024\/04\/logo_brickcontrol.webp","contentUrl":"https:\/\/www.brickcontrol.com\/wp-content\/uploads\/2024\/04\/logo_brickcontrol.webp","width":823,"height":216,"caption":"BrickControl"},"image":{"@id":"https:\/\/www.brickcontrol.com\/es\/#\/schema\/logo\/image\/"}}]}},"uagb_featured_image_src":{"full":false,"thumbnail":false,"medium":false,"medium_large":false,"large":false,"gs-tiny":false,"xl":false,"xxl":false,"xxxl":false,"xxxxl":false,"xxxxxl":false,"1536x1536":false,"2048x2048":false},"uagb_author_info":{"display_name":"sistemas","author_link":"https:\/\/www.brickcontrol.com\/es\/blog\/author\/sistemas\/"},"uagb_comment_info":0,"uagb_excerpt":"Iniciar Sesi\u00f3n Seleccione la interfaz","_links":{"self":[{"href":"https:\/\/www.brickcontrol.com\/es\/wp-json\/wp\/v2\/pages\/19538","targetHints":{"allow":["GET"]}}],"collection":[{"href":"https:\/\/www.brickcontrol.com\/es\/wp-json\/wp\/v2\/pages"}],"about":[{"href":"https:\/\/www.brickcontrol.com\/es\/wp-json\/wp\/v2\/types\/page"}],"author":[{"embeddable":true,"href":"https:\/\/www.brickcontrol.com\/es\/wp-json\/wp\/v2\/users\/3"}],"replies":[{"embeddable":true,"href":"https:\/\/www.brickcontrol.com\/es\/wp-json\/wp\/v2\/comments?post=19538"}],"version-history":[{"count":4,"href":"https:\/\/www.brickcontrol.com\/es\/wp-json\/wp\/v2\/pages\/19538\/revisions"}],"predecessor-version":[{"id":46817,"href":"https:\/\/www.brickcontrol.com\/es\/wp-json\/wp\/v2\/pages\/19538\/revisions\/46817"}],"wp:attachment":[{"href":"https:\/\/www.brickcontrol.com\/es\/wp-json\/wp\/v2\/media?parent=19538"}],"curies":[{"name":"wp","href":"https:\/\/api.w.org\/{rel}","templated":true}]}}