{"id":25199,"date":"2022-08-26T00:27:01","date_gmt":"2022-08-25T22:27:01","guid":{"rendered":"https:\/\/www.brickcontrol.com\/?page_id=25199"},"modified":"2025-04-16T02:54:45","modified_gmt":"2025-04-16T00:54:45","slug":"basic-anual","status":"publish","type":"page","link":"https:\/\/www.brickcontrol.com\/es\/precios\/basic-anual\/","title":{"rendered":"Suscripci\u00f3n BrickControl Basic anual"},"content":{"rendered":"\n\n\n\n\n\n\n\n\n<div class=\"wp-block-geotargeting-pro-gutenberg-all\"><div class=\"gb-container gb-container-c3ffcb61 gb-container-contenedor-mediano\"><div class=\"gb-inside-container\">\n\n<script src=\"https:\/\/payments.pabbly.com\/api\/checkout\/embed.js?_m=67feec38bb903ffc7256a95b&#038;preferred_plan=67fbb547bb903ffc7255efef\"><\/script>\n\n<\/div><\/div><\/div>\n","protected":false},"excerpt":{"rendered":"","protected":false},"author":3,"featured_media":0,"parent":1540,"menu_order":0,"comment_status":"closed","ping_status":"closed","template":"","meta":{"inline_featured_image":false,"_uag_custom_page_level_css":"","footnotes":""},"class_list":{"0":"post-25199","1":"page","2":"type-page","3":"status-publish","5":"infinite-scroll-item"},"yoast_head":"<!-- This site is optimized with the Yoast SEO plugin v24.3 - https:\/\/yoast.com\/wordpress\/plugins\/seo\/ -->\n<title>Suscripci\u00f3n BrickControl Basic anual - BrickControl<\/title>\n<meta name=\"description\" content=\"Completa el formulario a continuaci\u00f3n y suscr\u00edbete al Plan B\u00e1sico Anual de BrickControl con el precio m\u00e1s conveniente.\" \/>\n<meta name=\"robots\" content=\"index, follow, max-snippet:-1, max-image-preview:large, max-video-preview:-1\" \/>\n<link rel=\"canonical\" href=\"https:\/\/www.brickcontrol.com\/es\/precios\/basic-anual\/\" \/>\n<meta property=\"og:locale\" content=\"es_ES\" \/>\n<meta property=\"og:type\" content=\"article\" \/>\n<meta property=\"og:title\" content=\"Suscripci\u00f3n BrickControl Basic anual - BrickControl\" \/>\n<meta property=\"og:description\" content=\"Completa el formulario a continuaci\u00f3n y suscr\u00edbete al Plan B\u00e1sico Anual de BrickControl con el precio m\u00e1s conveniente.\" \/>\n<meta property=\"og:url\" content=\"https:\/\/www.brickcontrol.com\/es\/precios\/basic-anual\/\" \/>\n<meta property=\"og:site_name\" content=\"BrickControl\" \/>\n<meta property=\"article:modified_time\" content=\"2025-04-16T00:54:45+00:00\" \/>\n<meta name=\"twitter:card\" content=\"summary_large_image\" \/>\n<meta name=\"twitter:label1\" content=\"Tiempo de lectura\" \/>\n\t<meta name=\"twitter:data1\" content=\"1 minuto\" \/>\n<script type=\"application\/ld+json\" class=\"yoast-schema-graph\">{\"@context\":\"https:\/\/schema.org\",\"@graph\":[{\"@type\":\"WebPage\",\"@id\":\"https:\/\/www.brickcontrol.com\/es\/precios\/basic-anual\/\",\"url\":\"https:\/\/www.brickcontrol.com\/es\/precios\/basic-anual\/\",\"name\":\"Suscripci\u00f3n BrickControl Basic anual - BrickControl\",\"isPartOf\":{\"@id\":\"https:\/\/www.brickcontrol.com\/es\/#website\"},\"datePublished\":\"2022-08-25T22:27:01+00:00\",\"dateModified\":\"2025-04-16T00:54:45+00:00\",\"description\":\"Completa el formulario a continuaci\u00f3n y suscr\u00edbete al Plan B\u00e1sico Anual de BrickControl con el precio m\u00e1s conveniente.\",\"breadcrumb\":{\"@id\":\"https:\/\/www.brickcontrol.com\/es\/precios\/basic-anual\/#breadcrumb\"},\"inLanguage\":\"es\",\"potentialAction\":[{\"@type\":\"ReadAction\",\"target\":[\"https:\/\/www.brickcontrol.com\/es\/precios\/basic-anual\/\"]}]},{\"@type\":\"BreadcrumbList\",\"@id\":\"https:\/\/www.brickcontrol.com\/es\/precios\/basic-anual\/#breadcrumb\",\"itemListElement\":[{\"@type\":\"ListItem\",\"position\":1,\"name\":\"Home\",\"item\":\"https:\/\/www.brickcontrol.com\/es\/\"},{\"@type\":\"ListItem\",\"position\":2,\"name\":\"Precios\",\"item\":\"https:\/\/www.brickcontrol.com\/es\/precios\/\"},{\"@type\":\"ListItem\",\"position\":3,\"name\":\"Suscripci\u00f3n BrickControl Basic anual\"}]},{\"@type\":\"WebSite\",\"@id\":\"https:\/\/www.brickcontrol.com\/es\/#website\",\"url\":\"https:\/\/www.brickcontrol.com\/es\/\",\"name\":\"BrickControl\",\"description\":\"BrickControl\",\"publisher\":{\"@id\":\"https:\/\/www.brickcontrol.com\/es\/#organization\"},\"potentialAction\":[{\"@type\":\"SearchAction\",\"target\":{\"@type\":\"EntryPoint\",\"urlTemplate\":\"https:\/\/www.brickcontrol.com\/es\/?s={search_term_string}\"},\"query-input\":{\"@type\":\"PropertyValueSpecification\",\"valueRequired\":true,\"valueName\":\"search_term_string\"}}],\"inLanguage\":\"es\"},{\"@type\":\"Organization\",\"@id\":\"https:\/\/www.brickcontrol.com\/es\/#organization\",\"name\":\"BrickControl\",\"url\":\"https:\/\/www.brickcontrol.com\/es\/\",\"logo\":{\"@type\":\"ImageObject\",\"inLanguage\":\"es\",\"@id\":\"https:\/\/www.brickcontrol.com\/es\/#\/schema\/logo\/image\/\",\"url\":\"https:\/\/www.brickcontrol.com\/wp-content\/uploads\/2024\/04\/logo_brickcontrol.webp\",\"contentUrl\":\"https:\/\/www.brickcontrol.com\/wp-content\/uploads\/2024\/04\/logo_brickcontrol.webp\",\"width\":823,\"height\":216,\"caption\":\"BrickControl\"},\"image\":{\"@id\":\"https:\/\/www.brickcontrol.com\/es\/#\/schema\/logo\/image\/\"}}]}<\/script>\n<!-- \/ Yoast SEO plugin. -->","yoast_head_json":{"title":"Suscripci\u00f3n BrickControl Basic anual - BrickControl","description":"Completa el formulario a continuaci\u00f3n y suscr\u00edbete al Plan B\u00e1sico Anual de BrickControl con el precio m\u00e1s conveniente.","robots":{"index":"index","follow":"follow","max-snippet":"max-snippet:-1","max-image-preview":"max-image-preview:large","max-video-preview":"max-video-preview:-1"},"canonical":"https:\/\/www.brickcontrol.com\/es\/precios\/basic-anual\/","og_locale":"es_ES","og_type":"article","og_title":"Suscripci\u00f3n BrickControl Basic anual - BrickControl","og_description":"Completa el formulario a continuaci\u00f3n y suscr\u00edbete al Plan B\u00e1sico Anual de BrickControl con el precio m\u00e1s conveniente.","og_url":"https:\/\/www.brickcontrol.com\/es\/precios\/basic-anual\/","og_site_name":"BrickControl","article_modified_time":"2025-04-16T00:54:45+00:00","twitter_card":"summary_large_image","twitter_misc":{"Tiempo de lectura":"1 minuto"},"schema":{"@context":"https:\/\/schema.org","@graph":[{"@type":"WebPage","@id":"https:\/\/www.brickcontrol.com\/es\/precios\/basic-anual\/","url":"https:\/\/www.brickcontrol.com\/es\/precios\/basic-anual\/","name":"Suscripci\u00f3n BrickControl Basic anual - BrickControl","isPartOf":{"@id":"https:\/\/www.brickcontrol.com\/es\/#website"},"datePublished":"2022-08-25T22:27:01+00:00","dateModified":"2025-04-16T00:54:45+00:00","description":"Completa el formulario a continuaci\u00f3n y suscr\u00edbete al Plan B\u00e1sico Anual de BrickControl con el precio m\u00e1s conveniente.","breadcrumb":{"@id":"https:\/\/www.brickcontrol.com\/es\/precios\/basic-anual\/#breadcrumb"},"inLanguage":"es","potentialAction":[{"@type":"ReadAction","target":["https:\/\/www.brickcontrol.com\/es\/precios\/basic-anual\/"]}]},{"@type":"BreadcrumbList","@id":"https:\/\/www.brickcontrol.com\/es\/precios\/basic-anual\/#breadcrumb","itemListElement":[{"@type":"ListItem","position":1,"name":"Home","item":"https:\/\/www.brickcontrol.com\/es\/"},{"@type":"ListItem","position":2,"name":"Precios","item":"https:\/\/www.brickcontrol.com\/es\/precios\/"},{"@type":"ListItem","position":3,"name":"Suscripci\u00f3n BrickControl Basic anual"}]},{"@type":"WebSite","@id":"https:\/\/www.brickcontrol.com\/es\/#website","url":"https:\/\/www.brickcontrol.com\/es\/","name":"BrickControl","description":"BrickControl","publisher":{"@id":"https:\/\/www.brickcontrol.com\/es\/#organization"},"potentialAction":[{"@type":"SearchAction","target":{"@type":"EntryPoint","urlTemplate":"https:\/\/www.brickcontrol.com\/es\/?s={search_term_string}"},"query-input":{"@type":"PropertyValueSpecification","valueRequired":true,"valueName":"search_term_string"}}],"inLanguage":"es"},{"@type":"Organization","@id":"https:\/\/www.brickcontrol.com\/es\/#organization","name":"BrickControl","url":"https:\/\/www.brickcontrol.com\/es\/","logo":{"@type":"ImageObject","inLanguage":"es","@id":"https:\/\/www.brickcontrol.com\/es\/#\/schema\/logo\/image\/","url":"https:\/\/www.brickcontrol.com\/wp-content\/uploads\/2024\/04\/logo_brickcontrol.webp","contentUrl":"https:\/\/www.brickcontrol.com\/wp-content\/uploads\/2024\/04\/logo_brickcontrol.webp","width":823,"height":216,"caption":"BrickControl"},"image":{"@id":"https:\/\/www.brickcontrol.com\/es\/#\/schema\/logo\/image\/"}}]}},"uagb_featured_image_src":{"full":false,"thumbnail":false,"medium":false,"medium_large":false,"large":false,"gs-tiny":false,"xl":false,"xxl":false,"xxxl":false,"xxxxl":false,"xxxxxl":false,"1536x1536":false,"2048x2048":false},"uagb_author_info":{"display_name":"sistemas","author_link":"https:\/\/www.brickcontrol.com\/es\/blog\/author\/sistemas\/"},"uagb_comment_info":0,"uagb_excerpt":null,"_links":{"self":[{"href":"https:\/\/www.brickcontrol.com\/es\/wp-json\/wp\/v2\/pages\/25199","targetHints":{"allow":["GET"]}}],"collection":[{"href":"https:\/\/www.brickcontrol.com\/es\/wp-json\/wp\/v2\/pages"}],"about":[{"href":"https:\/\/www.brickcontrol.com\/es\/wp-json\/wp\/v2\/types\/page"}],"author":[{"embeddable":true,"href":"https:\/\/www.brickcontrol.com\/es\/wp-json\/wp\/v2\/users\/3"}],"replies":[{"embeddable":true,"href":"https:\/\/www.brickcontrol.com\/es\/wp-json\/wp\/v2\/comments?post=25199"}],"version-history":[{"count":5,"href":"https:\/\/www.brickcontrol.com\/es\/wp-json\/wp\/v2\/pages\/25199\/revisions"}],"predecessor-version":[{"id":46940,"href":"https:\/\/www.brickcontrol.com\/es\/wp-json\/wp\/v2\/pages\/25199\/revisions\/46940"}],"up":[{"embeddable":true,"href":"https:\/\/www.brickcontrol.com\/es\/wp-json\/wp\/v2\/pages\/1540"}],"wp:attachment":[{"href":"https:\/\/www.brickcontrol.com\/es\/wp-json\/wp\/v2\/media?parent=25199"}],"curies":[{"name":"wp","href":"https:\/\/api.w.org\/{rel}","templated":true}]}}