{"id":46902,"date":"2025-04-10T12:03:16","date_gmt":"2025-04-10T10:03:16","guid":{"rendered":"https:\/\/www.brickcontrol.com\/?page_id=46902"},"modified":"2025-04-10T12:04:36","modified_gmt":"2025-04-10T10:04:36","slug":"formulario","status":"publish","type":"page","link":"https:\/\/www.brickcontrol.com\/es\/formulario\/","title":{"rendered":"Formulario de asistencia"},"content":{"rendered":"<div class=\"gb-container gb-container-40fc32cd gb-container-contenedor-mediano\"><div class=\"gb-inside-container\">\n<div class=\"gb-container gb-container-9be81784\">\n<div class=\"gb-grid-wrapper gb-grid-wrapper-05575c1e\">\n<div class=\"gb-grid-column gb-grid-column-8b82e2a3\"><div class=\"gb-container gb-container-8b82e2a3\"><div class=\"gb-inside-container\">\n\n<h1 class=\"gb-headline gb-headline-60ab81b8 gb-headline-text\">Confirma tu asistencia al desayuno con BrickControl &amp; Oracle NetSuite<\/h1>\n\n\n\n<p><\/p>\n\n\n\n<p>Tu confirmaci\u00f3n es esencial para gestionar adecuadamente el aforo del desayuno y preparar tu entrada gratuita a la feria REBUILD.<\/p>\n\n\n\n<p>Solo necesitas completar el siguiente formulario. Te enviaremos todos los detalles una vez confirmada tu participaci\u00f3n.<\/p>\n\n\n\n<p>\u00a1Gracias por sumarte a esta experiencia con BrickControl!<\/p>\n\n<\/div><\/div><\/div>\n\n<div class=\"gb-grid-column gb-grid-column-61a55bef\"><div class=\"gb-container gb-container-61a55bef\">\n<div class=\"wp-block-image is-style-default\">\n<figure class=\"aligncenter size-full is-resized\"><img loading=\"lazy\" decoding=\"async\" width=\"1024\" height=\"1024\" src=\"https:\/\/www.brickcontrol.com\/wp-content\/uploads\/2025\/04\/Imagen-para-la-pagina-de-formulario-asistencia-Desayuno-BrickControlOracle-NetSuite.png\" alt=\"Ilustraci\u00f3n de un desayuno de presentaci\u00f3n de software con tem\u00e1tica de construcci\u00f3n. Incluye una taza de caf\u00e9, un croissant, una minigr\u00faa, un modelo de construcci\u00f3n, un casco, un l\u00e1piz e \u00edconos de software. Texto: Desayuno y formulario de asistencia para la Presentaci\u00f3n de Integraci\u00f3n de Software, Jueves 24 de Abril, 9:00 AM, Madrid Centro.\" class=\"wp-image-46903\" style=\"width:312px;height:312px\" srcset=\"https:\/\/www.brickcontrol.com\/wp-content\/uploads\/2025\/04\/Imagen-para-la-pagina-de-formulario-asistencia-Desayuno-BrickControlOracle-NetSuite.png 1024w, https:\/\/www.brickcontrol.com\/wp-content\/uploads\/2025\/04\/Imagen-para-la-pagina-de-formulario-asistencia-Desayuno-BrickControlOracle-NetSuite-300x300.png 300w, https:\/\/www.brickcontrol.com\/wp-content\/uploads\/2025\/04\/Imagen-para-la-pagina-de-formulario-asistencia-Desayuno-BrickControlOracle-NetSuite-150x150.png 150w, https:\/\/www.brickcontrol.com\/wp-content\/uploads\/2025\/04\/Imagen-para-la-pagina-de-formulario-asistencia-Desayuno-BrickControlOracle-NetSuite-768x768.png 768w, https:\/\/www.brickcontrol.com\/wp-content\/uploads\/2025\/04\/Imagen-para-la-pagina-de-formulario-asistencia-Desayuno-BrickControlOracle-NetSuite-50x50.png 50w\" sizes=\"auto, (max-width: 1024px) 100vw, 1024px\" \/><\/figure><\/div>\n<\/div><\/div>\n<\/div>\n<\/div>\n<\/div><\/div>\n\n<div class=\"gb-container gb-container-22a1ffc6\"><div class=\"gb-inside-container\"><\/div><\/div>\n\n\n<div class=\"wp-block-uagb-container uagb-block-0a79db4c alignfull uagb-is-root-container\"><div class=\"uagb-container-inner-blocks-wrap\">\n<h2 class=\"wp-block-heading has-naranja-fondo-color has-text-color has-medium-font-size\">Formulario de asistencia<\/h2>\n\n\n\n\n\n<p><\/p>\n\n\n<div class=\"gb-container gb-container-22e25302\"><div class=\"gb-inside-container\">\n\n<h2 class=\"gb-headline gb-headline-d832f8f0 gb-headline-text\">Resumen de pol\u00edtica de privacidad<\/h2>\n\n\n\n<p class=\"has-small-font-size\"><strong>Responsable:<\/strong> Desarrollos Inform\u00e1ticos SHM S.L.<br><strong>Finalidad:<\/strong> Prestarte el servicio que nos solicitas y seguimiento comercial<br><strong>Legitimaci\u00f3n:<\/strong> Tu consentimiento<br><strong>Destinatarios:<\/strong> Tus datos se guardar\u00e1n en Amazon Web Services (nuestro Datacenter) y GetResponse (nuestro proveedor de email marketing)<br><strong>Derechos:<\/strong> Por supuesto tendr\u00e1s derecho, entre otros, a acceder, rectificar, limitar y suprimir tus datos.<\/p>\n\n<\/div><\/div><\/div><\/div>\n","protected":false},"excerpt":{"rendered":"<p>Formulario de asistencia Resumen de pol\u00edtica de privacidad Responsable: Desarrollos Inform\u00e1ticos SHM S.L.Finalidad: Prestarte el &#8230; <a title=\"Formulario de asistencia\" class=\"read-more\" href=\"https:\/\/www.brickcontrol.com\/es\/formulario\/\" aria-label=\"Leer m\u00e1s sobre Formulario de asistencia\">Leer m\u00e1s<\/a><\/p>\n","protected":false},"author":8,"featured_media":0,"parent":0,"menu_order":0,"comment_status":"closed","ping_status":"closed","template":"","meta":{"inline_featured_image":false,"_uag_custom_page_level_css":"","footnotes":""},"class_list":{"0":"post-46902","1":"page","2":"type-page","3":"status-publish","5":"infinite-scroll-item"},"yoast_head":"<!-- This site is optimized with the Yoast SEO plugin v24.3 - https:\/\/yoast.com\/wordpress\/plugins\/seo\/ -->\n<title>Encuesta de satisfacci\u00f3n prueba gratuita - BrickControl<\/title>\n<meta name=\"description\" content=\"Rellena nuestra encuesta de satisfacci\u00f3n de la prueba gratuita de BrickControl.\" \/>\n<meta name=\"robots\" content=\"index, follow, max-snippet:-1, max-image-preview:large, max-video-preview:-1\" \/>\n<link rel=\"canonical\" href=\"https:\/\/www.brickcontrol.com\/es\/formulario\/\" \/>\n<meta property=\"og:locale\" content=\"es_ES\" \/>\n<meta property=\"og:type\" content=\"article\" \/>\n<meta property=\"og:title\" content=\"Encuesta de satisfacci\u00f3n prueba gratuita - BrickControl\" \/>\n<meta property=\"og:description\" content=\"Rellena nuestra encuesta de satisfacci\u00f3n de la prueba gratuita de BrickControl.\" \/>\n<meta property=\"og:url\" content=\"https:\/\/www.brickcontrol.com\/es\/formulario\/\" \/>\n<meta property=\"og:site_name\" content=\"BrickControl\" \/>\n<meta property=\"article:modified_time\" content=\"2025-04-10T10:04:36+00:00\" \/>\n<meta property=\"og:image\" content=\"https:\/\/www.brickcontrol.com\/wp-content\/uploads\/2025\/04\/Imagen-para-la-pagina-de-formulario-asistencia-Desayuno-BrickControlOracle-NetSuite.png\" \/>\n\t<meta property=\"og:image:width\" content=\"1024\" \/>\n\t<meta property=\"og:image:height\" content=\"1024\" \/>\n\t<meta property=\"og:image:type\" content=\"image\/png\" \/>\n<meta name=\"twitter:card\" content=\"summary_large_image\" \/>\n<meta name=\"twitter:label1\" content=\"Tiempo de lectura\" \/>\n\t<meta name=\"twitter:data1\" content=\"1 minuto\" \/>\n<script type=\"application\/ld+json\" class=\"yoast-schema-graph\">{\"@context\":\"https:\/\/schema.org\",\"@graph\":[{\"@type\":\"WebPage\",\"@id\":\"https:\/\/www.brickcontrol.com\/es\/formulario\/\",\"url\":\"https:\/\/www.brickcontrol.com\/es\/formulario\/\",\"name\":\"Encuesta de satisfacci\u00f3n prueba gratuita - BrickControl\",\"isPartOf\":{\"@id\":\"https:\/\/www.brickcontrol.com\/es\/#website\"},\"primaryImageOfPage\":{\"@id\":\"https:\/\/www.brickcontrol.com\/es\/formulario\/#primaryimage\"},\"image\":{\"@id\":\"https:\/\/www.brickcontrol.com\/es\/formulario\/#primaryimage\"},\"thumbnailUrl\":\"https:\/\/www.brickcontrol.com\/wp-content\/uploads\/2025\/04\/Imagen-para-la-pagina-de-formulario-asistencia-Desayuno-BrickControlOracle-NetSuite.png\",\"datePublished\":\"2025-04-10T10:03:16+00:00\",\"dateModified\":\"2025-04-10T10:04:36+00:00\",\"description\":\"Rellena nuestra encuesta de satisfacci\u00f3n de la prueba gratuita de BrickControl.\",\"breadcrumb\":{\"@id\":\"https:\/\/www.brickcontrol.com\/es\/formulario\/#breadcrumb\"},\"inLanguage\":\"es\",\"potentialAction\":[{\"@type\":\"ReadAction\",\"target\":[\"https:\/\/www.brickcontrol.com\/es\/formulario\/\"]}]},{\"@type\":\"ImageObject\",\"inLanguage\":\"es\",\"@id\":\"https:\/\/www.brickcontrol.com\/es\/formulario\/#primaryimage\",\"url\":\"https:\/\/www.brickcontrol.com\/wp-content\/uploads\/2025\/04\/Imagen-para-la-pagina-de-formulario-asistencia-Desayuno-BrickControlOracle-NetSuite.png\",\"contentUrl\":\"https:\/\/www.brickcontrol.com\/wp-content\/uploads\/2025\/04\/Imagen-para-la-pagina-de-formulario-asistencia-Desayuno-BrickControlOracle-NetSuite.png\"},{\"@type\":\"BreadcrumbList\",\"@id\":\"https:\/\/www.brickcontrol.com\/es\/formulario\/#breadcrumb\",\"itemListElement\":[{\"@type\":\"ListItem\",\"position\":1,\"name\":\"Home\",\"item\":\"https:\/\/www.brickcontrol.com\/es\/\"},{\"@type\":\"ListItem\",\"position\":2,\"name\":\"Formulario de asistencia\"}]},{\"@type\":\"WebSite\",\"@id\":\"https:\/\/www.brickcontrol.com\/es\/#website\",\"url\":\"https:\/\/www.brickcontrol.com\/es\/\",\"name\":\"BrickControl\",\"description\":\"BrickControl\",\"publisher\":{\"@id\":\"https:\/\/www.brickcontrol.com\/es\/#organization\"},\"potentialAction\":[{\"@type\":\"SearchAction\",\"target\":{\"@type\":\"EntryPoint\",\"urlTemplate\":\"https:\/\/www.brickcontrol.com\/es\/?s={search_term_string}\"},\"query-input\":{\"@type\":\"PropertyValueSpecification\",\"valueRequired\":true,\"valueName\":\"search_term_string\"}}],\"inLanguage\":\"es\"},{\"@type\":\"Organization\",\"@id\":\"https:\/\/www.brickcontrol.com\/es\/#organization\",\"name\":\"BrickControl\",\"url\":\"https:\/\/www.brickcontrol.com\/es\/\",\"logo\":{\"@type\":\"ImageObject\",\"inLanguage\":\"es\",\"@id\":\"https:\/\/www.brickcontrol.com\/es\/#\/schema\/logo\/image\/\",\"url\":\"https:\/\/www.brickcontrol.com\/wp-content\/uploads\/2024\/04\/logo_brickcontrol.webp\",\"contentUrl\":\"https:\/\/www.brickcontrol.com\/wp-content\/uploads\/2024\/04\/logo_brickcontrol.webp\",\"width\":823,\"height\":216,\"caption\":\"BrickControl\"},\"image\":{\"@id\":\"https:\/\/www.brickcontrol.com\/es\/#\/schema\/logo\/image\/\"}}]}<\/script>\n<!-- \/ Yoast SEO plugin. -->","yoast_head_json":{"title":"Encuesta de satisfacci\u00f3n prueba gratuita - BrickControl","description":"Rellena nuestra encuesta de satisfacci\u00f3n de la prueba gratuita de BrickControl.","robots":{"index":"index","follow":"follow","max-snippet":"max-snippet:-1","max-image-preview":"max-image-preview:large","max-video-preview":"max-video-preview:-1"},"canonical":"https:\/\/www.brickcontrol.com\/es\/formulario\/","og_locale":"es_ES","og_type":"article","og_title":"Encuesta de satisfacci\u00f3n prueba gratuita - BrickControl","og_description":"Rellena nuestra encuesta de satisfacci\u00f3n de la prueba gratuita de BrickControl.","og_url":"https:\/\/www.brickcontrol.com\/es\/formulario\/","og_site_name":"BrickControl","article_modified_time":"2025-04-10T10:04:36+00:00","og_image":[{"width":1024,"height":1024,"url":"https:\/\/www.brickcontrol.com\/wp-content\/uploads\/2025\/04\/Imagen-para-la-pagina-de-formulario-asistencia-Desayuno-BrickControlOracle-NetSuite.png","type":"image\/png"}],"twitter_card":"summary_large_image","twitter_misc":{"Tiempo de lectura":"1 minuto"},"schema":{"@context":"https:\/\/schema.org","@graph":[{"@type":"WebPage","@id":"https:\/\/www.brickcontrol.com\/es\/formulario\/","url":"https:\/\/www.brickcontrol.com\/es\/formulario\/","name":"Encuesta de satisfacci\u00f3n prueba gratuita - BrickControl","isPartOf":{"@id":"https:\/\/www.brickcontrol.com\/es\/#website"},"primaryImageOfPage":{"@id":"https:\/\/www.brickcontrol.com\/es\/formulario\/#primaryimage"},"image":{"@id":"https:\/\/www.brickcontrol.com\/es\/formulario\/#primaryimage"},"thumbnailUrl":"https:\/\/www.brickcontrol.com\/wp-content\/uploads\/2025\/04\/Imagen-para-la-pagina-de-formulario-asistencia-Desayuno-BrickControlOracle-NetSuite.png","datePublished":"2025-04-10T10:03:16+00:00","dateModified":"2025-04-10T10:04:36+00:00","description":"Rellena nuestra encuesta de satisfacci\u00f3n de la prueba gratuita de BrickControl.","breadcrumb":{"@id":"https:\/\/www.brickcontrol.com\/es\/formulario\/#breadcrumb"},"inLanguage":"es","potentialAction":[{"@type":"ReadAction","target":["https:\/\/www.brickcontrol.com\/es\/formulario\/"]}]},{"@type":"ImageObject","inLanguage":"es","@id":"https:\/\/www.brickcontrol.com\/es\/formulario\/#primaryimage","url":"https:\/\/www.brickcontrol.com\/wp-content\/uploads\/2025\/04\/Imagen-para-la-pagina-de-formulario-asistencia-Desayuno-BrickControlOracle-NetSuite.png","contentUrl":"https:\/\/www.brickcontrol.com\/wp-content\/uploads\/2025\/04\/Imagen-para-la-pagina-de-formulario-asistencia-Desayuno-BrickControlOracle-NetSuite.png"},{"@type":"BreadcrumbList","@id":"https:\/\/www.brickcontrol.com\/es\/formulario\/#breadcrumb","itemListElement":[{"@type":"ListItem","position":1,"name":"Home","item":"https:\/\/www.brickcontrol.com\/es\/"},{"@type":"ListItem","position":2,"name":"Formulario de asistencia"}]},{"@type":"WebSite","@id":"https:\/\/www.brickcontrol.com\/es\/#website","url":"https:\/\/www.brickcontrol.com\/es\/","name":"BrickControl","description":"BrickControl","publisher":{"@id":"https:\/\/www.brickcontrol.com\/es\/#organization"},"potentialAction":[{"@type":"SearchAction","target":{"@type":"EntryPoint","urlTemplate":"https:\/\/www.brickcontrol.com\/es\/?s={search_term_string}"},"query-input":{"@type":"PropertyValueSpecification","valueRequired":true,"valueName":"search_term_string"}}],"inLanguage":"es"},{"@type":"Organization","@id":"https:\/\/www.brickcontrol.com\/es\/#organization","name":"BrickControl","url":"https:\/\/www.brickcontrol.com\/es\/","logo":{"@type":"ImageObject","inLanguage":"es","@id":"https:\/\/www.brickcontrol.com\/es\/#\/schema\/logo\/image\/","url":"https:\/\/www.brickcontrol.com\/wp-content\/uploads\/2024\/04\/logo_brickcontrol.webp","contentUrl":"https:\/\/www.brickcontrol.com\/wp-content\/uploads\/2024\/04\/logo_brickcontrol.webp","width":823,"height":216,"caption":"BrickControl"},"image":{"@id":"https:\/\/www.brickcontrol.com\/es\/#\/schema\/logo\/image\/"}}]}},"uagb_featured_image_src":{"full":false,"thumbnail":false,"medium":false,"medium_large":false,"large":false,"gs-tiny":false,"xl":false,"xxl":false,"xxxl":false,"xxxxl":false,"xxxxxl":false,"1536x1536":false,"2048x2048":false},"uagb_author_info":{"display_name":"Patricia Garayalde","author_link":"https:\/\/www.brickcontrol.com\/es\/blog\/author\/patricia-garayalde\/"},"uagb_comment_info":0,"uagb_excerpt":"Formulario de asistencia Resumen de pol\u00edtica de privacidad Responsable: Desarrollos Inform\u00e1ticos SHM S.L.Finalidad: Prestarte el ... Leer m\u00e1s","_links":{"self":[{"href":"https:\/\/www.brickcontrol.com\/es\/wp-json\/wp\/v2\/pages\/46902","targetHints":{"allow":["GET"]}}],"collection":[{"href":"https:\/\/www.brickcontrol.com\/es\/wp-json\/wp\/v2\/pages"}],"about":[{"href":"https:\/\/www.brickcontrol.com\/es\/wp-json\/wp\/v2\/types\/page"}],"author":[{"embeddable":true,"href":"https:\/\/www.brickcontrol.com\/es\/wp-json\/wp\/v2\/users\/8"}],"replies":[{"embeddable":true,"href":"https:\/\/www.brickcontrol.com\/es\/wp-json\/wp\/v2\/comments?post=46902"}],"version-history":[{"count":2,"href":"https:\/\/www.brickcontrol.com\/es\/wp-json\/wp\/v2\/pages\/46902\/revisions"}],"predecessor-version":[{"id":46910,"href":"https:\/\/www.brickcontrol.com\/es\/wp-json\/wp\/v2\/pages\/46902\/revisions\/46910"}],"wp:attachment":[{"href":"https:\/\/www.brickcontrol.com\/es\/wp-json\/wp\/v2\/media?parent=46902"}],"curies":[{"name":"wp","href":"https:\/\/api.w.org\/{rel}","templated":true}]}}