{"id":47081,"date":"2025-08-02T00:40:48","date_gmt":"2025-08-01T22:40:48","guid":{"rendered":"https:\/\/www.brickcontrol.com\/?page_id=47081"},"modified":"2025-08-02T00:43:39","modified_gmt":"2025-08-01T22:43:39","slug":"declaracion-responsable","status":"publish","type":"page","link":"https:\/\/www.brickcontrol.com\/es\/declaracion-responsable\/","title":{"rendered":"Hist\u00f3rico de declaraciones responsables"},"content":{"rendered":"\n<p><\/p>\n\n\n\n<div class=\"wp-block-uagb-container uagb-block-a91caa5b alignfull uagb-is-root-container\"><div class=\"uagb-container-inner-blocks-wrap\">\n<p><a href=\"https:\/\/www.brickcontrol.com\/download\/declaracion-responsable-verifactu-brickcontrol.pdf\">Declaraci\u00f3n Responsable Verifactu BrickControl (versi\u00f3n 1.0<\/a>)<\/p>\n<\/div><\/div>\n","protected":false},"excerpt":{"rendered":"<p>Declaraci\u00f3n Responsable Verifactu BrickControl (versi\u00f3n 1.0)<\/p>\n","protected":false},"author":2,"featured_media":0,"parent":0,"menu_order":0,"comment_status":"closed","ping_status":"closed","template":"","meta":{"inline_featured_image":false,"_uag_custom_page_level_css":"","footnotes":""},"class_list":{"0":"post-47081","1":"page","2":"type-page","3":"status-publish","5":"infinite-scroll-item"},"yoast_head":"<!-- This site is optimized with the Yoast SEO plugin v24.3 - https:\/\/yoast.com\/wordpress\/plugins\/seo\/ -->\n<title>Hist\u00f3rico de declaraciones responsables - BrickControl<\/title>\n<meta name=\"description\" content=\"BrickControl cumple con la Declaraci\u00f3n Responsable de Verifactu: gestiona tus obras y mantente alineado con la nueva normativa f\u00e1cilmente.\" \/>\n<meta name=\"robots\" content=\"index, follow, max-snippet:-1, max-image-preview:large, max-video-preview:-1\" \/>\n<link rel=\"canonical\" href=\"https:\/\/www.brickcontrol.com\/es\/declaracion-responsable\/\" \/>\n<meta property=\"og:locale\" content=\"es_ES\" \/>\n<meta property=\"og:type\" content=\"article\" \/>\n<meta property=\"og:title\" content=\"Hist\u00f3rico de declaraciones responsables - BrickControl\" \/>\n<meta property=\"og:description\" content=\"BrickControl cumple con la Declaraci\u00f3n Responsable de Verifactu: gestiona tus obras y mantente alineado con la nueva normativa f\u00e1cilmente.\" \/>\n<meta property=\"og:url\" content=\"https:\/\/www.brickcontrol.com\/es\/declaracion-responsable\/\" \/>\n<meta property=\"og:site_name\" content=\"BrickControl\" \/>\n<meta property=\"article:modified_time\" content=\"2025-08-01T22:43:39+00:00\" \/>\n<meta name=\"twitter:card\" content=\"summary_large_image\" \/>\n<meta name=\"twitter:label1\" content=\"Tiempo de lectura\" \/>\n\t<meta name=\"twitter:data1\" content=\"1 minuto\" \/>\n<script type=\"application\/ld+json\" class=\"yoast-schema-graph\">{\"@context\":\"https:\/\/schema.org\",\"@graph\":[{\"@type\":\"WebPage\",\"@id\":\"https:\/\/www.brickcontrol.com\/es\/declaracion-responsable\/\",\"url\":\"https:\/\/www.brickcontrol.com\/es\/declaracion-responsable\/\",\"name\":\"Hist\u00f3rico de declaraciones responsables - BrickControl\",\"isPartOf\":{\"@id\":\"https:\/\/www.brickcontrol.com\/es\/#website\"},\"datePublished\":\"2025-08-01T22:40:48+00:00\",\"dateModified\":\"2025-08-01T22:43:39+00:00\",\"description\":\"BrickControl cumple con la Declaraci\u00f3n Responsable de Verifactu: gestiona tus obras y mantente alineado con la nueva normativa f\u00e1cilmente.\",\"breadcrumb\":{\"@id\":\"https:\/\/www.brickcontrol.com\/es\/declaracion-responsable\/#breadcrumb\"},\"inLanguage\":\"es\",\"potentialAction\":[{\"@type\":\"ReadAction\",\"target\":[\"https:\/\/www.brickcontrol.com\/es\/declaracion-responsable\/\"]}]},{\"@type\":\"BreadcrumbList\",\"@id\":\"https:\/\/www.brickcontrol.com\/es\/declaracion-responsable\/#breadcrumb\",\"itemListElement\":[{\"@type\":\"ListItem\",\"position\":1,\"name\":\"Home\",\"item\":\"https:\/\/www.brickcontrol.com\/es\/\"},{\"@type\":\"ListItem\",\"position\":2,\"name\":\"Hist\u00f3rico de declaraciones responsables\"}]},{\"@type\":\"WebSite\",\"@id\":\"https:\/\/www.brickcontrol.com\/es\/#website\",\"url\":\"https:\/\/www.brickcontrol.com\/es\/\",\"name\":\"BrickControl\",\"description\":\"BrickControl\",\"publisher\":{\"@id\":\"https:\/\/www.brickcontrol.com\/es\/#organization\"},\"potentialAction\":[{\"@type\":\"SearchAction\",\"target\":{\"@type\":\"EntryPoint\",\"urlTemplate\":\"https:\/\/www.brickcontrol.com\/es\/?s={search_term_string}\"},\"query-input\":{\"@type\":\"PropertyValueSpecification\",\"valueRequired\":true,\"valueName\":\"search_term_string\"}}],\"inLanguage\":\"es\"},{\"@type\":\"Organization\",\"@id\":\"https:\/\/www.brickcontrol.com\/es\/#organization\",\"name\":\"BrickControl\",\"url\":\"https:\/\/www.brickcontrol.com\/es\/\",\"logo\":{\"@type\":\"ImageObject\",\"inLanguage\":\"es\",\"@id\":\"https:\/\/www.brickcontrol.com\/es\/#\/schema\/logo\/image\/\",\"url\":\"https:\/\/www.brickcontrol.com\/wp-content\/uploads\/2024\/04\/logo_brickcontrol.webp\",\"contentUrl\":\"https:\/\/www.brickcontrol.com\/wp-content\/uploads\/2024\/04\/logo_brickcontrol.webp\",\"width\":823,\"height\":216,\"caption\":\"BrickControl\"},\"image\":{\"@id\":\"https:\/\/www.brickcontrol.com\/es\/#\/schema\/logo\/image\/\"}}]}<\/script>\n<!-- \/ Yoast SEO plugin. -->","yoast_head_json":{"title":"Hist\u00f3rico de declaraciones responsables - BrickControl","description":"BrickControl cumple con la Declaraci\u00f3n Responsable de Verifactu: gestiona tus obras y mantente alineado con la nueva normativa f\u00e1cilmente.","robots":{"index":"index","follow":"follow","max-snippet":"max-snippet:-1","max-image-preview":"max-image-preview:large","max-video-preview":"max-video-preview:-1"},"canonical":"https:\/\/www.brickcontrol.com\/es\/declaracion-responsable\/","og_locale":"es_ES","og_type":"article","og_title":"Hist\u00f3rico de declaraciones responsables - BrickControl","og_description":"BrickControl cumple con la Declaraci\u00f3n Responsable de Verifactu: gestiona tus obras y mantente alineado con la nueva normativa f\u00e1cilmente.","og_url":"https:\/\/www.brickcontrol.com\/es\/declaracion-responsable\/","og_site_name":"BrickControl","article_modified_time":"2025-08-01T22:43:39+00:00","twitter_card":"summary_large_image","twitter_misc":{"Tiempo de lectura":"1 minuto"},"schema":{"@context":"https:\/\/schema.org","@graph":[{"@type":"WebPage","@id":"https:\/\/www.brickcontrol.com\/es\/declaracion-responsable\/","url":"https:\/\/www.brickcontrol.com\/es\/declaracion-responsable\/","name":"Hist\u00f3rico de declaraciones responsables - BrickControl","isPartOf":{"@id":"https:\/\/www.brickcontrol.com\/es\/#website"},"datePublished":"2025-08-01T22:40:48+00:00","dateModified":"2025-08-01T22:43:39+00:00","description":"BrickControl cumple con la Declaraci\u00f3n Responsable de Verifactu: gestiona tus obras y mantente alineado con la nueva normativa f\u00e1cilmente.","breadcrumb":{"@id":"https:\/\/www.brickcontrol.com\/es\/declaracion-responsable\/#breadcrumb"},"inLanguage":"es","potentialAction":[{"@type":"ReadAction","target":["https:\/\/www.brickcontrol.com\/es\/declaracion-responsable\/"]}]},{"@type":"BreadcrumbList","@id":"https:\/\/www.brickcontrol.com\/es\/declaracion-responsable\/#breadcrumb","itemListElement":[{"@type":"ListItem","position":1,"name":"Home","item":"https:\/\/www.brickcontrol.com\/es\/"},{"@type":"ListItem","position":2,"name":"Hist\u00f3rico de declaraciones responsables"}]},{"@type":"WebSite","@id":"https:\/\/www.brickcontrol.com\/es\/#website","url":"https:\/\/www.brickcontrol.com\/es\/","name":"BrickControl","description":"BrickControl","publisher":{"@id":"https:\/\/www.brickcontrol.com\/es\/#organization"},"potentialAction":[{"@type":"SearchAction","target":{"@type":"EntryPoint","urlTemplate":"https:\/\/www.brickcontrol.com\/es\/?s={search_term_string}"},"query-input":{"@type":"PropertyValueSpecification","valueRequired":true,"valueName":"search_term_string"}}],"inLanguage":"es"},{"@type":"Organization","@id":"https:\/\/www.brickcontrol.com\/es\/#organization","name":"BrickControl","url":"https:\/\/www.brickcontrol.com\/es\/","logo":{"@type":"ImageObject","inLanguage":"es","@id":"https:\/\/www.brickcontrol.com\/es\/#\/schema\/logo\/image\/","url":"https:\/\/www.brickcontrol.com\/wp-content\/uploads\/2024\/04\/logo_brickcontrol.webp","contentUrl":"https:\/\/www.brickcontrol.com\/wp-content\/uploads\/2024\/04\/logo_brickcontrol.webp","width":823,"height":216,"caption":"BrickControl"},"image":{"@id":"https:\/\/www.brickcontrol.com\/es\/#\/schema\/logo\/image\/"}}]}},"uagb_featured_image_src":{"full":false,"thumbnail":false,"medium":false,"medium_large":false,"large":false,"gs-tiny":false,"xl":false,"xxl":false,"xxxl":false,"xxxxl":false,"xxxxxl":false,"1536x1536":false,"2048x2048":false},"uagb_author_info":{"display_name":"David Jim\u00e9nez","author_link":"https:\/\/www.brickcontrol.com\/es\/blog\/author\/david\/"},"uagb_comment_info":0,"uagb_excerpt":"Declaraci\u00f3n Responsable Verifactu BrickControl (versi\u00f3n 1.0)","_links":{"self":[{"href":"https:\/\/www.brickcontrol.com\/es\/wp-json\/wp\/v2\/pages\/47081","targetHints":{"allow":["GET"]}}],"collection":[{"href":"https:\/\/www.brickcontrol.com\/es\/wp-json\/wp\/v2\/pages"}],"about":[{"href":"https:\/\/www.brickcontrol.com\/es\/wp-json\/wp\/v2\/types\/page"}],"author":[{"embeddable":true,"href":"https:\/\/www.brickcontrol.com\/es\/wp-json\/wp\/v2\/users\/2"}],"replies":[{"embeddable":true,"href":"https:\/\/www.brickcontrol.com\/es\/wp-json\/wp\/v2\/comments?post=47081"}],"version-history":[{"count":3,"href":"https:\/\/www.brickcontrol.com\/es\/wp-json\/wp\/v2\/pages\/47081\/revisions"}],"predecessor-version":[{"id":47086,"href":"https:\/\/www.brickcontrol.com\/es\/wp-json\/wp\/v2\/pages\/47081\/revisions\/47086"}],"wp:attachment":[{"href":"https:\/\/www.brickcontrol.com\/es\/wp-json\/wp\/v2\/media?parent=47081"}],"curies":[{"name":"wp","href":"https:\/\/api.w.org\/{rel}","templated":true}]}}