{"id":5188,"date":"2022-02-09T17:42:05","date_gmt":"2022-02-09T16:42:05","guid":{"rendered":"https:\/\/www.brickcontrol.com\/?page_id=5188"},"modified":"2023-07-14T17:12:24","modified_gmt":"2023-07-14T15:12:24","slug":"politica-de-cookies","status":"publish","type":"page","link":"https:\/\/www.brickcontrol.com\/es\/politica-de-cookies\/","title":{"rendered":"Pol\u00edtica de cookies"},"content":{"rendered":"<div class=\"gb-container gb-container-26d5b97e gb-container-contenedor-bajo\"><div class=\"gb-inside-container\">\n<div class=\"gb-container gb-container-ca89e122\"><div class=\"gb-inside-container\">\n<div class=\"yoast-breadcrumbs claro\"><span><span><a href=\"https:\/\/www.brickcontrol.com\/es\/\"><i class=\"fa fa-home\" aria-hidden=\"true\"><\/i> Home<\/a><\/span> &gt; <span class=\"breadcrumb_last\" aria-current=\"page\"><strong>Pol\u00edtica de cookies<\/strong><\/span><\/span><\/div>\n<\/div><\/div>\n\n\n<h1 class=\"has-naranja-acentuar-color has-text-color wp-block-heading\">Pol\u00edtica de Cookies<\/h1>\n\n\n\n<p>Las Cookies&nbsp;permiten a una p\u00e1gina web, entre otras cosas, almacenar y recuperar informaci\u00f3n sobre los h\u00e1bitos de navegaci\u00f3n de un usuario o de su equipo y, dependiendo de la informaci\u00f3n que contengan y de la forma en que utilice su equipo, pueden utilizarse para reconocer al usuario. Al utilizar nuestros sitios, <strong>DESARROLLOS INFORMATICOS SHM S.L.<\/strong> y&nbsp;nuestros socios terceros&nbsp;pueden utilizar cookies y otras tecnolog\u00edas similares para recolectar los datos de los usuarios y cierta informaci\u00f3n como, versi\u00f3n del navegador, direcci\u00f3n IP, sistema operativo, proveedor de internet, n\u00famero de accesos, fecha\/hora, etc. Recopilamos estos datos con la intenci\u00f3n de administrar nuestra Web, as\u00ed como para conocer la conducta de nuestros clientes y poder personalizar los productos y\/o servicios que ofrecer a los mismos. Todos los datos que de alguna manera puedan servir para identificarte y que, por tanto, se consideren datos de car\u00e1cter personal, ser\u00e1n tratados como tales por <strong>DESARROLLOS INFORMATICOS SHM S.L.;<\/strong> con los siguientes objetivos:<\/p>\n\n\n\n<ul class=\"wp-block-list\">\n<li>Las cookies obligatorias&nbsp;son necesarias para el funcionamiento adecuado del sitio web. Por ejemplo, recordar sus detalles de ingreso y brindar un inicio de sesi\u00f3n seguro.<\/li>\n\n\n\n<li>Las cookies funcionales&nbsp;nos ayudan a optimizar el sitio web. Por ejemplo, nos ayudan a recolectar estad\u00edsticas, a guardar sus preferencias con respecto a las interacciones sociales o le permiten publicar comentarios en nuestro sitio web.<\/li>\n\n\n\n<li>las&nbsp;cookies publicitarias&nbsp;permiten que <strong>DESARROLLOS INFORMATICOS SHM S.L.<\/strong> y nuestros partners externos le ofrezcan contenido publicitario personalizado en funci\u00f3n de sus intereses en sus navegadores y dispositivos.<\/li>\n<\/ul>\n\n\n\n<p>Adicionalmente, en algunos de nuestros mensajes de correo electr\u00f3nico podremos utilizar un enlace personalizado, vinculado a la Web de<strong> DESARROLLOS INFORMATICOS SHM S.L<\/strong>. Al hacer clic en alguno de estos enlaces, el cliente pasa directamente a la p\u00e1gina de destino dentro de nuestra Web. En este sentido podremos hacer un seguimiento en nuestra Web de los clics recibidos, para determinar los intereses sobre temas espec\u00edficos y valorar la eficacia de nuestras comunicaciones a clientes. Si no quiere que realicemos ese seguimiento, no haga clic en los v\u00ednculos textuales o gr\u00e1ficos incluidos en los mensajes de correo electr\u00f3nico.<\/p>\n\n\n\n<p>Los pixel tags nos permiten enviar mensajes de correo electr\u00f3nico en un formato legible por los clientes y saber si el mensaje ha sido abierto. Podremos utilizar estos datos para reducir o eliminar los mensajes enviados a clientes.<\/p>\n\n\n\n<p>Desarrollos Inform\u00e1ticos SHM S.L. emplea las siguientes Cookies&nbsp;:<\/p>\n\n\n\n<figure class=\"wp-block-table is-style-stripes\"><table><thead><tr><th>Cookie<\/th><th>Finalidad<\/th><th>Descripci\u00f3n<\/th><th>Persistencia<\/th><th>Ambito<\/th><\/tr><\/thead><tbody><tr><td>brickcontrol-partner-id<\/td><td>t\u00e9cnica<\/td><td>Guarda el c\u00f3digo del partner por el que el usuario ha llegado a la web de BrickControl<\/td><td>Persistente<\/td><td>propia<\/td><\/tr><tr><td>brickcontrol-tracking-id<\/td><td>t\u00e9cnica<\/td><td>Guarda el anuncio por el que el usuario ha llegado a la web de BrickControl<\/td><td>Persistente<\/td><td>propia<\/td><\/tr><tr><td>Google<\/td><td>t\u00e9cnicas, de personalizaci\u00f3n, publicitarias y de an\u00e1lisis<\/td><td>Si desea m\u00e1s informaci\u00f3n al respecto, puede visitar la siguiente URL:&nbsp;<a href=\"https:\/\/developers.google.com\/analytics\/devguides\/collection\/analyticsjs\/cookie-usage\" target=\"_blank\" rel=\"noreferrer noopener\">Google analytics<\/a><\/td><td>Persistente<\/td><td>terceros<\/td><\/tr><tr><td>_icl_current_language<\/td><td>t\u00e9cnica<\/td><td>Cookie de la empresa http:\/\/wpml.org\/es\/ que guarda el c\u00f3digo del idioma que esta usando el usuario en nuestra web<\/td><td>Persistente<\/td><td>terceros<\/td><\/tr><tr><td>CookieInfo<\/td><td>t\u00e9cnica<\/td><td>Cookie de la empresa https:\/\/wordpress.org\/plugins\/cookie-law-info\/ que guarda la informaci\u00f3n de si el usuario ha aceptado nuestra pol\u00edtica de cookies<\/td><td>Persistente<\/td><td>terceros<\/td><\/tr><tr><td>LaRunningChat<\/td><td>t\u00e9cnica<\/td><td>Cookie de la empresa https:\/\/www.ladesk.com\/ que guarda la sesi\u00f3n del chat en el caso de que se inicie una sesi\u00f3n de chat<\/td><td>Sesi\u00f3n<\/td><td>terceros<\/td><\/tr><tr><td>LaVisitorId<\/td><td>t\u00e9cnica<\/td><td>Cookie de la empresa https:\/\/www.ladesk.com\/ que guarda un c\u00f3digo \u00fanico para cada usuario<\/td><td>Persistente<\/td><td>terceros<\/td><\/tr><tr><td>magiks_geo_country<\/td><td>t\u00e9cnica<\/td><td>Cookie de la empresa https:\/\/wordpress.org\/plugins\/magiks-geo-country-lite\/ que guarda el c\u00f3digo del pa\u00eds del usuario<\/td><td>Persistente<\/td><td>terceros<\/td><\/tr><tr><td>magiks_geo_country_name<\/td><td>t\u00e9cnica<\/td><td>Cookie de la empresa https:\/\/wordpress.org\/plugins\/magiks-geo-country-lite\/ que guarda el nombre del pa\u00eds del usuario<\/td><td>Persistente<\/td><td>terceros<\/td><\/tr><\/tbody><\/table><\/figure>\n\n\n\n<p>El usuario puede permitir, bloquear o eliminar las Cookies&nbsp;instaladas en su equipo mediante la configuraci\u00f3n de las opciones del navegador instalado en su ordenador.<\/p>\n\n\n\n<p>Las Cookies\u00a0ser\u00e1n tratadas por el titular de esta p\u00e1gina web y, en su caso, por entidades a las que se les haya encomendado su tratamiento con finalidades leg\u00edtimas.<\/p>\n\n\n\n<h2 class=\"gb-headline gb-headline-7e75bd99 gb-headline-text\"><strong>Desactivaci\u00f3n, eliminaci\u00f3n de las Cookies y revocaci\u00f3n del consentimiento \u201copt out\u201d<\/strong><\/h2>\n\n\n\n<p>La mayor\u00eda de navegadores web permite gestionar, en cualquier momento, las preferencias del Usuario sobre el uso de las Cookies. El Usuario puede ajustar su navegador para que rechace Cookies o elimine determinadas Cookies seg\u00fan su criterio.<\/p>\n\n\n\n<p>Para obtener m\u00e1s informaci\u00f3n sobre las Cookies y permitir, bloquear o eliminar las Cookies instaladas en su equipo, el Usuario puede hacerlo mediante la configuraci\u00f3n de las opciones del navegador instalado en su ordenador, para ello deber\u00e1 consultar el manual de instrucciones de su navegador.<\/p>\n\n<\/div><\/div>","protected":false},"excerpt":{"rendered":"<p>Pol\u00edtica de Cookies Las Cookies&nbsp;permiten a una p\u00e1gina web, entre otras cosas, almacenar y recuperar &#8230; <a title=\"Pol\u00edtica de cookies\" class=\"read-more\" href=\"https:\/\/www.brickcontrol.com\/es\/politica-de-cookies\/\" aria-label=\"Leer m\u00e1s sobre Pol\u00edtica de cookies\">Leer m\u00e1s<\/a><\/p>\n","protected":false},"author":3,"featured_media":0,"parent":0,"menu_order":0,"comment_status":"closed","ping_status":"closed","template":"","meta":{"inline_featured_image":false,"_uag_custom_page_level_css":"","footnotes":""},"class_list":{"0":"post-5188","1":"page","2":"type-page","3":"status-publish","5":"infinite-scroll-item"},"yoast_head":"<!-- This site is optimized with the Yoast SEO plugin v24.3 - https:\/\/yoast.com\/wordpress\/plugins\/seo\/ -->\n<title>Pol\u00edtica de cookies - BrickControl<\/title>\n<meta name=\"description\" content=\"Las Cookies\u00a0permiten a una p\u00e1gina web, entre otras cosas, almacenar y recuperar informaci\u00f3n sobre los h\u00e1bitos de navegaci\u00f3n de un usuario o de su equipo.\" \/>\n<meta name=\"robots\" content=\"index, follow, max-snippet:-1, max-image-preview:large, max-video-preview:-1\" \/>\n<link rel=\"canonical\" href=\"https:\/\/www.brickcontrol.com\/es\/politica-de-cookies\/\" \/>\n<meta property=\"og:locale\" content=\"es_ES\" \/>\n<meta property=\"og:type\" content=\"article\" \/>\n<meta property=\"og:title\" content=\"Pol\u00edtica de cookies - BrickControl\" \/>\n<meta property=\"og:description\" content=\"Las Cookies\u00a0permiten a una p\u00e1gina web, entre otras cosas, almacenar y recuperar informaci\u00f3n sobre los h\u00e1bitos de navegaci\u00f3n de un usuario o de su equipo.\" \/>\n<meta property=\"og:url\" content=\"https:\/\/www.brickcontrol.com\/es\/politica-de-cookies\/\" \/>\n<meta property=\"og:site_name\" content=\"BrickControl\" \/>\n<meta property=\"article:modified_time\" content=\"2023-07-14T15:12:24+00:00\" \/>\n<meta name=\"twitter:card\" content=\"summary_large_image\" \/>\n<meta name=\"twitter:label1\" content=\"Tiempo de lectura\" \/>\n\t<meta name=\"twitter:data1\" content=\"4 minutos\" \/>\n<script type=\"application\/ld+json\" class=\"yoast-schema-graph\">{\"@context\":\"https:\/\/schema.org\",\"@graph\":[{\"@type\":\"WebPage\",\"@id\":\"https:\/\/www.brickcontrol.com\/es\/politica-de-cookies\/\",\"url\":\"https:\/\/www.brickcontrol.com\/es\/politica-de-cookies\/\",\"name\":\"Pol\u00edtica de cookies - BrickControl\",\"isPartOf\":{\"@id\":\"https:\/\/www.brickcontrol.com\/es\/#website\"},\"datePublished\":\"2022-02-09T16:42:05+00:00\",\"dateModified\":\"2023-07-14T15:12:24+00:00\",\"description\":\"Las Cookies\u00a0permiten a una p\u00e1gina web, entre otras cosas, almacenar y recuperar informaci\u00f3n sobre los h\u00e1bitos de navegaci\u00f3n de un usuario o de su equipo.\",\"breadcrumb\":{\"@id\":\"https:\/\/www.brickcontrol.com\/es\/politica-de-cookies\/#breadcrumb\"},\"inLanguage\":\"es\",\"potentialAction\":[{\"@type\":\"ReadAction\",\"target\":[\"https:\/\/www.brickcontrol.com\/es\/politica-de-cookies\/\"]}]},{\"@type\":\"BreadcrumbList\",\"@id\":\"https:\/\/www.brickcontrol.com\/es\/politica-de-cookies\/#breadcrumb\",\"itemListElement\":[{\"@type\":\"ListItem\",\"position\":1,\"name\":\"Home\",\"item\":\"https:\/\/www.brickcontrol.com\/es\/\"},{\"@type\":\"ListItem\",\"position\":2,\"name\":\"Pol\u00edtica de cookies\"}]},{\"@type\":\"WebSite\",\"@id\":\"https:\/\/www.brickcontrol.com\/es\/#website\",\"url\":\"https:\/\/www.brickcontrol.com\/es\/\",\"name\":\"BrickControl\",\"description\":\"BrickControl\",\"publisher\":{\"@id\":\"https:\/\/www.brickcontrol.com\/es\/#organization\"},\"potentialAction\":[{\"@type\":\"SearchAction\",\"target\":{\"@type\":\"EntryPoint\",\"urlTemplate\":\"https:\/\/www.brickcontrol.com\/es\/?s={search_term_string}\"},\"query-input\":{\"@type\":\"PropertyValueSpecification\",\"valueRequired\":true,\"valueName\":\"search_term_string\"}}],\"inLanguage\":\"es\"},{\"@type\":\"Organization\",\"@id\":\"https:\/\/www.brickcontrol.com\/es\/#organization\",\"name\":\"BrickControl\",\"url\":\"https:\/\/www.brickcontrol.com\/es\/\",\"logo\":{\"@type\":\"ImageObject\",\"inLanguage\":\"es\",\"@id\":\"https:\/\/www.brickcontrol.com\/es\/#\/schema\/logo\/image\/\",\"url\":\"https:\/\/www.brickcontrol.com\/wp-content\/uploads\/2024\/04\/logo_brickcontrol.webp\",\"contentUrl\":\"https:\/\/www.brickcontrol.com\/wp-content\/uploads\/2024\/04\/logo_brickcontrol.webp\",\"width\":823,\"height\":216,\"caption\":\"BrickControl\"},\"image\":{\"@id\":\"https:\/\/www.brickcontrol.com\/es\/#\/schema\/logo\/image\/\"}}]}<\/script>\n<!-- \/ Yoast SEO plugin. -->","yoast_head_json":{"title":"Pol\u00edtica de cookies - BrickControl","description":"Las Cookies\u00a0permiten a una p\u00e1gina web, entre otras cosas, almacenar y recuperar informaci\u00f3n sobre los h\u00e1bitos de navegaci\u00f3n de un usuario o de su equipo.","robots":{"index":"index","follow":"follow","max-snippet":"max-snippet:-1","max-image-preview":"max-image-preview:large","max-video-preview":"max-video-preview:-1"},"canonical":"https:\/\/www.brickcontrol.com\/es\/politica-de-cookies\/","og_locale":"es_ES","og_type":"article","og_title":"Pol\u00edtica de cookies - BrickControl","og_description":"Las Cookies\u00a0permiten a una p\u00e1gina web, entre otras cosas, almacenar y recuperar informaci\u00f3n sobre los h\u00e1bitos de navegaci\u00f3n de un usuario o de su equipo.","og_url":"https:\/\/www.brickcontrol.com\/es\/politica-de-cookies\/","og_site_name":"BrickControl","article_modified_time":"2023-07-14T15:12:24+00:00","twitter_card":"summary_large_image","twitter_misc":{"Tiempo de lectura":"4 minutos"},"schema":{"@context":"https:\/\/schema.org","@graph":[{"@type":"WebPage","@id":"https:\/\/www.brickcontrol.com\/es\/politica-de-cookies\/","url":"https:\/\/www.brickcontrol.com\/es\/politica-de-cookies\/","name":"Pol\u00edtica de cookies - BrickControl","isPartOf":{"@id":"https:\/\/www.brickcontrol.com\/es\/#website"},"datePublished":"2022-02-09T16:42:05+00:00","dateModified":"2023-07-14T15:12:24+00:00","description":"Las Cookies\u00a0permiten a una p\u00e1gina web, entre otras cosas, almacenar y recuperar informaci\u00f3n sobre los h\u00e1bitos de navegaci\u00f3n de un usuario o de su equipo.","breadcrumb":{"@id":"https:\/\/www.brickcontrol.com\/es\/politica-de-cookies\/#breadcrumb"},"inLanguage":"es","potentialAction":[{"@type":"ReadAction","target":["https:\/\/www.brickcontrol.com\/es\/politica-de-cookies\/"]}]},{"@type":"BreadcrumbList","@id":"https:\/\/www.brickcontrol.com\/es\/politica-de-cookies\/#breadcrumb","itemListElement":[{"@type":"ListItem","position":1,"name":"Home","item":"https:\/\/www.brickcontrol.com\/es\/"},{"@type":"ListItem","position":2,"name":"Pol\u00edtica de cookies"}]},{"@type":"WebSite","@id":"https:\/\/www.brickcontrol.com\/es\/#website","url":"https:\/\/www.brickcontrol.com\/es\/","name":"BrickControl","description":"BrickControl","publisher":{"@id":"https:\/\/www.brickcontrol.com\/es\/#organization"},"potentialAction":[{"@type":"SearchAction","target":{"@type":"EntryPoint","urlTemplate":"https:\/\/www.brickcontrol.com\/es\/?s={search_term_string}"},"query-input":{"@type":"PropertyValueSpecification","valueRequired":true,"valueName":"search_term_string"}}],"inLanguage":"es"},{"@type":"Organization","@id":"https:\/\/www.brickcontrol.com\/es\/#organization","name":"BrickControl","url":"https:\/\/www.brickcontrol.com\/es\/","logo":{"@type":"ImageObject","inLanguage":"es","@id":"https:\/\/www.brickcontrol.com\/es\/#\/schema\/logo\/image\/","url":"https:\/\/www.brickcontrol.com\/wp-content\/uploads\/2024\/04\/logo_brickcontrol.webp","contentUrl":"https:\/\/www.brickcontrol.com\/wp-content\/uploads\/2024\/04\/logo_brickcontrol.webp","width":823,"height":216,"caption":"BrickControl"},"image":{"@id":"https:\/\/www.brickcontrol.com\/es\/#\/schema\/logo\/image\/"}}]}},"uagb_featured_image_src":{"full":false,"thumbnail":false,"medium":false,"medium_large":false,"large":false,"gs-tiny":false,"xl":false,"xxl":false,"xxxl":false,"xxxxl":false,"xxxxxl":false,"1536x1536":false,"2048x2048":false},"uagb_author_info":{"display_name":"sistemas","author_link":"https:\/\/www.brickcontrol.com\/es\/blog\/author\/sistemas\/"},"uagb_comment_info":0,"uagb_excerpt":"Pol\u00edtica de Cookies Las Cookies&nbsp;permiten a una p\u00e1gina web, entre otras cosas, almacenar y recuperar ... Leer m\u00e1s","_links":{"self":[{"href":"https:\/\/www.brickcontrol.com\/es\/wp-json\/wp\/v2\/pages\/5188","targetHints":{"allow":["GET"]}}],"collection":[{"href":"https:\/\/www.brickcontrol.com\/es\/wp-json\/wp\/v2\/pages"}],"about":[{"href":"https:\/\/www.brickcontrol.com\/es\/wp-json\/wp\/v2\/types\/page"}],"author":[{"embeddable":true,"href":"https:\/\/www.brickcontrol.com\/es\/wp-json\/wp\/v2\/users\/3"}],"replies":[{"embeddable":true,"href":"https:\/\/www.brickcontrol.com\/es\/wp-json\/wp\/v2\/comments?post=5188"}],"version-history":[{"count":7,"href":"https:\/\/www.brickcontrol.com\/es\/wp-json\/wp\/v2\/pages\/5188\/revisions"}],"predecessor-version":[{"id":44532,"href":"https:\/\/www.brickcontrol.com\/es\/wp-json\/wp\/v2\/pages\/5188\/revisions\/44532"}],"wp:attachment":[{"href":"https:\/\/www.brickcontrol.com\/es\/wp-json\/wp\/v2\/media?parent=5188"}],"curies":[{"name":"wp","href":"https:\/\/api.w.org\/{rel}","templated":true}]}}